{"id":69462,"date":"2024-01-10T11:14:38","date_gmt":"2024-01-10T10:14:38","guid":{"rendered":"http:\/\/martehelgetun.no\/?post_type=product&#038;p=69462"},"modified":"2025-06-10T13:38:17","modified_gmt":"2025-06-10T11:38:17","slug":"happyholiday-baggy-lue","status":"publish","type":"product","link":"https:\/\/martehelgetun.no\/en\/produkt\/happyholiday-baggy-lue\/","title":{"rendered":"HappyHoliday Baggy Lue"},"content":{"rendered":"<p><strong>ST\u00d8RRELSER OG M\u00c5L<\/strong><br \/>\nSt\u00f8rrelse: En st\u00f8rrelse voksen<br \/>\nH\u00f8yde: 29 cm inkludert I-cordkanten<\/p>\n<p>&nbsp;<\/p>\n<p><strong>GARN OG GARNFORBRUK<br \/>\n<\/strong>Lunt og Lett by Marte Helgetun<br \/>\n2 n\u00f8ster Lunt nr. 01 Kitt<br \/>\n1 n\u00f8ste Lett nr. 01 Kitt<\/p>\n<p>&nbsp;<\/p>\n<p><strong>TILBEH\u00d8R<\/strong><br \/>\n1 skinntagg<\/p>\n<p>&nbsp;<\/p>\n<p><strong>PINNER OG STRIKKEFASTHET<\/strong><br \/>\n100 cm lang rundpinne nr. 4 (Bruker du rundpinner med utskiftbare tupper,<br \/>\nanbefaler vi \u00e5 bruke en tupp nr. 4 og en tupp nr. 3)<br \/>\nOm du ikke \u00f8nsker \u00e5 benytte magic loop-teknikken etter \u00f8kningene p\u00e5 toppen av lua, kan du bruke en liten rundpinne 40 cm nr. 4, f\u00f8r du bytter til liten rundpinne 40 cm nr. 3 p\u00e5 glattstrikkpartiet og I-cordkanten.<br \/>\n22 masker strukturstrikk med en tr\u00e5d av hver garnkvalitet p\u00e5 pinne nr. 4 = 10 cm<\/p>\n","protected":false},"excerpt":{"rendered":"<p>Dette er en baggy lue som hovedsakelig best\u00e5r av en spennende, skr\u00e5stilt struktur. En enkel, glattstrikket avslutning gj\u00f8r at den sitter godt ved pannen. Den nydelige kombinasjonen av garnkvalitetene Lunt og Lett, samt en dekorativ skinnlapp, gir luen et delikat uttrykk. En bonus er at luen matcher dine fremtidige Happy Holiday-plagg om disse ikke allerede er i garderoben din.<\/p>\n<p>&nbsp;<\/p>\n<p>&nbsp;<\/p>\n<p><strong>Norsk og Engelsk oppskrift.<\/strong> Du f\u00e5r tilgang til alle spr\u00e5k som pdf fil ved kj\u00f8p.<\/p>\n","protected":false},"featured_media":69489,"template":"","meta":{"_acf_changed":false,"_relevanssi_hide_post":"","_relevanssi_hide_content":"","_relevanssi_pin_for_all":"","_relevanssi_pin_keywords":"","_relevanssi_unpin_keywords":"","_relevanssi_related_keywords":"","_relevanssi_related_include_ids":"","_relevanssi_related_exclude_ids":"","_relevanssi_related_no_append":"","_relevanssi_related_not_related":"","_relevanssi_related_posts":"","_relevanssi_noindex_reason":""},"product_cat":[60,401],"product_tag":[216,128,214,215,37,171,33,134,136],"class_list":{"0":"post-69462","1":"product","2":"type-product","3":"status-publish","4":"has-post-thumbnail","6":"product_cat-strikkeoppskrifter","7":"product_cat-lue-panneband","8":"product_tag-baggy-lue","9":"product_tag-design-by-marte-helgetun","10":"product_tag-happyholiday","11":"product_tag-happyholiday-lue","12":"product_tag-lett","13":"product_tag-lue","14":"product_tag-lunt","15":"product_tag-marte-helgetun","16":"product_tag-strikkeoppskrift","18":"first","19":"instock","20":"downloadable","21":"taxable","22":"shipping-taxable","23":"purchasable","24":"product-type-mht_bundle"},"acf":[],"_links":{"self":[{"href":"https:\/\/martehelgetun.no\/en\/wp-json\/wp\/v2\/product\/69462","targetHints":{"allow":["GET"]}}],"collection":[{"href":"https:\/\/martehelgetun.no\/en\/wp-json\/wp\/v2\/product"}],"about":[{"href":"https:\/\/martehelgetun.no\/en\/wp-json\/wp\/v2\/types\/product"}],"wp:featuredmedia":[{"embeddable":true,"href":"https:\/\/martehelgetun.no\/en\/wp-json\/wp\/v2\/media\/69489"}],"wp:attachment":[{"href":"https:\/\/martehelgetun.no\/en\/wp-json\/wp\/v2\/media?parent=69462"}],"wp:term":[{"taxonomy":"product_cat","embeddable":true,"href":"https:\/\/martehelgetun.no\/en\/wp-json\/wp\/v2\/product_cat?post=69462"},{"taxonomy":"product_tag","embeddable":true,"href":"https:\/\/martehelgetun.no\/en\/wp-json\/wp\/v2\/product_tag?post=69462"}],"curies":[{"name":"wp","href":"https:\/\/api.w.org\/{rel}","templated":true}]}}