{"id":69427,"date":"2024-01-10T10:48:30","date_gmt":"2024-01-10T09:48:30","guid":{"rendered":"http:\/\/martehelgetun.no\/?post_type=product&#038;p=69427"},"modified":"2025-06-10T13:24:47","modified_gmt":"2025-06-10T11:24:47","slug":"skifergenser","status":"publish","type":"product","link":"https:\/\/martehelgetun.no\/en\/product\/skifergenser\/","title":{"rendered":"Skifergenser"},"content":{"rendered":"<p><strong>ST\u00d8RRELSER OG M\u00c5L<br \/>\n<\/strong>St\u00f8rrelser: (XS) S (M) L (XL) XXL<br \/>\nOvervidde: (92) 95 (103) 110 (122) 133 cm<br \/>\nHel lengde: (56) 60 (64) 68 (72) 76 cm<br \/>\nErmelengde: (40) 41 (42) 43 (44) 45 cm<\/p>\n<p>&nbsp;<\/p>\n<p><strong>GARN OG GARNFORBRUK<br \/>\n<\/strong>Luftig + Lett by Marte Helgetun<br \/>\n(3) 4 (4) 4 (5) 5 n\u00f8ster Luftig nr. 16\u00a0Svart<br \/>\n(3) 4 (4) 4 (5) 5 n\u00f8ster Lett nr. 6 Skifer<br \/>\nHele genseren strikkes med en tr\u00e5d av hver kvalitet.<\/p>\n<p>&nbsp;<\/p>\n<p><strong>PINNER OG STRIKKEFASTHET<br \/>\n<\/strong>80 og 40 cm rundpinne nr. 5 og 6 og settpinner nr. 5<br \/>\n17 masker glattstrikk med en tr\u00e5d av hver kvalitet p\u00e5 pinne nr. 6 = 10 cm i bredden<\/p>\n","protected":false},"excerpt":{"rendered":"<p>Skifergenseren er en helt klassisk genser som passer til det meste, og denne er den jeg tar p\u00e5 meg n\u00e5r jeg trenger skikkelig komfort. Kombinasjonen Luftig i Svart + Lett i fargen Skifer er en av mine absolutte favoritter. Den blir ogs\u00e5 kalt Marte-svart av flere som kjenner meg godt, og er en farge jeg trives veldig godt i.\u00a0Genseren strikkes ovenfra og ned med en tr\u00e5d av hver kvalitet.<\/p>\n<p>&nbsp;<\/p>\n<p>&nbsp;<\/p>\n<p><strong>Norsk og Engelsk oppskrift.<\/strong> Du f\u00e5r tilgang til alle spr\u00e5k som pdf fil ved kj\u00f8p.<\/p>\n","protected":false},"featured_media":69436,"template":"","meta":{"_acf_changed":false,"_relevanssi_hide_post":"","_relevanssi_hide_content":"","_relevanssi_pin_for_all":"","_relevanssi_pin_keywords":"","_relevanssi_unpin_keywords":"","_relevanssi_related_keywords":"","_relevanssi_related_include_ids":"","_relevanssi_related_exclude_ids":"","_relevanssi_related_no_append":"","_relevanssi_related_not_related":"","_relevanssi_related_posts":"","_relevanssi_noindex_reason":""},"product_brand":[],"product_cat":[76,60],"product_tag":[128,77,37,36,134,212,136],"class_list":{"0":"post-69427","1":"product","2":"type-product","3":"status-publish","4":"has-post-thumbnail","6":"product_cat-genser","7":"product_cat-strikkeoppskrifter","8":"product_tag-design-by-marte-helgetun","9":"product_tag-genser","10":"product_tag-lett","11":"product_tag-luftig","12":"product_tag-marte-helgetun","13":"product_tag-skifergenser","14":"product_tag-strikkeoppskrift","16":"first","17":"instock","18":"downloadable","19":"taxable","20":"shipping-taxable","21":"purchasable","22":"product-type-mht_bundle"},"acf":[],"_links":{"self":[{"href":"https:\/\/martehelgetun.no\/en\/wp-json\/wp\/v2\/product\/69427","targetHints":{"allow":["GET"]}}],"collection":[{"href":"https:\/\/martehelgetun.no\/en\/wp-json\/wp\/v2\/product"}],"about":[{"href":"https:\/\/martehelgetun.no\/en\/wp-json\/wp\/v2\/types\/product"}],"wp:featuredmedia":[{"embeddable":true,"href":"https:\/\/martehelgetun.no\/en\/wp-json\/wp\/v2\/media\/69436"}],"wp:attachment":[{"href":"https:\/\/martehelgetun.no\/en\/wp-json\/wp\/v2\/media?parent=69427"}],"wp:term":[{"taxonomy":"product_brand","embeddable":true,"href":"https:\/\/martehelgetun.no\/en\/wp-json\/wp\/v2\/product_brand?post=69427"},{"taxonomy":"product_cat","embeddable":true,"href":"https:\/\/martehelgetun.no\/en\/wp-json\/wp\/v2\/product_cat?post=69427"},{"taxonomy":"product_tag","embeddable":true,"href":"https:\/\/martehelgetun.no\/en\/wp-json\/wp\/v2\/product_tag?post=69427"}],"curies":[{"name":"wp","href":"https:\/\/api.w.org\/{rel}","templated":true}]}}