{"id":69398,"date":"2024-01-10T10:39:17","date_gmt":"2024-01-10T09:39:17","guid":{"rendered":"http:\/\/martehelgetun.no\/?post_type=product&#038;p=69398"},"modified":"2025-06-10T13:29:09","modified_gmt":"2025-06-10T11:29:09","slug":"fin-pa-farten-cardigan","status":"publish","type":"product","link":"https:\/\/martehelgetun.no\/en\/produkt\/fin-pa-farten-cardigan\/","title":{"rendered":"Fin p\u00e5 farten Cardigan"},"content":{"rendered":"<p><strong>ST\u00d8RRELSER OG M\u00c5L<\/strong><br \/>\nSt\u00f8rrelser: (XS) S (M) L (XL) XXL<br \/>\nOvervidde: (90) 100 (109) 118 (128) 138 cm<br \/>\nHel lengde: (48) 50 (52) 54 (56) 58 cm<br \/>\nErmlengde: (37) 39 (41) 43 (45) 47 cm<\/p>\n<p>&nbsp;<\/p>\n<p><strong>GARN OG GARNFORBRUK<\/strong><br \/>\nLuftig + Lett by Marte Helgetun<br \/>\n(3) 4 (4) 5 (5) 6 n\u00f8ster Luftig nr. 02 Lysegr\u00e5<br \/>\n(3) 4 (4) 5 (5) 6 n\u00f8ster Lett nr. 01 Kitt<br \/>\nHele jakken strikkes med en tr\u00e5d av hver kvalitet<\/p>\n<p>&nbsp;<\/p>\n<p><strong>TILBEH\u00d8R<br \/>\n<\/strong>7 kokosknapper, ca. 18 mm i diameter<strong><br \/>\n<\/strong><\/p>\n<p>&nbsp;<\/p>\n<p><strong>PINNER OG STRIKKEFASTHET<\/strong><br \/>\n80 og 40 cm rundpinne nr. 4 og 6<br \/>\nog settpinner nr. 4 og 6 til ermene hvis du ikke strikker magic loop<br \/>\n17 masker glattstrikk p\u00e5 pinne nr. 6 = 10 cm i bredden<\/p>\n<p>&nbsp;<\/p>\n<p>&nbsp;<\/p>\n","protected":false},"excerpt":{"rendered":"<p>En lett og luftig cardigan (ogs\u00e5 kjent som v\u00e5rcardigan) strikket i den fantastiske garnkombinasjonen Luftig + Lett by Marte Helgetun. Dette er en cardigan som er akkurat passe n\u00e5r temperaturen kryper opp og ned og du trenger \u00e5 kle deg for alle \u00e5rstider p\u00e5 en gang.<\/p>\n<p>Jakken strikkes fram og tilbake fra halsen og ned med en tr\u00e5d av hver kvalitet.<\/p>\n<p>&nbsp;<\/p>\n<p>&nbsp;<\/p>\n<p><strong>Norsk og Engelsk oppskrift.<\/strong> Du f\u00e5r tilgang til alle spr\u00e5k som pdf fil ved kj\u00f8p.<\/p>\n","protected":false},"featured_media":69421,"template":"","meta":{"_acf_changed":false,"_relevanssi_hide_post":"","_relevanssi_hide_content":"","_relevanssi_pin_for_all":"","_relevanssi_pin_keywords":"","_relevanssi_unpin_keywords":"","_relevanssi_related_keywords":"","_relevanssi_related_include_ids":"","_relevanssi_related_exclude_ids":"","_relevanssi_related_no_append":"","_relevanssi_related_not_related":"","_relevanssi_related_posts":"","_relevanssi_noindex_reason":""},"product_cat":[60,208],"product_tag":[128,200,209,210,211,37,36,134,136],"class_list":{"0":"post-69398","1":"product","2":"type-product","3":"status-publish","4":"has-post-thumbnail","6":"product_cat-strikkeoppskrifter","7":"product_cat-jakke","8":"product_tag-design-by-marte-helgetun","9":"product_tag-fin-pa-farten","10":"product_tag-fin-pa-farten-cardigan","11":"product_tag-fin-pa-farten-jakke","12":"product_tag-jakke","13":"product_tag-lett","14":"product_tag-luftig","15":"product_tag-marte-helgetun","16":"product_tag-strikkeoppskrift","18":"first","19":"instock","20":"downloadable","21":"taxable","22":"shipping-taxable","23":"purchasable","24":"product-type-mht_bundle"},"acf":[],"_links":{"self":[{"href":"https:\/\/martehelgetun.no\/en\/wp-json\/wp\/v2\/product\/69398","targetHints":{"allow":["GET"]}}],"collection":[{"href":"https:\/\/martehelgetun.no\/en\/wp-json\/wp\/v2\/product"}],"about":[{"href":"https:\/\/martehelgetun.no\/en\/wp-json\/wp\/v2\/types\/product"}],"wp:featuredmedia":[{"embeddable":true,"href":"https:\/\/martehelgetun.no\/en\/wp-json\/wp\/v2\/media\/69421"}],"wp:attachment":[{"href":"https:\/\/martehelgetun.no\/en\/wp-json\/wp\/v2\/media?parent=69398"}],"wp:term":[{"taxonomy":"product_cat","embeddable":true,"href":"https:\/\/martehelgetun.no\/en\/wp-json\/wp\/v2\/product_cat?post=69398"},{"taxonomy":"product_tag","embeddable":true,"href":"https:\/\/martehelgetun.no\/en\/wp-json\/wp\/v2\/product_tag?post=69398"}],"curies":[{"name":"wp","href":"https:\/\/api.w.org\/{rel}","templated":true}]}}