{"id":69364,"date":"2024-01-10T08:03:01","date_gmt":"2024-01-10T07:03:01","guid":{"rendered":"http:\/\/martehelgetun.no\/?post_type=product&#038;p=69364"},"modified":"2026-04-22T15:39:40","modified_gmt":"2026-04-22T13:39:40","slug":"passer-alltid-kjole","status":"publish","type":"product","link":"https:\/\/martehelgetun.no\/en\/product\/passer-alltid-kjole\/","title":{"rendered":"Passer Alltid Kjole"},"content":{"rendered":"<p><strong>ST\u00d8RRELSER OG M\u00c5L<\/strong><br \/>\nSt\u00f8rrelser: (XS) S (M) L (XL) XXL<br \/>\nOvervidde: (96) 101 (107) 113 (118) 124 cm<br \/>\nHel lengde: (85) 88 (91) 94 (97) 100 cm (m\u00e5lt midt bak)<br \/>\nErmelengde: (41) 42 (43) 44 (45) 46 cm<\/p>\n<p>&nbsp;<\/p>\n<p><strong>GARN OG GARNFORBRUK<\/strong><br \/>\nLuftig + Lett by Marte Helgetun<br \/>\n(5) 6 (6) 7 (7) 8 n\u00f8ster Luftig nr. 16 Svart<br \/>\n(5) 6 (6) 7 (7) 8 n\u00f8ster Lett nr. 16 Svart<br \/>\nHele kjolen strikkes med en tr\u00e5d av hver kvalitet<\/p>\n<p>&nbsp;<\/p>\n<p><strong>PINNER OG STRIKKEFASTHET<\/strong><br \/>\n80 cm rundpinne nr. 6<br \/>\n40 cm rundpinne nr. 5<br \/>\n14 masker strukturstrikk med en tr\u00e5d av hver kvalitet p\u00e5 pinne nr. 6 = 10 cm i bredden<\/p>\n","protected":false},"excerpt":{"rendered":"<p>Noen plagg kan du bruke nesten til alt. Denne kjolen er like fin b\u00e5de til finsko og sneakers.<br \/>\nStrukturen minner om patent, men er enda enklere \u00e5 strikke. Kjolen strikkes frem og tilbake og syes sammen i sidene.<\/p>\n<p>&nbsp;<\/p>\n<p><strong>Norsk og Engelsk oppskrift.<\/strong> Du f\u00e5r tilgang til alle spr\u00e5k som pdf fil ved kj\u00f8p.<\/p>\n<hr \/>\n<p data-start=\"0\" data-end=\"122\">Some pieces are endlessly versatile, and this dress is one of them \u2013 just as stylish with dress shoes as with sneakers.<\/p>\n<p data-start=\"124\" data-end=\"248\">The texture resembles brioche but is even easier to knit. The dress is worked back and forth and then seamed at the sides.<\/p>\n<p data-start=\"250\" data-end=\"358\" data-is-last-node=\"\" data-is-only-node=\"\"><strong>Norwegian and English pattern included.<\/strong> You will receive access to all languages as PDF files upon purchase.<\/p>\n","protected":false},"featured_media":69373,"template":"","meta":{"_acf_changed":false,"_relevanssi_hide_post":"","_relevanssi_hide_content":"","_relevanssi_pin_for_all":"","_relevanssi_pin_keywords":"","_relevanssi_unpin_keywords":"","_relevanssi_related_keywords":"","_relevanssi_related_include_ids":"","_relevanssi_related_exclude_ids":"","_relevanssi_related_no_append":"","_relevanssi_related_not_related":"","_relevanssi_related_posts":"","_relevanssi_noindex_reason":""},"product_brand":[],"product_cat":[201,60],"product_tag":[128,206,37,36,134,205,204,136],"class_list":{"0":"post-69364","1":"product","2":"type-product","3":"status-publish","4":"has-post-thumbnail","6":"product_cat-kjoler-og-skjort","7":"product_cat-strikkeoppskrifter","8":"product_tag-design-by-marte-helgetun","9":"product_tag-kjole","10":"product_tag-lett","11":"product_tag-luftig","12":"product_tag-marte-helgetun","13":"product_tag-passer-alltid","14":"product_tag-passer-alltid-kjole","15":"product_tag-strikkeoppskrift","17":"first","18":"instock","19":"downloadable","20":"taxable","21":"shipping-taxable","22":"purchasable","23":"product-type-mht_bundle"},"acf":[],"_links":{"self":[{"href":"https:\/\/martehelgetun.no\/en\/wp-json\/wp\/v2\/product\/69364","targetHints":{"allow":["GET"]}}],"collection":[{"href":"https:\/\/martehelgetun.no\/en\/wp-json\/wp\/v2\/product"}],"about":[{"href":"https:\/\/martehelgetun.no\/en\/wp-json\/wp\/v2\/types\/product"}],"wp:featuredmedia":[{"embeddable":true,"href":"https:\/\/martehelgetun.no\/en\/wp-json\/wp\/v2\/media\/69373"}],"wp:attachment":[{"href":"https:\/\/martehelgetun.no\/en\/wp-json\/wp\/v2\/media?parent=69364"}],"wp:term":[{"taxonomy":"product_brand","embeddable":true,"href":"https:\/\/martehelgetun.no\/en\/wp-json\/wp\/v2\/product_brand?post=69364"},{"taxonomy":"product_cat","embeddable":true,"href":"https:\/\/martehelgetun.no\/en\/wp-json\/wp\/v2\/product_cat?post=69364"},{"taxonomy":"product_tag","embeddable":true,"href":"https:\/\/martehelgetun.no\/en\/wp-json\/wp\/v2\/product_tag?post=69364"}],"curies":[{"name":"wp","href":"https:\/\/api.w.org\/{rel}","templated":true}]}}