{"id":69337,"date":"2024-01-09T13:22:15","date_gmt":"2024-01-09T12:22:15","guid":{"rendered":"http:\/\/martehelgetun.no\/?post_type=product&#038;p=69337"},"modified":"2025-06-10T13:24:43","modified_gmt":"2025-06-10T11:24:43","slug":"fin-pa-farten-genser","status":"publish","type":"product","link":"https:\/\/martehelgetun.no\/en\/produkt\/fin-pa-farten-genser\/","title":{"rendered":"Fin p\u00e5 farten Genser"},"content":{"rendered":"<p><strong>ST\u00d8RRELSER OG M\u00c5L<\/strong><br \/>\nSt\u00f8rrelser: (XS) S (M) L (XL) XXL<br \/>\nOvervidde: (90) 100 (109) 118 (128) 138 cm<br \/>\nHel lengde: (48) 50 (52) 54 (56) 58 cm<br \/>\nErmlengde: (37) 39 (41) 43 (45) 47 cm<\/p>\n<p>&nbsp;<\/p>\n<p><strong>GARN OG GARNFORBRUK<\/strong><br \/>\nLuftig + Lett by Marte Helgetun<br \/>\n(3) 4 (4) 5 (5) 6 n\u00f8ster Luftig nr. 02 Lysegr\u00e5<br \/>\n(3) 4 (4) 5 (5) 6 n\u00f8ster Lett nr. 01 Kitt<br \/>\nHele genseren strikkes med en tr\u00e5d av hver kvalitet<\/p>\n<p>&nbsp;<\/p>\n<p><strong>PINNER OG STRIKKEFASTHET<\/strong><br \/>\n80 cm rundpinne nr. 4 og 6<br \/>\n40 cm rundpinne nr. 6<br \/>\nog settpinner nr. 4 og 6 til ermene hvis du ikke strikker magic loop<br \/>\n17 masker glattstrikk p\u00e5 pinne nr. 6 = 10 cm i bredden<\/p>\n","protected":false},"excerpt":{"rendered":"<p>En lett og luftig v-genser strikket i den fantastiske garnkombinasjonen Luftig + Lett by Marte Helgetun. Perfekt \u00e5 ta med seg i farten. Genseren strikkes fra halsen og ned med en tr\u00e5d av hver kvalitet.<\/p>\n<p>&nbsp;<\/p>\n<p>&nbsp;<\/p>\n<p><strong>Norsk og Engelsk oppskrift.<\/strong> Du f\u00e5r tilgang til alle spr\u00e5k som pdf fil ved kj\u00f8p.<\/p>\n","protected":false},"featured_media":69356,"template":"","meta":{"_acf_changed":false,"_relevanssi_hide_post":"","_relevanssi_hide_content":"","_relevanssi_pin_for_all":"","_relevanssi_pin_keywords":"","_relevanssi_unpin_keywords":"","_relevanssi_related_keywords":"","_relevanssi_related_include_ids":"","_relevanssi_related_exclude_ids":"","_relevanssi_related_no_append":"","_relevanssi_related_not_related":"","_relevanssi_related_posts":"","_relevanssi_noindex_reason":""},"product_cat":[60,76],"product_tag":[128,200,199,77,37,33,134,136],"class_list":{"0":"post-69337","1":"product","2":"type-product","3":"status-publish","4":"has-post-thumbnail","6":"product_cat-strikkeoppskrifter","7":"product_cat-genser","8":"product_tag-design-by-marte-helgetun","9":"product_tag-fin-pa-farten","10":"product_tag-fin-pa-farten-genser","11":"product_tag-genser","12":"product_tag-lett","13":"product_tag-lunt","14":"product_tag-marte-helgetun","15":"product_tag-strikkeoppskrift","17":"first","18":"instock","19":"downloadable","20":"taxable","21":"shipping-taxable","22":"purchasable","23":"product-type-mht_bundle"},"acf":[],"_links":{"self":[{"href":"https:\/\/martehelgetun.no\/en\/wp-json\/wp\/v2\/product\/69337","targetHints":{"allow":["GET"]}}],"collection":[{"href":"https:\/\/martehelgetun.no\/en\/wp-json\/wp\/v2\/product"}],"about":[{"href":"https:\/\/martehelgetun.no\/en\/wp-json\/wp\/v2\/types\/product"}],"wp:featuredmedia":[{"embeddable":true,"href":"https:\/\/martehelgetun.no\/en\/wp-json\/wp\/v2\/media\/69356"}],"wp:attachment":[{"href":"https:\/\/martehelgetun.no\/en\/wp-json\/wp\/v2\/media?parent=69337"}],"wp:term":[{"taxonomy":"product_cat","embeddable":true,"href":"https:\/\/martehelgetun.no\/en\/wp-json\/wp\/v2\/product_cat?post=69337"},{"taxonomy":"product_tag","embeddable":true,"href":"https:\/\/martehelgetun.no\/en\/wp-json\/wp\/v2\/product_tag?post=69337"}],"curies":[{"name":"wp","href":"https:\/\/api.w.org\/{rel}","templated":true}]}}