{"id":69310,"date":"2024-01-09T13:07:51","date_gmt":"2024-01-09T12:07:51","guid":{"rendered":"http:\/\/martehelgetun.no\/?post_type=product&#038;p=69310"},"modified":"2025-06-10T13:24:40","modified_gmt":"2025-06-10T11:24:40","slug":"pa-rett-spor-genser","status":"publish","type":"product","link":"https:\/\/martehelgetun.no\/en\/produkt\/pa-rett-spor-genser\/","title":{"rendered":"P\u00e5 rett spor Genser"},"content":{"rendered":"<p><strong>ST\u00d8RRELSER OG M\u00c5L<\/strong><br \/>\nSt\u00f8rrelser: (XS) S (M) L (XL) XXL<br \/>\nOvervidde: (88) 98 (108) 118 (128) 138 cm<br \/>\nHel lengde: (48) 50 (52) 54 (56) 58 cm<br \/>\nM\u00e5lt fra oppleggskanten bak i nakken<br \/>\nErmer: (45) 46 (47) 48 (49) 50 cm<\/p>\n<p>&nbsp;<\/p>\n<p><strong>GARN OG GARNFORBRUK<\/strong><br \/>\nLunt + Lett by Marte Helgetun<br \/>\n(5) 6 (7) 8 (9) 10 n\u00f8ster Lunt nr. 02 Lysegr\u00e5 melert<br \/>\n(5) 5 (6) 7 (8) 9 n\u00f8ster Lett nr. 01 Kitt<\/p>\n<p>&nbsp;<\/p>\n<p><strong>PINNER OG STRIKKEFASTHET<\/strong><br \/>\n80 og 40 cm rundpinne nr. 4 og 4,5<br \/>\nSettpinner nr. 4 og 4,5 dersom du ikke bruker magic loop<br \/>\n21 masker glattstrikk p\u00e5 pinne nr. 4,5 = 10 cm i bredden<\/p>\n","protected":false},"excerpt":{"rendered":"<p>Denne genseren er g\u00f8y \u00e5 strikke. Du starter med noen masker bak i nakken og strikker deg nedover. Slik kan du enkelt pr\u00f8ve p\u00e5 og tilpasse lengden p\u00e5 ermer og bol slik at den blir akkurat slik du \u00f8nsker den.<\/p>\n<p>&nbsp;<\/p>\n<p>&nbsp;<\/p>\n<p><strong>Norsk og Engelsk oppskrift.<\/strong> Du f\u00e5r tilgang til alle spr\u00e5k som pdf fil ved kj\u00f8p.<\/p>\n","protected":false},"featured_media":69333,"template":"","meta":{"_acf_changed":false,"_relevanssi_hide_post":"","_relevanssi_hide_content":"","_relevanssi_pin_for_all":"","_relevanssi_pin_keywords":"","_relevanssi_unpin_keywords":"","_relevanssi_related_keywords":"","_relevanssi_related_include_ids":"","_relevanssi_related_exclude_ids":"","_relevanssi_related_no_append":"","_relevanssi_related_not_related":"","_relevanssi_related_posts":"","_relevanssi_noindex_reason":""},"product_cat":[60,76],"product_tag":[128,77,198,37,33,134,197,136],"acf":[],"_links":{"self":[{"href":"https:\/\/martehelgetun.no\/en\/wp-json\/wp\/v2\/product\/69310"}],"collection":[{"href":"https:\/\/martehelgetun.no\/en\/wp-json\/wp\/v2\/product"}],"about":[{"href":"https:\/\/martehelgetun.no\/en\/wp-json\/wp\/v2\/types\/product"}],"wp:featuredmedia":[{"embeddable":true,"href":"https:\/\/martehelgetun.no\/en\/wp-json\/wp\/v2\/media\/69333"}],"wp:attachment":[{"href":"https:\/\/martehelgetun.no\/en\/wp-json\/wp\/v2\/media?parent=69310"}],"wp:term":[{"taxonomy":"product_cat","embeddable":true,"href":"https:\/\/martehelgetun.no\/en\/wp-json\/wp\/v2\/product_cat?post=69310"},{"taxonomy":"product_tag","embeddable":true,"href":"https:\/\/martehelgetun.no\/en\/wp-json\/wp\/v2\/product_tag?post=69310"}],"curies":[{"name":"wp","href":"https:\/\/api.w.org\/{rel}","templated":true}]}}