{"id":69286,"date":"2024-01-09T11:53:32","date_gmt":"2024-01-09T10:53:32","guid":{"rendered":"http:\/\/martehelgetun.no\/?post_type=product&#038;p=69286"},"modified":"2026-04-09T11:03:54","modified_gmt":"2026-04-09T09:03:54","slug":"vinterskjerf-lux-gradert","status":"publish","type":"product","link":"https:\/\/martehelgetun.no\/en\/produkt\/vinterskjerf-lux-gradert\/","title":{"rendered":"Vinterskjerf Lux gradert"},"content":{"rendered":"<p class=\"p1\"><strong>ST\u00d8RRELSER OG M\u00c5L<\/strong><br \/>\nSt\u00f8rrelser: en st\u00f8rrelse<br \/>\nLengde: ca. 2 meter<br \/>\nVidde: ca. 25 cm<\/p>\n<p>&nbsp;<\/p>\n<p><strong>GARN OG GARNFORBRUK<\/strong><br \/>\nGradert skjerf:<br \/>\nLunt Fargespill + Lett by Marte Helgetun<br \/>\n1 n\u00f8ste Lunt Fargespill nr.13 Himmelbl\u00e5<br \/>\n3 n\u00f8ster Lett nr. 07 Lys skifer<\/p>\n<p>&nbsp;<\/p>\n<p><strong>PINNER OG STRIKKEFASTHET<\/strong><br \/>\nEn rundpinne nr. 5<br \/>\n15 masker patentstrikk med en tr\u00e5d av hver kvalitet p\u00e5 pinne nr. 5 = 10 cm<\/p>\n","protected":false},"excerpt":{"rendered":"<p>Skjerf kan man etter min mening aldri ha nok av. Dette er et perfekt begynnerprosjekt om du ikke har strikket patentstrikk f\u00f8r og vil pr\u00f8ve deg. De nydelige fargeforl\u00f8pningene\u00a0i garnet gj\u00f8r at det er vanskelig \u00e5 legge fra seg strikket\u00f8yet.\u00a0Skjerfet er strikket med en tynn mohairtr\u00e5d sammen med et Lunt Fargespilln\u00f8ste.\u00a0Du kan ogs\u00e5 velge tre ulike farger Lunt sammen med tilsvarende farger i Lett.\u00a0(Begge variantene finnes i samme oppskrift)<\/p>\n<p>&nbsp;<\/p>\n<p>&nbsp;<\/p>\n<p><strong>Norsk og Engelsk oppskrift.<\/strong> Du f\u00e5r tilgang til alle spr\u00e5k som pdf fil ved kj\u00f8p.<\/p>\n","protected":false},"featured_media":69297,"template":"","meta":{"_acf_changed":false,"_relevanssi_hide_post":"","_relevanssi_hide_content":"","_relevanssi_pin_for_all":"","_relevanssi_pin_keywords":"","_relevanssi_unpin_keywords":"","_relevanssi_related_keywords":"","_relevanssi_related_include_ids":"","_relevanssi_related_exclude_ids":"","_relevanssi_related_no_append":"","_relevanssi_related_not_related":"","_relevanssi_related_posts":"","_relevanssi_noindex_reason":""},"product_cat":[60,86,81],"product_tag":[128,37,28,134,196,194,136,195],"class_list":{"0":"post-69286","1":"product","2":"type-product","3":"status-publish","4":"has-post-thumbnail","6":"product_cat-strikkeoppskrifter","7":"product_cat-fargespill","8":"product_cat-skjerf-sjal-hals","9":"product_tag-design-by-marte-helgetun","10":"product_tag-lett","11":"product_tag-lunt-fargespill","12":"product_tag-marte-helgetun","13":"product_tag-patentstrikket-skjerf","14":"product_tag-skjerf","15":"product_tag-strikkeoppskrift","16":"product_tag-vinterskjerf-lux","18":"first","19":"instock","20":"downloadable","21":"taxable","22":"shipping-taxable","23":"purchasable","24":"product-type-mht_bundle"},"acf":[],"_links":{"self":[{"href":"https:\/\/martehelgetun.no\/en\/wp-json\/wp\/v2\/product\/69286","targetHints":{"allow":["GET"]}}],"collection":[{"href":"https:\/\/martehelgetun.no\/en\/wp-json\/wp\/v2\/product"}],"about":[{"href":"https:\/\/martehelgetun.no\/en\/wp-json\/wp\/v2\/types\/product"}],"wp:featuredmedia":[{"embeddable":true,"href":"https:\/\/martehelgetun.no\/en\/wp-json\/wp\/v2\/media\/69297"}],"wp:attachment":[{"href":"https:\/\/martehelgetun.no\/en\/wp-json\/wp\/v2\/media?parent=69286"}],"wp:term":[{"taxonomy":"product_cat","embeddable":true,"href":"https:\/\/martehelgetun.no\/en\/wp-json\/wp\/v2\/product_cat?post=69286"},{"taxonomy":"product_tag","embeddable":true,"href":"https:\/\/martehelgetun.no\/en\/wp-json\/wp\/v2\/product_tag?post=69286"}],"curies":[{"name":"wp","href":"https:\/\/api.w.org\/{rel}","templated":true}]}}