{"id":69263,"date":"2024-01-09T11:26:57","date_gmt":"2024-01-09T10:26:57","guid":{"rendered":"http:\/\/martehelgetun.no\/?post_type=product&#038;p=69263"},"modified":"2026-04-09T10:46:27","modified_gmt":"2026-04-09T08:46:27","slug":"cool-classic-lue","status":"publish","type":"product","link":"https:\/\/martehelgetun.no\/en\/produkt\/cool-classic-lue\/","title":{"rendered":"Cool Classic Lue"},"content":{"rendered":"<p><strong>ST\u00d8RRELSER OG M\u00c5L<br \/>\n<\/strong>St\u00f8rrelser: barn (voksen)<\/p>\n<p>&nbsp;<\/p>\n<p><strong>GARN OG GARNFORBRUK<\/strong><br \/>\nLuftig + Lett by Marte Helgetun<br \/>\n2 n\u00f8ster Luftig nr. 06 Skifer<br \/>\n2 n\u00f8ster Lett nr. 06 Skifer<\/p>\n<p><strong><br \/>\nPINNER OG STRIKKEFASTHET<br \/>\n<\/strong>40 cm rundpinne nr. 5,5 og pinne 5 p\u00e5 den ribbestrikkede luen<br \/>\n20 masker glattstrikk p\u00e5 pinne nr. 5,5 = 10 cm i bredden<\/p>\n","protected":false},"excerpt":{"rendered":"<p>For \u00e5 v\u00e6re helt \u00e6rlig s\u00e5 passer ikke jeg spesielt godt i lue. Noen av oss er bare slik. Men denne luen syns jeg ikke ble s\u00e5 dum. Det beste er at den er superenkel \u00e5 strikke og har ingen kompliserte fellinger.\u00a0Helt supre til nybegynnere. Du bruker ikke opp to n\u00f8ster av hver kvalitet p\u00e5 en lue s\u00e5 hvis du tar med tre n\u00f8ster av hver s\u00e5 har du til to luer &#8230;<\/p>\n<p>&nbsp;<\/p>\n<p>&nbsp;<\/p>\n<p><strong>Norsk og Engelsk oppskrift.<\/strong> Du f\u00e5r tilgang til alle spr\u00e5k som pdf fil ved kj\u00f8p.<\/p>\n<hr \/>\n<p data-start=\"96\" data-end=\"261\">To be completely honest, I\u2019m not someone who looks particularly good in hats. Some of us are just like that. But this hat didn\u2019t turn out too bad, if I may say so. The best part is that it\u2019s super easy to knit and has no complicated decreases \u2014 absolutely perfect for beginners.<\/p>\n<p data-start=\"381\" data-end=\"519\">You won\u2019t use up two full skeins of each yarn for one hat, so if you bring three skeins of each quality, you\u2019ll have enough for two hats \u2026<\/p>\n<p data-start=\"521\" data-end=\"629\"><strong>Norwegian and English pattern.<\/strong> You will receive access to both language versions as PDF files upon purchase.<\/p>\n<p>&nbsp;<\/p>\n<p>&nbsp;<\/p>\n","protected":false},"featured_media":101342,"template":"","meta":{"_acf_changed":false,"_relevanssi_hide_post":"","_relevanssi_hide_content":"","_relevanssi_pin_for_all":"","_relevanssi_pin_keywords":"","_relevanssi_unpin_keywords":"","_relevanssi_related_keywords":"","_relevanssi_related_include_ids":"","_relevanssi_related_exclude_ids":"","_relevanssi_related_no_append":"","_relevanssi_related_not_related":"","_relevanssi_related_posts":"","_relevanssi_noindex_reason":""},"product_cat":[60,401],"product_tag":[],"class_list":{"0":"post-69263","1":"product","2":"type-product","3":"status-publish","4":"has-post-thumbnail","6":"product_cat-strikkeoppskrifter","7":"product_cat-lue-panneband","9":"first","10":"instock","11":"downloadable","12":"taxable","13":"shipping-taxable","14":"purchasable","15":"product-type-mht_bundle"},"acf":[],"_links":{"self":[{"href":"https:\/\/martehelgetun.no\/en\/wp-json\/wp\/v2\/product\/69263","targetHints":{"allow":["GET"]}}],"collection":[{"href":"https:\/\/martehelgetun.no\/en\/wp-json\/wp\/v2\/product"}],"about":[{"href":"https:\/\/martehelgetun.no\/en\/wp-json\/wp\/v2\/types\/product"}],"wp:featuredmedia":[{"embeddable":true,"href":"https:\/\/martehelgetun.no\/en\/wp-json\/wp\/v2\/media\/101342"}],"wp:attachment":[{"href":"https:\/\/martehelgetun.no\/en\/wp-json\/wp\/v2\/media?parent=69263"}],"wp:term":[{"taxonomy":"product_cat","embeddable":true,"href":"https:\/\/martehelgetun.no\/en\/wp-json\/wp\/v2\/product_cat?post=69263"},{"taxonomy":"product_tag","embeddable":true,"href":"https:\/\/martehelgetun.no\/en\/wp-json\/wp\/v2\/product_tag?post=69263"}],"curies":[{"name":"wp","href":"https:\/\/api.w.org\/{rel}","templated":true}]}}