{"id":69260,"date":"2024-01-09T11:15:19","date_gmt":"2024-01-09T10:15:19","guid":{"rendered":"http:\/\/martehelgetun.no\/?post_type=product&#038;p=69260"},"modified":"2025-06-10T13:51:44","modified_gmt":"2025-06-10T11:51:44","slug":"happyhands-lazy-days","status":"publish","type":"product","link":"https:\/\/martehelgetun.no\/en\/product\/happyhands-lazy-days\/","title":{"rendered":"HappyHands Lazy Days"},"content":{"rendered":"<p class=\"p1\"><strong>ST\u00d8RRELSER OG M\u00c5L<\/strong><br \/>\nSt\u00f8rrelser: dame (herre)<\/p>\n<p>&nbsp;<\/p>\n<p><strong>GARN OG GARNFORBRUK<\/strong><br \/>\nLunt + Lett by Marte Helgetun<br \/>\n1 n\u00f8ste Lunt nr. 04 Cappuccino<br \/>\n1 n\u00f8ste Lett nr. 04 Cappuccino<br \/>\n1 n\u00f8ste Lunt nr. 01 Kitt<br \/>\n1 n\u00f8ste Lett nr. 01 Kitt<\/p>\n<p>&nbsp;<\/p>\n<p class=\"p1\"><strong>TILBEH\u00d8R<\/strong><br \/>\n2 skinntagger sort eller natur<\/p>\n<p>&nbsp;<\/p>\n<p class=\"p1\"><strong>PINNER OG STRIKKEFASTHET<\/strong><br \/>\n80 cm lang rundpinne nr. 4 og 3<br \/>\nBruker du rundpinner med utskiftbare tupper anbefaler<br \/>\nvi \u00e5 bruke en tupp nr. 4 og en tupp nr. 3<br \/>\n24 masker glattstrikk med en tr\u00e5d av hver kvalitet p\u00e5 pinne nr. 4 = 10 cm<\/p>\n","protected":false},"excerpt":{"rendered":"<p>Vottene og sokkene var de to f\u00f8rste modellene i LazyDays serien. De har jeg brukt utrolig mye og ikke minst gitt bort utallige par av. De sitter godt p\u00e5 h\u00e5ndleddet, og den klassiske fargekombinasjonen l\u00f8fter et hvert antrekk et par hakk. Her bruker du teknikker som tyrkisk\u00a0opplegg, magic loop og patentstrikk, noe som gj\u00f8r disse artige \u00e5 strikke. Du har nok garn til \u00e5 strikke en damevott og den minste barnest\u00f8rrelsen av ett kitt.<\/p>\n<p>&nbsp;<\/p>\n<p>&nbsp;<\/p>\n<p><strong>Norsk og Engelsk oppskrift.<\/strong> Du f\u00e5r tilgang til alle spr\u00e5k som pdf fil ved kj\u00f8p.<\/p>\n","protected":false},"featured_media":68538,"template":"","meta":{"_acf_changed":false,"_relevanssi_hide_post":"","_relevanssi_hide_content":"","_relevanssi_pin_for_all":"","_relevanssi_pin_keywords":"","_relevanssi_unpin_keywords":"","_relevanssi_related_keywords":"","_relevanssi_related_include_ids":"","_relevanssi_related_exclude_ids":"","_relevanssi_related_no_append":"","_relevanssi_related_not_related":"","_relevanssi_related_posts":"","_relevanssi_noindex_reason":""},"product_brand":[],"product_cat":[60,402],"product_tag":[],"class_list":{"0":"post-69260","1":"product","2":"type-product","3":"status-publish","4":"has-post-thumbnail","6":"product_cat-strikkeoppskrifter","7":"product_cat-votter","9":"first","10":"instock","11":"downloadable","12":"taxable","13":"shipping-taxable","14":"purchasable","15":"product-type-mht_bundle"},"acf":[],"_links":{"self":[{"href":"https:\/\/martehelgetun.no\/en\/wp-json\/wp\/v2\/product\/69260","targetHints":{"allow":["GET"]}}],"collection":[{"href":"https:\/\/martehelgetun.no\/en\/wp-json\/wp\/v2\/product"}],"about":[{"href":"https:\/\/martehelgetun.no\/en\/wp-json\/wp\/v2\/types\/product"}],"wp:featuredmedia":[{"embeddable":true,"href":"https:\/\/martehelgetun.no\/en\/wp-json\/wp\/v2\/media\/68538"}],"wp:attachment":[{"href":"https:\/\/martehelgetun.no\/en\/wp-json\/wp\/v2\/media?parent=69260"}],"wp:term":[{"taxonomy":"product_brand","embeddable":true,"href":"https:\/\/martehelgetun.no\/en\/wp-json\/wp\/v2\/product_brand?post=69260"},{"taxonomy":"product_cat","embeddable":true,"href":"https:\/\/martehelgetun.no\/en\/wp-json\/wp\/v2\/product_cat?post=69260"},{"taxonomy":"product_tag","embeddable":true,"href":"https:\/\/martehelgetun.no\/en\/wp-json\/wp\/v2\/product_tag?post=69260"}],"curies":[{"name":"wp","href":"https:\/\/api.w.org\/{rel}","templated":true}]}}