{"id":69256,"date":"2024-01-09T11:03:08","date_gmt":"2024-01-09T10:03:08","guid":{"rendered":"http:\/\/martehelgetun.no\/?post_type=product&#038;p=69256"},"modified":"2025-06-10T13:38:11","modified_gmt":"2025-06-10T11:38:11","slug":"lue-ala-lazy-days","status":"publish","type":"product","link":"https:\/\/martehelgetun.no\/en\/produkt\/lue-ala-lazy-days\/","title":{"rendered":"Lue a la Lazy Days"},"content":{"rendered":"<p><strong>ST\u00d8RRELSER OG M\u00c5L<\/strong><br \/>\nSt\u00f8rrelse: En st\u00f8rrelse voksen<\/p>\n<p>&nbsp;<\/p>\n<p><strong>GARN OG GARNFORBRUK<\/strong><br \/>\nLunt + Lett by Marte Helgetun<br \/>\n1 n\u00f8ste Lunt nr. 04 Cappuccino<br \/>\n1 n\u00f8ste Lett nr. 04 Cappuccino<br \/>\n1 n\u00f8ste Lunt nr. 01 Kitt<br \/>\n1 n\u00f8ste Lett nr. 01 Kitt<\/p>\n<p>&nbsp;<\/p>\n<p><strong>TILBEH\u00d8R<\/strong><br \/>\n1 sort skinntagg<\/p>\n<p>&nbsp;<\/p>\n<p><strong>PINNER OG STRIKKEFASTHET<\/strong><br \/>\n100 cm lang rundpinne nr. 4<br \/>\n(Bruker du rundpinner med utskiftbare tupper, anbefaler vi \u00e5 bruke en tupp nr. 4 og en tupp nr. 3)<br \/>\nOm du ikke \u00f8nsker \u00e5 benytte magic loop-teknikken etter \u00f8kningene p\u00e5 toppen av lua, kan du bruke en liten rundpinne 40 cm nr. 4 og 3<\/p>\n<p>24 masker glattstrikk med en tr\u00e5d av hver garnkvalitet p\u00e5 pinne nr. 4 = 10 cm<\/p>\n","protected":false},"excerpt":{"rendered":"<p>Endelig er luen i Lazy Days serien her. Med klassiske farger, god passform og en fin, bred oppbrett er denne luen med \u00e5 heve antrekket ditt p\u00e5 kalde dager. Luen strikkes fra toppen og ned og du bruker teknikker som tyrkisk opplegg, magic loop og patentstrikk, noe som gj\u00f8r luen ekstra artig \u00e5 strikke.<\/p>\n<p>&nbsp;<\/p>\n<p>&nbsp;<\/p>\n<p><strong>Norsk og Engelsk oppskrift.<\/strong> Du f\u00e5r tilgang til alle spr\u00e5k som pdf fil ved kj\u00f8p.<\/p>\n","protected":false},"featured_media":68568,"template":"","meta":{"_acf_changed":false,"_relevanssi_hide_post":"","_relevanssi_hide_content":"","_relevanssi_pin_for_all":"","_relevanssi_pin_keywords":"","_relevanssi_unpin_keywords":"","_relevanssi_related_keywords":"","_relevanssi_related_include_ids":"","_relevanssi_related_exclude_ids":"","_relevanssi_related_no_append":"","_relevanssi_related_not_related":"","_relevanssi_related_posts":"","_relevanssi_noindex_reason":""},"product_cat":[60,401],"product_tag":[128,193,37,171,192,33,134,136],"class_list":{"0":"post-69256","1":"product","2":"type-product","3":"status-publish","4":"has-post-thumbnail","6":"product_cat-strikkeoppskrifter","7":"product_cat-lue-panneband","8":"product_tag-design-by-marte-helgetun","9":"product_tag-lazy-days","10":"product_tag-lett","11":"product_tag-lue","12":"product_tag-lue-a-la-lazy-days","13":"product_tag-lunt","14":"product_tag-marte-helgetun","15":"product_tag-strikkeoppskrift","17":"first","18":"instock","19":"downloadable","20":"taxable","21":"shipping-taxable","22":"purchasable","23":"product-type-mht_bundle"},"acf":[],"_links":{"self":[{"href":"https:\/\/martehelgetun.no\/en\/wp-json\/wp\/v2\/product\/69256","targetHints":{"allow":["GET"]}}],"collection":[{"href":"https:\/\/martehelgetun.no\/en\/wp-json\/wp\/v2\/product"}],"about":[{"href":"https:\/\/martehelgetun.no\/en\/wp-json\/wp\/v2\/types\/product"}],"wp:featuredmedia":[{"embeddable":true,"href":"https:\/\/martehelgetun.no\/en\/wp-json\/wp\/v2\/media\/68568"}],"wp:attachment":[{"href":"https:\/\/martehelgetun.no\/en\/wp-json\/wp\/v2\/media?parent=69256"}],"wp:term":[{"taxonomy":"product_cat","embeddable":true,"href":"https:\/\/martehelgetun.no\/en\/wp-json\/wp\/v2\/product_cat?post=69256"},{"taxonomy":"product_tag","embeddable":true,"href":"https:\/\/martehelgetun.no\/en\/wp-json\/wp\/v2\/product_tag?post=69256"}],"curies":[{"name":"wp","href":"https:\/\/api.w.org\/{rel}","templated":true}]}}