{"id":69240,"date":"2024-01-09T10:16:48","date_gmt":"2024-01-09T09:16:48","guid":{"rendered":"http:\/\/martehelgetun.no\/?post_type=product&#038;p=69240"},"modified":"2025-06-10T13:24:38","modified_gmt":"2025-06-10T11:24:38","slug":"troye-pa-tvers","status":"publish","type":"product","link":"https:\/\/martehelgetun.no\/en\/product\/troye-pa-tvers\/","title":{"rendered":"Tr\u00f8ye p\u00e5 Tvers"},"content":{"rendered":"<p><strong>ST\u00d8RRELSER OG M\u00c5L<\/strong><br \/>\nSt\u00f8rrelser: S (M) L (XL) XXL<br \/>\nOvervidde: 100 (104) 110 (118) 126 cm<br \/>\nHel lengde: 66 (69) 70 (73) 76 cm<br \/>\nErmelengde: 43 (44) 45 (46) 47cm<\/p>\n<p>&nbsp;<\/p>\n<p><strong>GARN OG GARNFORBRUK<\/strong><br \/>\nLuftig + Lett by Marte Helgetun<br \/>\n4 (4) 5 (6) 6 n\u00f8ster Luftig nr. 06 Skifer<br \/>\n4 (4) 5 (6) 6 n\u00f8ster Lett nr. 06 Skifer<br \/>\nHele genseren strikkes med en tr\u00e5d av hver kvalitet<\/p>\n<p>&nbsp;<\/p>\n<p><strong>PINNER OG STRIKKEFASTHET<\/strong><br \/>\n80 cm rundpinne nr. 6<br \/>\n14 masker strukturstrikk med en tr\u00e5d av hver kvalitet p\u00e5 pinne nr. 6 = 10 cm i bredden<\/p>\n","protected":false},"excerpt":{"rendered":"<p>Jeg har lekt meg med konstruksjonen p\u00e5 denne genseren, og strikket den p\u00e5 tvers.\u00a0Jeg startet ytterst p\u00e5 det ene ermet. Garnkombinasjonen Luftig + Lett gir et utrolig lett og\u00a0delikat uttrykk. Strukturen minner om patent, men er enda enklere \u00e5 strikke.<\/p>\n<p>&nbsp;<\/p>\n<p>&nbsp;<\/p>\n<p><strong>Norsk og Engelsk oppskrift.<\/strong> Du f\u00e5r tilgang til alle spr\u00e5k som pdf fil ved kj\u00f8p.<\/p>\n","protected":false},"featured_media":69243,"template":"","meta":{"_acf_changed":false,"_relevanssi_hide_post":"","_relevanssi_hide_content":"","_relevanssi_pin_for_all":"","_relevanssi_pin_keywords":"","_relevanssi_unpin_keywords":"","_relevanssi_related_keywords":"","_relevanssi_related_include_ids":"","_relevanssi_related_exclude_ids":"","_relevanssi_related_no_append":"","_relevanssi_related_not_related":"","_relevanssi_related_posts":"","_relevanssi_noindex_reason":""},"product_brand":[],"product_cat":[76,60],"product_tag":[],"class_list":{"0":"post-69240","1":"product","2":"type-product","3":"status-publish","4":"has-post-thumbnail","6":"product_cat-genser","7":"product_cat-strikkeoppskrifter","9":"first","10":"instock","11":"downloadable","12":"taxable","13":"shipping-taxable","14":"purchasable","15":"product-type-mht_bundle"},"acf":[],"_links":{"self":[{"href":"https:\/\/martehelgetun.no\/en\/wp-json\/wp\/v2\/product\/69240","targetHints":{"allow":["GET"]}}],"collection":[{"href":"https:\/\/martehelgetun.no\/en\/wp-json\/wp\/v2\/product"}],"about":[{"href":"https:\/\/martehelgetun.no\/en\/wp-json\/wp\/v2\/types\/product"}],"wp:featuredmedia":[{"embeddable":true,"href":"https:\/\/martehelgetun.no\/en\/wp-json\/wp\/v2\/media\/69243"}],"wp:attachment":[{"href":"https:\/\/martehelgetun.no\/en\/wp-json\/wp\/v2\/media?parent=69240"}],"wp:term":[{"taxonomy":"product_brand","embeddable":true,"href":"https:\/\/martehelgetun.no\/en\/wp-json\/wp\/v2\/product_brand?post=69240"},{"taxonomy":"product_cat","embeddable":true,"href":"https:\/\/martehelgetun.no\/en\/wp-json\/wp\/v2\/product_cat?post=69240"},{"taxonomy":"product_tag","embeddable":true,"href":"https:\/\/martehelgetun.no\/en\/wp-json\/wp\/v2\/product_tag?post=69240"}],"curies":[{"name":"wp","href":"https:\/\/api.w.org\/{rel}","templated":true}]}}