{"id":69210,"date":"2024-01-09T09:02:46","date_gmt":"2024-01-09T08:02:46","guid":{"rendered":"http:\/\/martehelgetun.no\/?post_type=product&#038;p=69210"},"modified":"2025-06-10T13:51:40","modified_gmt":"2025-06-10T11:51:40","slug":"ga-bort-votter-1","status":"publish","type":"product","link":"https:\/\/martehelgetun.no\/en\/product\/ga-bort-votter-1\/","title":{"rendered":"G\u00e5-bort Votter 1"},"content":{"rendered":"<p><strong>ST\u00d8RRELSER OG M\u00c5L<\/strong><br \/>\nSt\u00f8rrelser: En st\u00f8rrelse dame<\/p>\n<p>&nbsp;<\/p>\n<p><strong>GARN OG GARNFORBRUK<\/strong><br \/>\nLunt + Lett by Marte Helgetun<br \/>\n1 n\u00f8ste Lunt nr. 03 Sand<br \/>\n1 n\u00f8ste Lett nr. 17 Sand<br \/>\n1 n\u00f8ste Lunt nr. 06 Skifer<br \/>\n1 n\u00f8ste Lett nr. 06 Skifer<br \/>\nVottene strikkes med 1 tr\u00e5d Lunt og 1 tr\u00e5d Lett sammen<\/p>\n<p>&nbsp;<\/p>\n<p><strong>TILBEH\u00d8R<\/strong><br \/>\n2 skinntagger<\/p>\n<p>&nbsp;<\/p>\n<p><strong>PINNER OG STRIKKEFASTHET<\/strong><br \/>\n80 cm lang rundpinne nr. 4,5. Bruker du rundpinner med utskiftbare tupper anbefaler<br \/>\nvi \u00e5 bruke en tupp nr. 4,5 og en tupp nr. 3<br \/>\nPinne nr. 3 til vrangbord, enten lang rundpinne eller settpinner<br \/>\n24 masker strukturstrikk med en tr\u00e5d av hver kvalitet p\u00e5 pinne nr. 4,5 = 10 cm<\/p>\n","protected":false},"excerpt":{"rendered":"<p>Her om dagen var jeg hos en venninne og s\u00e5 de utrolig fine historiske flisene hun hadde i\u00a0hallen. Det er ikke ofte jeg strikker m\u00f8nsterstrikk men de flisene inspirerte meg til \u00e5 lage en\u00a0serie med b\u00e5de lue, votter mm. Du starter ved fingrene og strikker deg oppover med en\u00a0tr\u00e5d av hver kvalitet. Her f\u00e5r du b\u00e5de pr\u00f8vd deg p\u00e5 tyrkisk opplegg og magic loop.<\/p>\n<p>&nbsp;<\/p>\n<p>&nbsp;<\/p>\n<p><strong>Norsk og Engelsk oppskrift.<\/strong> Du f\u00e5r tilgang til alle spr\u00e5k som pdf fil ved kj\u00f8p.<\/p>\n<p>&nbsp;<\/p>\n","protected":false},"featured_media":69233,"template":"","meta":{"_acf_changed":false,"_relevanssi_hide_post":"","_relevanssi_hide_content":"","_relevanssi_pin_for_all":"","_relevanssi_pin_keywords":"","_relevanssi_unpin_keywords":"","_relevanssi_related_keywords":"","_relevanssi_related_include_ids":"","_relevanssi_related_exclude_ids":"","_relevanssi_related_no_append":"","_relevanssi_related_not_related":"","_relevanssi_related_posts":"","_relevanssi_noindex_reason":""},"product_brand":[],"product_cat":[60,402],"product_tag":[128,180,182,37,33,134,136,181],"class_list":{"0":"post-69210","1":"product","2":"type-product","3":"status-publish","4":"has-post-thumbnail","6":"product_cat-strikkeoppskrifter","7":"product_cat-votter","8":"product_tag-design-by-marte-helgetun","9":"product_tag-ga-bort-votter","10":"product_tag-happyhands","11":"product_tag-lett","12":"product_tag-lunt","13":"product_tag-marte-helgetun","14":"product_tag-strikkeoppskrift","15":"product_tag-votter","17":"first","18":"instock","19":"downloadable","20":"taxable","21":"shipping-taxable","22":"purchasable","23":"product-type-mht_bundle"},"acf":[],"_links":{"self":[{"href":"https:\/\/martehelgetun.no\/en\/wp-json\/wp\/v2\/product\/69210","targetHints":{"allow":["GET"]}}],"collection":[{"href":"https:\/\/martehelgetun.no\/en\/wp-json\/wp\/v2\/product"}],"about":[{"href":"https:\/\/martehelgetun.no\/en\/wp-json\/wp\/v2\/types\/product"}],"wp:featuredmedia":[{"embeddable":true,"href":"https:\/\/martehelgetun.no\/en\/wp-json\/wp\/v2\/media\/69233"}],"wp:attachment":[{"href":"https:\/\/martehelgetun.no\/en\/wp-json\/wp\/v2\/media?parent=69210"}],"wp:term":[{"taxonomy":"product_brand","embeddable":true,"href":"https:\/\/martehelgetun.no\/en\/wp-json\/wp\/v2\/product_brand?post=69210"},{"taxonomy":"product_cat","embeddable":true,"href":"https:\/\/martehelgetun.no\/en\/wp-json\/wp\/v2\/product_cat?post=69210"},{"taxonomy":"product_tag","embeddable":true,"href":"https:\/\/martehelgetun.no\/en\/wp-json\/wp\/v2\/product_tag?post=69210"}],"curies":[{"name":"wp","href":"https:\/\/api.w.org\/{rel}","templated":true}]}}