{"id":69180,"date":"2024-01-08T15:53:41","date_gmt":"2024-01-08T14:53:41","guid":{"rendered":"http:\/\/martehelgetun.no\/?post_type=product&#038;p=69180"},"modified":"2025-06-10T13:38:07","modified_gmt":"2025-06-10T11:38:07","slug":"ga-bort-panneband","status":"publish","type":"product","link":"https:\/\/martehelgetun.no\/en\/product\/ga-bort-panneband\/","title":{"rendered":"G\u00e5-bort Panneb\u00e5nd"},"content":{"rendered":"<p><strong>ST\u00d8RRELSER OG M\u00c5L<\/strong><br \/>\nEn st\u00f8rrelse<\/p>\n<p>&nbsp;<\/p>\n<p><strong>GARN OG GARNFORBRUK<\/strong><br \/>\nLunt + Lett by Marte Helgetun<\/p>\n<p>Panneb\u00e5nd #1<br \/>\n1 n\u00f8ste Lunt nr. 03 Sand<br \/>\n1 n\u00f8ste Lett nr. 17 Sand<br \/>\n1 n\u00f8ste Lunt nr. 06 Skifer<br \/>\n1 n\u00f8ste Lett nr. 06 Skifer<\/p>\n<p>Panneb\u00e5nd #2<br \/>\n1 n\u00f8ste Lunt nr. 03 Sand<br \/>\n1 n\u00f8ste Lett nr. 17 Sand<br \/>\n1 n\u00f8ste Lunt nr. 14 Kl\u00f8ver<br \/>\n1 n\u00f8ste Lett nr. 14 Kl\u00f8ver<br \/>\nPanneb\u00e5ndet strikkes med 1 tr\u00e5d Lunt og 1 tr\u00e5d Lett sammen.<\/p>\n<p>&nbsp;<\/p>\n<p><strong>PINNER OG STRIKKEFASTHET<\/strong><br \/>\nRundpinne 80 cm lang nr. 4,5<br \/>\neller settpinner nr. 4,5 hvis du ikke bruker magic loop<br \/>\n24 masker m\u00f8nsterstrikk med en tr\u00e5d av hver kvalitet p\u00e5 pinne nr. 4,5 = 10 cm<\/p>\n","protected":false},"excerpt":{"rendered":"<p>Her om dagen var jeg hos en venninne og s\u00e5 de utrolig fine historiske flisene hun\u00a0hadde i hallen. Det er ikke ofte jeg strikker m\u00f8nsterstrikk men de inspirerte meg til \u00e5\u00a0lage en serie med tilbeh\u00f8r. Panneb\u00e5ndet strikkes p\u00e5 tvers med en tr\u00e5d av hver kvalitet. I denne oppskriften f\u00e5r du beskrivelse av panneb\u00e5nd med to ulike m\u00f8nster.<\/p>\n<p>&nbsp;<\/p>\n<p>&nbsp;<\/p>\n<p><strong>Norsk og Engelsk oppskrift.<\/strong> Du f\u00e5r tilgang til alle spr\u00e5k som pdf fil ved kj\u00f8p.<\/p>\n<p><strong>\u00a0<\/strong><\/p>\n","protected":false},"featured_media":69183,"template":"","meta":{"_acf_changed":false,"_relevanssi_hide_post":"","_relevanssi_hide_content":"","_relevanssi_pin_for_all":"","_relevanssi_pin_keywords":"","_relevanssi_unpin_keywords":"","_relevanssi_related_keywords":"","_relevanssi_related_include_ids":"","_relevanssi_related_exclude_ids":"","_relevanssi_related_no_append":"","_relevanssi_related_not_related":"","_relevanssi_related_posts":"","_relevanssi_noindex_reason":""},"product_brand":[],"product_cat":[401,60],"product_tag":[128,172,37,33,134,173,136],"class_list":{"0":"post-69180","1":"product","2":"type-product","3":"status-publish","4":"has-post-thumbnail","6":"product_cat-lue-panneband","7":"product_cat-strikkeoppskrifter","8":"product_tag-design-by-marte-helgetun","9":"product_tag-ga-bort-panneband","10":"product_tag-lett","11":"product_tag-lunt","12":"product_tag-marte-helgetun","13":"product_tag-panneband","14":"product_tag-strikkeoppskrift","16":"first","17":"instock","18":"downloadable","19":"taxable","20":"shipping-taxable","21":"purchasable","22":"product-type-mht_bundle"},"acf":[],"_links":{"self":[{"href":"https:\/\/martehelgetun.no\/en\/wp-json\/wp\/v2\/product\/69180","targetHints":{"allow":["GET"]}}],"collection":[{"href":"https:\/\/martehelgetun.no\/en\/wp-json\/wp\/v2\/product"}],"about":[{"href":"https:\/\/martehelgetun.no\/en\/wp-json\/wp\/v2\/types\/product"}],"wp:featuredmedia":[{"embeddable":true,"href":"https:\/\/martehelgetun.no\/en\/wp-json\/wp\/v2\/media\/69183"}],"wp:attachment":[{"href":"https:\/\/martehelgetun.no\/en\/wp-json\/wp\/v2\/media?parent=69180"}],"wp:term":[{"taxonomy":"product_brand","embeddable":true,"href":"https:\/\/martehelgetun.no\/en\/wp-json\/wp\/v2\/product_brand?post=69180"},{"taxonomy":"product_cat","embeddable":true,"href":"https:\/\/martehelgetun.no\/en\/wp-json\/wp\/v2\/product_cat?post=69180"},{"taxonomy":"product_tag","embeddable":true,"href":"https:\/\/martehelgetun.no\/en\/wp-json\/wp\/v2\/product_tag?post=69180"}],"curies":[{"name":"wp","href":"https:\/\/api.w.org\/{rel}","templated":true}]}}