{"id":69147,"date":"2024-01-08T15:44:04","date_gmt":"2024-01-08T14:44:04","guid":{"rendered":"http:\/\/martehelgetun.no\/?post_type=product&#038;p=69147"},"modified":"2025-06-10T13:38:04","modified_gmt":"2025-06-10T11:38:04","slug":"ga-bort-lue","status":"publish","type":"product","link":"https:\/\/martehelgetun.no\/en\/product\/ga-bort-lue\/","title":{"rendered":"G\u00e5-bort Lue"},"content":{"rendered":"<p><strong>ST\u00d8RRELSER OG M\u00c5L<\/strong><br \/>\nDame (Herre)<\/p>\n<p>&nbsp;<\/p>\n<p><strong>GARN OG GARNFORBRUK<\/strong><br \/>\n<em>Lue 1<\/em><br \/>\n1 (1) n\u00f8ste Lunt nr. 03 Sand<br \/>\n1 (1) n\u00f8ste Lett nr. 17 Sand<br \/>\n1 (1) n\u00f8ste Lunt nr. 06 Skifer<br \/>\n1 (1) n\u00f8ste Lett nr. 06 Skifer<\/p>\n<p><em>Lue 2<\/em><br \/>\n1 (1) n\u00f8ste Lunt nr. 01 Kitt<br \/>\n1 (1) n\u00f8ste Lett nr. 01 Kitt<br \/>\n1 (1) n\u00f8ste Lunt nr. 04 Cappuccino<br \/>\n1 (1) n\u00f8ste Lett nr. 04 Cappuccino<\/p>\n<p>&nbsp;<\/p>\n<p><strong>TILBEH\u00d8R<\/strong><br \/>\n1 Skinntagg<\/p>\n<p>&nbsp;<\/p>\n<p><strong>PINNER OG STRIKKEFASTHET<\/strong><br \/>\nRundpinne 40 cm lang nr. 4 og 4,5<br \/>\nSettpinner nr. 4,5 til fellingene om du trenger det<br \/>\n24 masker m\u00f8nsterstrikk p\u00e5 pinne nr. 4,5 = 10 cm i bredden<\/p>\n","protected":false},"excerpt":{"rendered":"<p>Her om dagen var jeg hos en venninne og s\u00e5 de utrolig fine historiske flisene hun hadde i hallen. Det er ikke oft jeg strikker m\u00f8nsterstrikk men de flisene inspirerte meg til \u00e5 lage disse luene. De egner seg veldig godt til en tur i byen eller til \u00e5 ha p\u00e5 deg n\u00e5r du g\u00e5r bort p\u00e5 bes\u00f8k. Luene strikkes nedenfra og opp med enkel felling i toppen. Sjalet p\u00e5 bildene er Teppesjal i Lunt Fargespill i fargen Jeansbl\u00e5.<\/p>\n<p>&nbsp;<\/p>\n<p>&nbsp;<\/p>\n<p><strong>Norsk og Engelsk oppskrift.<\/strong> Du f\u00e5r tilgang til alle spr\u00e5k som pdf fil ved kj\u00f8p.<\/p>\n","protected":false},"featured_media":69150,"template":"","meta":{"_acf_changed":false,"_relevanssi_hide_post":"","_relevanssi_hide_content":"","_relevanssi_pin_for_all":"","_relevanssi_pin_keywords":"","_relevanssi_unpin_keywords":"","_relevanssi_related_keywords":"","_relevanssi_related_include_ids":"","_relevanssi_related_exclude_ids":"","_relevanssi_related_no_append":"","_relevanssi_related_not_related":"","_relevanssi_related_posts":"","_relevanssi_noindex_reason":""},"product_brand":[],"product_cat":[401,60],"product_tag":[128,170,37,171,33,134,136],"class_list":{"0":"post-69147","1":"product","2":"type-product","3":"status-publish","4":"has-post-thumbnail","6":"product_cat-lue-panneband","7":"product_cat-strikkeoppskrifter","8":"product_tag-design-by-marte-helgetun","9":"product_tag-ga-bort-lue","10":"product_tag-lett","11":"product_tag-lue","12":"product_tag-lunt","13":"product_tag-marte-helgetun","14":"product_tag-strikkeoppskrift","16":"first","17":"instock","18":"downloadable","19":"taxable","20":"shipping-taxable","21":"purchasable","22":"product-type-mht_bundle"},"acf":[],"_links":{"self":[{"href":"https:\/\/martehelgetun.no\/en\/wp-json\/wp\/v2\/product\/69147","targetHints":{"allow":["GET"]}}],"collection":[{"href":"https:\/\/martehelgetun.no\/en\/wp-json\/wp\/v2\/product"}],"about":[{"href":"https:\/\/martehelgetun.no\/en\/wp-json\/wp\/v2\/types\/product"}],"wp:featuredmedia":[{"embeddable":true,"href":"https:\/\/martehelgetun.no\/en\/wp-json\/wp\/v2\/media\/69150"}],"wp:attachment":[{"href":"https:\/\/martehelgetun.no\/en\/wp-json\/wp\/v2\/media?parent=69147"}],"wp:term":[{"taxonomy":"product_brand","embeddable":true,"href":"https:\/\/martehelgetun.no\/en\/wp-json\/wp\/v2\/product_brand?post=69147"},{"taxonomy":"product_cat","embeddable":true,"href":"https:\/\/martehelgetun.no\/en\/wp-json\/wp\/v2\/product_cat?post=69147"},{"taxonomy":"product_tag","embeddable":true,"href":"https:\/\/martehelgetun.no\/en\/wp-json\/wp\/v2\/product_tag?post=69147"}],"curies":[{"name":"wp","href":"https:\/\/api.w.org\/{rel}","templated":true}]}}