{"id":69138,"date":"2024-01-08T10:55:45","date_gmt":"2024-01-08T09:55:45","guid":{"rendered":"http:\/\/martehelgetun.no\/?post_type=product&#038;p=69138"},"modified":"2025-06-10T13:27:17","modified_gmt":"2025-06-10T11:27:17","slug":"chunky-hapyfeet-winter-edition","status":"publish","type":"product","link":"https:\/\/martehelgetun.no\/en\/produkt\/chunky-hapyfeet-winter-edition\/","title":{"rendered":"Chunky HappyFeet &#8211; Winter Edition"},"content":{"rendered":"<p><strong>ST\u00d8RRELSER OG M\u00c5L<\/strong><br \/>\nSt\u00f8rrelser: 36\/37 (38\/39) 40\/41 (42\/43)<\/p>\n<p>&nbsp;<\/p>\n<p><strong>GARN OG GARNFORBRUK<\/strong><br \/>\n2x Lunt + 2x Lett by Marte Helgetun<br \/>\n2 n\u00f8ster Lunt nr. 06 Skifer<br \/>\n2 n\u00f8ster Lett nr. 06 Skifer<br \/>\nDu strikker med to tr\u00e5der av hver kvalitet.<\/p>\n<p>&nbsp;<\/p>\n<p><strong>TILBEH\u00d8R<\/strong><br \/>\n2 skinntagger<\/p>\n<p>&nbsp;<\/p>\n<p><strong>PINNER OG STRIKKEFASTHET<\/strong><\/p>\n<p>80 cm lang rundpinne nr. 7<br \/>\nBruker du rundpinner med utskiftbare tupper anbefaler<br \/>\nvi \u00e5 bruke en tupp nr. 7 og en tupp nr. 6<br \/>\n14 masker glattstrikk med 2 tr\u00e5der av hver kvalitet p\u00e5 pinne nr. 7 = 10 cm<\/p>\n","protected":false},"excerpt":{"rendered":"<p>Det m\u00e5tte jo bare komme en tykk og god vinterutgave basert p\u00e5 den originale ankelsokken HappyFeet. Denne \u201cChunky\u201d varianten er kjappstrikket p\u00e5 pinne 7 og g\u00e5r litt oppover leggen.<br \/>\nDet finnes ogs\u00e5 en utgave av denne oppskriften strikket i tynnere garn\u00a0p\u00e5 pinne nr 4 hvis du heller foretrekker det. Disse strikkes fra t\u00e5a og opp og du f\u00e5r pr\u00f8vd deg p\u00e5 morsomme teknikker som tyrkisk opplegg og magic loop.<\/p>\n<p>&nbsp;<\/p>\n<p>&nbsp;<\/p>\n<p><strong>Norsk og Engelsk oppskrift.<\/strong> Du f\u00e5r tilgang til alle spr\u00e5k som pdf fil ved kj\u00f8p.<\/p>\n","protected":false},"featured_media":69141,"template":"","meta":{"_acf_changed":false,"_relevanssi_hide_post":"","_relevanssi_hide_content":"","_relevanssi_pin_for_all":"","_relevanssi_pin_keywords":"","_relevanssi_unpin_keywords":"","_relevanssi_related_keywords":"","_relevanssi_related_include_ids":"","_relevanssi_related_exclude_ids":"","_relevanssi_related_no_append":"","_relevanssi_related_not_related":"","_relevanssi_related_posts":"","_relevanssi_noindex_reason":""},"product_cat":[60,85],"product_tag":[165,128,90,37,33,134,136],"class_list":{"0":"post-69138","1":"product","2":"type-product","3":"status-publish","4":"has-post-thumbnail","6":"product_cat-strikkeoppskrifter","7":"product_cat-happyfeet","8":"product_tag-chunky-happyfeet-winter-edition","9":"product_tag-design-by-marte-helgetun","10":"product_tag-happyfeet","11":"product_tag-lett","12":"product_tag-lunt","13":"product_tag-marte-helgetun","14":"product_tag-strikkeoppskrift","16":"first","17":"instock","18":"downloadable","19":"taxable","20":"shipping-taxable","21":"purchasable","22":"product-type-mht_bundle"},"acf":[],"_links":{"self":[{"href":"https:\/\/martehelgetun.no\/en\/wp-json\/wp\/v2\/product\/69138","targetHints":{"allow":["GET"]}}],"collection":[{"href":"https:\/\/martehelgetun.no\/en\/wp-json\/wp\/v2\/product"}],"about":[{"href":"https:\/\/martehelgetun.no\/en\/wp-json\/wp\/v2\/types\/product"}],"wp:featuredmedia":[{"embeddable":true,"href":"https:\/\/martehelgetun.no\/en\/wp-json\/wp\/v2\/media\/69141"}],"wp:attachment":[{"href":"https:\/\/martehelgetun.no\/en\/wp-json\/wp\/v2\/media?parent=69138"}],"wp:term":[{"taxonomy":"product_cat","embeddable":true,"href":"https:\/\/martehelgetun.no\/en\/wp-json\/wp\/v2\/product_cat?post=69138"},{"taxonomy":"product_tag","embeddable":true,"href":"https:\/\/martehelgetun.no\/en\/wp-json\/wp\/v2\/product_tag?post=69138"}],"curies":[{"name":"wp","href":"https:\/\/api.w.org\/{rel}","templated":true}]}}