{"id":69035,"date":"2023-12-27T13:03:25","date_gmt":"2023-12-27T12:03:25","guid":{"rendered":"http:\/\/martehelgetun.no\/?post_type=product&#038;p=69035"},"modified":"2025-06-10T13:26:50","modified_gmt":"2025-06-10T11:26:50","slug":"happyfeet-rainy-days-hoy","status":"publish","type":"product","link":"https:\/\/martehelgetun.no\/en\/produkt\/happyfeet-rainy-days-hoy\/","title":{"rendered":"HappyFeet Rainy Days h\u00f8y"},"content":{"rendered":"<p><strong>ST\u00d8RRELSER OG M\u00c5L<\/strong><br \/>\nSt\u00f8rrelser: 36\/37 (38\/39) 40\/41 (42\/43)<\/p>\n<p>&nbsp;<\/p>\n<p><strong>GARN OG GARNFORBRUK<\/strong><br \/>\nLunt + Lett by Marte Helgetun<br \/>\n2 n\u00f8ster Lunt nr. 01 Kitt<br \/>\n2 n\u00f8ster Lett nr. 01 Kitt<\/p>\n<p>&nbsp;<\/p>\n<p><strong>TILBEH\u00d8R<\/strong><br \/>\n2 skinntagger natur<\/p>\n<p><strong><br \/>\nPINNER OG STRIKKEFASTHET<\/strong><br \/>\n80 cm lang rundpinne nr. 3,5 og 3<br \/>\nBruker du rundpinner med utskiftbare tupper anbefaler vi \u00e5 bruke en tupp nr. 3,5 og en tupp nr. 3<br \/>\n24 masker strukturstrikk med en tr\u00e5d av hver kvalitet p\u00e5\u00a0pinne nr. 3,5 = 10 cm<\/p>\n","protected":false},"excerpt":{"rendered":"<p>HappyFeet Rainy days er en hyllest til den norske sommeren som innimellom best\u00e5r av mest regnv\u00e6rsdager og jeg har laget to varianter &#8211; en h\u00f8y en for skikkelig ruskev\u00e6rsdager og en ankelsokk for de andre dagene.\u00a0HappyFeet Rainy days har f\u00e5tt fletter p\u00e5 oversiden. Ankelsokken har samme lekre I-cord avslutning som originalen mens den h\u00f8ye varianten har f\u00e5tt fletter oppover leggen. Disse strikkes fra t\u00e5a og opp og du f\u00e5r pr\u00f8vd deg p\u00e5 morsomme teknikker som tyrkisk opplegg og magic loop.<\/p>\n<p>&nbsp;<\/p>\n<p>&nbsp;<\/p>\n<p><strong>Norsk og Engelsk oppskrift.<\/strong> Du f\u00e5r tilgang til alle spr\u00e5k som pdf fil ved kj\u00f8p.<\/p>\n","protected":false},"featured_media":69044,"template":"","meta":{"_acf_changed":false,"_relevanssi_hide_post":"","_relevanssi_hide_content":"","_relevanssi_pin_for_all":"","_relevanssi_pin_keywords":"","_relevanssi_unpin_keywords":"","_relevanssi_related_keywords":"","_relevanssi_related_include_ids":"","_relevanssi_related_exclude_ids":"","_relevanssi_related_no_append":"","_relevanssi_related_not_related":"","_relevanssi_related_posts":"","_relevanssi_noindex_reason":""},"product_cat":[60,85],"product_tag":[128,90,154,37,33,134,136],"class_list":{"0":"post-69035","1":"product","2":"type-product","3":"status-publish","4":"has-post-thumbnail","6":"product_cat-strikkeoppskrifter","7":"product_cat-happyfeet","8":"product_tag-design-by-marte-helgetun","9":"product_tag-happyfeet","10":"product_tag-happyfeet-rainy-days-hoy","11":"product_tag-lett","12":"product_tag-lunt","13":"product_tag-marte-helgetun","14":"product_tag-strikkeoppskrift","16":"first","17":"instock","18":"downloadable","19":"taxable","20":"shipping-taxable","21":"purchasable","22":"product-type-mht_bundle"},"acf":[],"_links":{"self":[{"href":"https:\/\/martehelgetun.no\/en\/wp-json\/wp\/v2\/product\/69035","targetHints":{"allow":["GET"]}}],"collection":[{"href":"https:\/\/martehelgetun.no\/en\/wp-json\/wp\/v2\/product"}],"about":[{"href":"https:\/\/martehelgetun.no\/en\/wp-json\/wp\/v2\/types\/product"}],"wp:featuredmedia":[{"embeddable":true,"href":"https:\/\/martehelgetun.no\/en\/wp-json\/wp\/v2\/media\/69044"}],"wp:attachment":[{"href":"https:\/\/martehelgetun.no\/en\/wp-json\/wp\/v2\/media?parent=69035"}],"wp:term":[{"taxonomy":"product_cat","embeddable":true,"href":"https:\/\/martehelgetun.no\/en\/wp-json\/wp\/v2\/product_cat?post=69035"},{"taxonomy":"product_tag","embeddable":true,"href":"https:\/\/martehelgetun.no\/en\/wp-json\/wp\/v2\/product_tag?post=69035"}],"curies":[{"name":"wp","href":"https:\/\/api.w.org\/{rel}","templated":true}]}}