{"id":68942,"date":"2023-12-27T12:05:53","date_gmt":"2023-12-27T11:05:53","guid":{"rendered":"http:\/\/martehelgetun.no\/?post_type=product&#038;p=68942"},"modified":"2025-06-10T13:10:44","modified_gmt":"2025-06-10T11:10:44","slug":"lucifer-sjal","status":"publish","type":"product","link":"https:\/\/martehelgetun.no\/en\/produkt\/lucifer-sjal\/","title":{"rendered":"Lucifer sjal"},"content":{"rendered":"<p><strong>ST\u00d8RRELSER OG M\u00c5L<\/strong><br \/>\nSt\u00f8rrelser: En st\u00f8rrelse<br \/>\nVidde: ca 180 cm uten frynser<br \/>\nH\u00f8yde: ca 50 cm uten frynser<\/p>\n<p>&nbsp;<\/p>\n<p><strong>GARN OG GARNFORBRUK<\/strong><br \/>\nLunt Fargespill + Lunt by Marte Helgetun<br \/>\n1 n\u00f8ste Lunt Fargespill nr. 06 Midnattsol<br \/>\n2 n\u00f8ster Lunt nr. 06 Skifer til frynsene<\/p>\n<p>&nbsp;<\/p>\n<p><strong>PINNER OG STRIKKEFASTHET<\/strong><br \/>\n80 cm rundpinne nr. 4<br \/>\n1 liten flettepinne og en heklen\u00e5l nr. 5 til \u00e5 montere frynsene.<br \/>\n24 masker glattstrikk p\u00e5 pinne nr. 4 = 10 cm i bredden<\/p>\n","protected":false},"excerpt":{"rendered":"<p>Lucifersjalet er et delikat sjal der den dramatiske fargeendringen fra dyp m\u00f8rk til skj\u00f8r lys inspirerte til navnet fra romersk mytologi som forbindes med morgenstjerna som kan sees f\u00f8r daggry. Det strikkes av ett n\u00f8ste Lunt Fargespill og to ensfargede n\u00f8ster Lunt for \u00e5 lage frynsene. Du starter med noen f\u00e5 masker midt p\u00e5 langsiden oppe ved ansiktet og \u00f8ker deg utover b\u00e5de i sidene og midt foran.\u00a0Dette er et prosjekt som krever at du f\u00f8lger med. Strukturen er ikke vanskelig, men den er\u00a0litt tidkrevende.<\/p>\n<p>&nbsp;<\/p>\n<p>&nbsp;<\/p>\n<p><strong>Norsk og Engelsk oppskrift.<\/strong> Du f\u00e5r tilgang til alle spr\u00e5k som pdf fil ved kj\u00f8p.<\/p>\n","protected":false},"featured_media":68945,"template":"","meta":{"_acf_changed":false,"_relevanssi_hide_post":"","_relevanssi_hide_content":"","_relevanssi_pin_for_all":"","_relevanssi_pin_keywords":"","_relevanssi_unpin_keywords":"","_relevanssi_related_keywords":"","_relevanssi_related_include_ids":"","_relevanssi_related_exclude_ids":"","_relevanssi_related_no_append":"","_relevanssi_related_not_related":"","_relevanssi_related_posts":"","_relevanssi_noindex_reason":""},"product_cat":[60,86,81],"product_tag":[128,26,147,28,134,130,136],"acf":[],"_links":{"self":[{"href":"https:\/\/martehelgetun.no\/en\/wp-json\/wp\/v2\/product\/68942"}],"collection":[{"href":"https:\/\/martehelgetun.no\/en\/wp-json\/wp\/v2\/product"}],"about":[{"href":"https:\/\/martehelgetun.no\/en\/wp-json\/wp\/v2\/types\/product"}],"wp:featuredmedia":[{"embeddable":true,"href":"https:\/\/martehelgetun.no\/en\/wp-json\/wp\/v2\/media\/68945"}],"wp:attachment":[{"href":"https:\/\/martehelgetun.no\/en\/wp-json\/wp\/v2\/media?parent=68942"}],"wp:term":[{"taxonomy":"product_cat","embeddable":true,"href":"https:\/\/martehelgetun.no\/en\/wp-json\/wp\/v2\/product_cat?post=68942"},{"taxonomy":"product_tag","embeddable":true,"href":"https:\/\/martehelgetun.no\/en\/wp-json\/wp\/v2\/product_tag?post=68942"}],"curies":[{"name":"wp","href":"https:\/\/api.w.org\/{rel}","templated":true}]}}