{"id":68902,"date":"2023-12-27T11:40:12","date_gmt":"2023-12-27T10:40:12","guid":{"rendered":"http:\/\/martehelgetun.no\/?post_type=product&#038;p=68902"},"modified":"2025-06-10T13:10:47","modified_gmt":"2025-06-10T11:10:47","slug":"strikketid-sjal","status":"publish","type":"product","link":"https:\/\/martehelgetun.no\/en\/produkt\/strikketid-sjal\/","title":{"rendered":"Strikketid sjal"},"content":{"rendered":"<p><strong>ST\u00d8RRELSER OG M\u00c5L<\/strong><br \/>\nSt\u00f8rrelser: En st\u00f8rrelse<br \/>\nVidde: ca 180 cm<br \/>\nH\u00f8yde: ca 50 cm<\/p>\n<p><strong><br \/>\nGARN OG GARNFORBRUK<\/strong><br \/>\nLunt + Lunt Fargespill by Marte Helgetun<br \/>\n1 n\u00f8ste Lunt Fargespill nr. 14 Kl\u00f8vereng<br \/>\n2 n\u00f8ster Lunt nr. 14 Kl\u00f8ver (til frynsene)<\/p>\n<p>&nbsp;<\/p>\n<p><strong>PINNER OG STRIKKEFASTHET<\/strong><br \/>\n80 cm rundpinne nr. 4<br \/>\n24 masker glattstrikk p\u00e5 pinne nr. 4 = 10 cm i bredden<\/p>\n","protected":false},"excerpt":{"rendered":"<p>Et lite enkelt sjal strikket av ett n\u00f8ste Lunt Fargespill. Her er det kun rette og vrange masker som danner strukturen. Du velger selv om du \u00f8nsker frynser p\u00e5 sjalet. Jeg valgte ensfargede frynser p\u00e5 sjalet strikket i fargen Kl\u00f8vereng.\u00a0P\u00e5 dette sjalet starter du med noen f\u00e5 masker \u00f8verst mot halsen og \u00f8ker deg utover til du har strikket opp hele n\u00f8stet. Dette sjalet f\u00e5r virkelig fram fargespillet i de fine n\u00f8stene.<\/p>\n<p>&nbsp;<\/p>\n<p>&nbsp;<\/p>\n<p><strong>Norsk og Engelsk oppskrift.<\/strong> Du f\u00e5r tilgang til alle spr\u00e5k som pdf fil ved kj\u00f8p.<\/p>\n","protected":false},"featured_media":68915,"template":"","meta":{"_acf_changed":false,"_relevanssi_hide_post":"","_relevanssi_hide_content":"","_relevanssi_pin_for_all":"","_relevanssi_pin_keywords":"","_relevanssi_unpin_keywords":"","_relevanssi_related_keywords":"","_relevanssi_related_include_ids":"","_relevanssi_related_exclude_ids":"","_relevanssi_related_no_append":"","_relevanssi_related_not_related":"","_relevanssi_related_posts":"","_relevanssi_noindex_reason":""},"product_cat":[60,86,81],"product_tag":[128,26,33,28,130,136,146],"class_list":{"0":"post-68902","1":"product","2":"type-product","3":"status-publish","4":"has-post-thumbnail","6":"product_cat-strikkeoppskrifter","7":"product_cat-fargespill","8":"product_cat-skjerf-sjal-hals","9":"product_tag-design-by-marte-helgetun","10":"product_tag-fargespill","11":"product_tag-lunt","12":"product_tag-lunt-fargespill","13":"product_tag-sjal","14":"product_tag-strikkeoppskrift","15":"product_tag-strikketid-sjal","17":"first","18":"instock","19":"downloadable","20":"taxable","21":"shipping-taxable","22":"purchasable","23":"product-type-mht_bundle"},"acf":[],"_links":{"self":[{"href":"https:\/\/martehelgetun.no\/en\/wp-json\/wp\/v2\/product\/68902","targetHints":{"allow":["GET"]}}],"collection":[{"href":"https:\/\/martehelgetun.no\/en\/wp-json\/wp\/v2\/product"}],"about":[{"href":"https:\/\/martehelgetun.no\/en\/wp-json\/wp\/v2\/types\/product"}],"wp:featuredmedia":[{"embeddable":true,"href":"https:\/\/martehelgetun.no\/en\/wp-json\/wp\/v2\/media\/68915"}],"wp:attachment":[{"href":"https:\/\/martehelgetun.no\/en\/wp-json\/wp\/v2\/media?parent=68902"}],"wp:term":[{"taxonomy":"product_cat","embeddable":true,"href":"https:\/\/martehelgetun.no\/en\/wp-json\/wp\/v2\/product_cat?post=68902"},{"taxonomy":"product_tag","embeddable":true,"href":"https:\/\/martehelgetun.no\/en\/wp-json\/wp\/v2\/product_tag?post=68902"}],"curies":[{"name":"wp","href":"https:\/\/api.w.org\/{rel}","templated":true}]}}