{"id":68891,"date":"2023-12-27T11:25:49","date_gmt":"2023-12-27T10:25:49","guid":{"rendered":"http:\/\/martehelgetun.no\/?post_type=product&#038;p=68891"},"modified":"2025-06-10T13:10:52","modified_gmt":"2025-06-10T11:10:52","slug":"alvesjal","status":"publish","type":"product","link":"https:\/\/martehelgetun.no\/en\/produkt\/alvesjal\/","title":{"rendered":"Alvesjal"},"content":{"rendered":"<p><strong>ST\u00d8RRELSER OG M\u00c5L<\/strong><br \/>\nSt\u00f8rrelser: En st\u00f8rrelse<br \/>\nVidde: ca 155 cm<br \/>\nLengde: ca. 42 cm<\/p>\n<p>&nbsp;<\/p>\n<p><strong>GARN OG GARNFORBRUK<\/strong><br \/>\nLunt Fargespill by Marte Helgetun<br \/>\n1 n\u00f8ste Lunt Fargespill nr. 01 Gr\u00f8nn Te<\/p>\n<p>&nbsp;<\/p>\n<p><strong>PINNER OG STRIKKEFASTHET<\/strong><br \/>\n80 cm rundpinne nr. 4,5<br \/>\n22 masker glattstrikk p\u00e5 pinne nr. 4,5 = 10 cm i bredden<\/p>\n","protected":false},"excerpt":{"rendered":"<p>Et asymmetrisk og godt sjal i Alveserien i det nydelige dip-dye garnet Lunt Fargespill. Her har vi brukt I-cordavfelling slik at alle kantene p\u00e5 sjalet ser like ut.<\/p>\n<p>&nbsp;<\/p>\n<p>&nbsp;<\/p>\n<p><strong>Norsk og Engelsk oppskrift.<\/strong> Du f\u00e5r tilgang til alle spr\u00e5k som pdf fil ved kj\u00f8p.<\/p>\n","protected":false},"featured_media":74491,"template":"","meta":{"_acf_changed":false,"_relevanssi_hide_post":"","_relevanssi_hide_content":"","_relevanssi_pin_for_all":"","_relevanssi_pin_keywords":"","_relevanssi_unpin_keywords":"","_relevanssi_related_keywords":"","_relevanssi_related_include_ids":"","_relevanssi_related_exclude_ids":"","_relevanssi_related_no_append":"","_relevanssi_related_not_related":"","_relevanssi_related_posts":"","_relevanssi_noindex_reason":""},"product_cat":[60,86,81],"product_tag":[145,128,26,28,134,130,136],"class_list":{"0":"post-68891","1":"product","2":"type-product","3":"status-publish","4":"has-post-thumbnail","6":"product_cat-strikkeoppskrifter","7":"product_cat-fargespill","8":"product_cat-skjerf-sjal-hals","9":"product_tag-alvesjal","10":"product_tag-design-by-marte-helgetun","11":"product_tag-fargespill","12":"product_tag-lunt-fargespill","13":"product_tag-marte-helgetun","14":"product_tag-sjal","15":"product_tag-strikkeoppskrift","17":"first","18":"instock","19":"downloadable","20":"taxable","21":"shipping-taxable","22":"purchasable","23":"product-type-mht_bundle"},"acf":[],"_links":{"self":[{"href":"https:\/\/martehelgetun.no\/en\/wp-json\/wp\/v2\/product\/68891","targetHints":{"allow":["GET"]}}],"collection":[{"href":"https:\/\/martehelgetun.no\/en\/wp-json\/wp\/v2\/product"}],"about":[{"href":"https:\/\/martehelgetun.no\/en\/wp-json\/wp\/v2\/types\/product"}],"wp:featuredmedia":[{"embeddable":true,"href":"https:\/\/martehelgetun.no\/en\/wp-json\/wp\/v2\/media\/74491"}],"wp:attachment":[{"href":"https:\/\/martehelgetun.no\/en\/wp-json\/wp\/v2\/media?parent=68891"}],"wp:term":[{"taxonomy":"product_cat","embeddable":true,"href":"https:\/\/martehelgetun.no\/en\/wp-json\/wp\/v2\/product_cat?post=68891"},{"taxonomy":"product_tag","embeddable":true,"href":"https:\/\/martehelgetun.no\/en\/wp-json\/wp\/v2\/product_tag?post=68891"}],"curies":[{"name":"wp","href":"https:\/\/api.w.org\/{rel}","templated":true}]}}