{"id":68878,"date":"2023-12-27T11:14:57","date_gmt":"2023-12-27T10:14:57","guid":{"rendered":"http:\/\/martehelgetun.no\/?post_type=product&#038;p=68878"},"modified":"2025-06-10T13:10:56","modified_gmt":"2025-06-10T11:10:56","slug":"diy-sjal","status":"publish","type":"product","link":"https:\/\/martehelgetun.no\/en\/produkt\/diy-sjal\/","title":{"rendered":"DIY sjal"},"content":{"rendered":"<p><strong>ST\u00d8RRELSER OG M\u00c5L<br \/>\n<\/strong>St\u00f8rrelser: En st\u00f8rrelse<br \/>\nVidde: ca 110 cm<br \/>\nLengde: ca. 58 cm (m\u00e5lt uten frynser, men vil strekke seg i lengden n\u00e5r det brukes)<\/p>\n<p>&nbsp;<\/p>\n<p><strong>GARN OG GARNFORBRUK<br \/>\n<\/strong>Lunt Fargespill by Marte Helgetun og<br \/>\n1 n\u00f8ste Lunt Fargespill nr. 12 Kl\u00f8vereng<\/p>\n<p>&nbsp;<\/p>\n<p><strong>PINNER OG STRIKKEFASTHET<br \/>\n<\/strong>80 cm rundpinne nr. 4<br \/>\nHeklen\u00e5l nr. 5 til \u00e5 feste frynsene hvis du \u00f8nsker det<br \/>\n24 masker strukturstrikk p\u00e5 pinne nr. 4 = 10 cm i bredden<\/p>\n","protected":false},"excerpt":{"rendered":"<p>Do It Yourself &#8211; DIY: Garnet Lunt Fargespill har fine fargegraderinger og er som skapt for sjal. Her kan du f\u00f8lge grunnoppskriften til et trekantsjal og leke deg med strukturer slik at du f\u00e5r et sjal som ingen andre har.<\/p>\n<p>&nbsp;<\/p>\n<p>&nbsp;<\/p>\n<p><strong>Norsk og Engelsk oppskrift.<\/strong> Du f\u00e5r tilgang til alle spr\u00e5k som pdf fil ved kj\u00f8p.<\/p>\n","protected":false},"featured_media":68883,"template":"","meta":{"_acf_changed":false,"_relevanssi_hide_post":"","_relevanssi_hide_content":"","_relevanssi_pin_for_all":"","_relevanssi_pin_keywords":"","_relevanssi_unpin_keywords":"","_relevanssi_related_keywords":"","_relevanssi_related_include_ids":"","_relevanssi_related_exclude_ids":"","_relevanssi_related_no_append":"","_relevanssi_related_not_related":"","_relevanssi_related_posts":"","_relevanssi_noindex_reason":""},"product_cat":[60,86,81],"product_tag":[128,144,26,28,134,130,136],"acf":[],"_links":{"self":[{"href":"https:\/\/martehelgetun.no\/en\/wp-json\/wp\/v2\/product\/68878"}],"collection":[{"href":"https:\/\/martehelgetun.no\/en\/wp-json\/wp\/v2\/product"}],"about":[{"href":"https:\/\/martehelgetun.no\/en\/wp-json\/wp\/v2\/types\/product"}],"wp:featuredmedia":[{"embeddable":true,"href":"https:\/\/martehelgetun.no\/en\/wp-json\/wp\/v2\/media\/68883"}],"wp:attachment":[{"href":"https:\/\/martehelgetun.no\/en\/wp-json\/wp\/v2\/media?parent=68878"}],"wp:term":[{"taxonomy":"product_cat","embeddable":true,"href":"https:\/\/martehelgetun.no\/en\/wp-json\/wp\/v2\/product_cat?post=68878"},{"taxonomy":"product_tag","embeddable":true,"href":"https:\/\/martehelgetun.no\/en\/wp-json\/wp\/v2\/product_tag?post=68878"}],"curies":[{"name":"wp","href":"https:\/\/api.w.org\/{rel}","templated":true}]}}