{"id":68775,"date":"2023-12-22T12:12:54","date_gmt":"2023-12-22T11:12:54","guid":{"rendered":"http:\/\/martehelgetun.no\/?post_type=product&#038;p=68775"},"modified":"2025-06-10T13:11:15","modified_gmt":"2025-06-10T11:11:15","slug":"pa-rett-spor-sjal","status":"publish","type":"product","link":"https:\/\/martehelgetun.no\/en\/produkt\/pa-rett-spor-sjal\/","title":{"rendered":"P\u00e5 rett spor Sjal"},"content":{"rendered":"<p><strong>ST\u00d8RRELSER OG M\u00c5L<\/strong><br \/>\nSt\u00f8rrelser: En st\u00f8rrelse<br \/>\nVidde: ca 180 cm<br \/>\nH\u00f8yde: ca 50 cm<\/p>\n<p>&nbsp;<\/p>\n<p><strong>GARN OG GARNFORBRUK<br \/>\n<\/strong>LUNT Fargespill by Marte Helgetun<br \/>\n1 n\u00f8ste nr. 04 Bj\u00f8rneb\u00e6rkrem<\/p>\n<p>&nbsp;<\/p>\n<p><strong>PINNER OG STRIKKEFASTHET<br \/>\n<\/strong>80 cm rundpinne nr. 4<br \/>\n24 masker glattstrikk p\u00e5 pinne nr. 4 = 10 cm i bredden<\/p>\n<p>NB! Her er det veldig viktig at du ikke strikker l\u00f8sere enn strikkefastheten sier, for da vil du m\u00e5tte felle av f\u00f8r du\u00a0er ferdig med den siste strukturstrikkede rapporten.<\/p>\n","protected":false},"excerpt":{"rendered":"<p>P\u00e5 rett spor er et pent lite sjal strikket av ett n\u00f8ste Lunt Fargespill. Du starter med noen f\u00e5 masker \u00f8verst og \u00f8ker deg utover til du har strikket opp hele n\u00f8stet.\u00a0Dette sjalet f\u00e5r virkelig fram fargespillet i de fine n\u00f8stene. Oppskriften finner du b\u00e5de som singeloppskrift og i heftet \u00abHverdagsfavoritter 03 Bj\u00f8rneb\u00e6rkrem\u00bb.<\/p>\n<p>&nbsp;<\/p>\n<p>&nbsp;<\/p>\n<p><strong>Norsk og Engelsk oppskrift.<\/strong> Du f\u00e5r tilgang til alle spr\u00e5k som pdf fil ved kj\u00f8p.<\/p>\n","protected":false},"featured_media":68781,"template":"","meta":{"_acf_changed":false,"_relevanssi_hide_post":"","_relevanssi_hide_content":"","_relevanssi_pin_for_all":"","_relevanssi_pin_keywords":"","_relevanssi_unpin_keywords":"","_relevanssi_related_keywords":"","_relevanssi_related_include_ids":"","_relevanssi_related_exclude_ids":"","_relevanssi_related_no_append":"","_relevanssi_related_not_related":"","_relevanssi_related_posts":"","_relevanssi_noindex_reason":""},"product_cat":[60,86,81],"product_tag":[128,26,28,134,138,130,136],"class_list":{"0":"post-68775","1":"product","2":"type-product","3":"status-publish","4":"has-post-thumbnail","6":"product_cat-strikkeoppskrifter","7":"product_cat-fargespill","8":"product_cat-skjerf-sjal-hals","9":"product_tag-design-by-marte-helgetun","10":"product_tag-fargespill","11":"product_tag-lunt-fargespill","12":"product_tag-marte-helgetun","13":"product_tag-pa-rett-spor-sjal","14":"product_tag-sjal","15":"product_tag-strikkeoppskrift","17":"first","18":"instock","19":"downloadable","20":"taxable","21":"shipping-taxable","22":"purchasable","23":"product-type-mht_bundle"},"acf":[],"_links":{"self":[{"href":"https:\/\/martehelgetun.no\/en\/wp-json\/wp\/v2\/product\/68775","targetHints":{"allow":["GET"]}}],"collection":[{"href":"https:\/\/martehelgetun.no\/en\/wp-json\/wp\/v2\/product"}],"about":[{"href":"https:\/\/martehelgetun.no\/en\/wp-json\/wp\/v2\/types\/product"}],"wp:featuredmedia":[{"embeddable":true,"href":"https:\/\/martehelgetun.no\/en\/wp-json\/wp\/v2\/media\/68781"}],"wp:attachment":[{"href":"https:\/\/martehelgetun.no\/en\/wp-json\/wp\/v2\/media?parent=68775"}],"wp:term":[{"taxonomy":"product_cat","embeddable":true,"href":"https:\/\/martehelgetun.no\/en\/wp-json\/wp\/v2\/product_cat?post=68775"},{"taxonomy":"product_tag","embeddable":true,"href":"https:\/\/martehelgetun.no\/en\/wp-json\/wp\/v2\/product_tag?post=68775"}],"curies":[{"name":"wp","href":"https:\/\/api.w.org\/{rel}","templated":true}]}}