{"id":68739,"date":"2023-12-22T09:52:27","date_gmt":"2023-12-22T08:52:27","guid":{"rendered":"http:\/\/martehelgetun.no\/?post_type=product&#038;p=68739"},"modified":"2025-06-10T13:12:24","modified_gmt":"2025-06-10T11:12:24","slug":"rillespill-sjal","status":"publish","type":"product","link":"https:\/\/martehelgetun.no\/en\/produkt\/rillespill-sjal\/","title":{"rendered":"Rillespill Sjal"},"content":{"rendered":"<p><strong>ST\u00d8RRELSER OG M\u00c5L<\/strong><br \/>\nSt\u00f8rrelser: En st\u00f8rrelse<br \/>\nVidde: ca 180 cm<br \/>\nH\u00f8yde: ca 50 cm<\/p>\n<p>&nbsp;<\/p>\n<p><strong>GARN OG GARNFORBRUK<\/strong><br \/>\nLunt Fargespill by Marte Helgetun<br \/>\n1 n\u00f8ste nr. 13 Himmelbl\u00e5<\/p>\n<p>&nbsp;<\/p>\n<p><strong>PINNER OG STRIKKEFASTHET<\/strong><br \/>\n80 cm rundpinne nr. 4<br \/>\n22 masker struktur p\u00e5 pinne nr. 4 = 10 cm i bredden<\/p>\n","protected":false},"excerpt":{"rendered":"<p>Det originale store lune Teppesjalet har lenge v\u00e6rt en av v\u00e5re bestselgere. N\u00e5 var det p\u00e5 h\u00f8y tid det kom et mindre sjal kun av ett n\u00f8ste. Her starter du med noen f\u00e5 masker midt p\u00e5 langsiden oppe ved ansiktet, og \u00f8ker deg utover til du har strikket opp hele n\u00f8stet. Dette sjalet f\u00e5r virkelig fram fargespillet i de fine n\u00f8stene. Oppskriften finner du b\u00e5de som singeloppskrift og i heftet \u00abHverdagsfavoritter o1 Himmelbl\u00e5\u00bb.<\/p>\n<p>&nbsp;<\/p>\n<p>&nbsp;<\/p>\n<p><strong>Norsk og Engelsk oppskrift.<\/strong> Du f\u00e5r tilgang til alle spr\u00e5k som pdf fil ved kj\u00f8p.<\/p>\n","protected":false},"featured_media":68748,"template":"","meta":{"_acf_changed":false,"_relevanssi_hide_post":"","_relevanssi_hide_content":"","_relevanssi_pin_for_all":"","_relevanssi_pin_keywords":"","_relevanssi_unpin_keywords":"","_relevanssi_related_keywords":"","_relevanssi_related_include_ids":"","_relevanssi_related_exclude_ids":"","_relevanssi_related_no_append":"","_relevanssi_related_not_related":"","_relevanssi_related_posts":"","_relevanssi_noindex_reason":""},"product_cat":[60,86,81],"product_tag":[128,26,28,134,135,130,136],"acf":[],"_links":{"self":[{"href":"https:\/\/martehelgetun.no\/en\/wp-json\/wp\/v2\/product\/68739"}],"collection":[{"href":"https:\/\/martehelgetun.no\/en\/wp-json\/wp\/v2\/product"}],"about":[{"href":"https:\/\/martehelgetun.no\/en\/wp-json\/wp\/v2\/types\/product"}],"wp:featuredmedia":[{"embeddable":true,"href":"https:\/\/martehelgetun.no\/en\/wp-json\/wp\/v2\/media\/68748"}],"wp:attachment":[{"href":"https:\/\/martehelgetun.no\/en\/wp-json\/wp\/v2\/media?parent=68739"}],"wp:term":[{"taxonomy":"product_cat","embeddable":true,"href":"https:\/\/martehelgetun.no\/en\/wp-json\/wp\/v2\/product_cat?post=68739"},{"taxonomy":"product_tag","embeddable":true,"href":"https:\/\/martehelgetun.no\/en\/wp-json\/wp\/v2\/product_tag?post=68739"}],"curies":[{"name":"wp","href":"https:\/\/api.w.org\/{rel}","templated":true}]}}