{"id":68712,"date":"2023-12-22T09:36:41","date_gmt":"2023-12-22T08:36:41","guid":{"rendered":"http:\/\/martehelgetun.no\/?post_type=product&#038;p=68712"},"modified":"2025-06-10T13:12:28","modified_gmt":"2025-06-10T11:12:28","slug":"happyholiday-sjal","status":"publish","type":"product","link":"https:\/\/martehelgetun.no\/en\/produkt\/happyholiday-sjal\/","title":{"rendered":"HappyHoliday Sjal"},"content":{"rendered":"<p><strong>ST\u00d8RRELSER OG M\u00c5L<br \/>\n<\/strong>St\u00f8rrelser: En st\u00f8rrelse<br \/>\nLengde: ca 120 cm<br \/>\nH\u00f8yde: ca 80 cm<\/p>\n<p>&nbsp;<\/p>\n<p><strong>GARN OG GARNFORBRUK<br \/>\n<\/strong>Lunt Fargespill by Marte Helgetun<br \/>\n1 n\u00f8ste nr. 07 H\u00f8st<br \/>\nDet ensfargede sjalet er strikket i fargen Skifer<\/p>\n<p>&nbsp;<\/p>\n<p><strong>TILBEH\u00d8R<\/strong><br \/>\n1 Skinntagg i fargen natur<\/p>\n<p>&nbsp;<\/p>\n<p><strong>PINNER OG STRIKKEFASTHET<br \/>\n<\/strong>80 cm rundpinne nr. 4,5<br \/>\n22 masker strukturstrikk p\u00e5 pinne nr. 4,5 = 10 cm i bredden<\/p>\n","protected":false},"excerpt":{"rendered":"<p>Et lekkert lite sjal strikket med ett n\u00f8ste Lunt Fargespill. Sjalet strikkes fra den lyse spissen og \u00f8kes ut i den ene siden slik at det blir et litt asymmetrisk trekantsjal. Oppskriften finner du b\u00e5de som singeloppskrift og i heftet \u00abHappy Holiday\u00bb.<\/p>\n<p>&nbsp;<\/p>\n<p>&nbsp;<\/p>\n<p><strong>Norsk og Engelsk oppskrift.<\/strong> Du f\u00e5r tilgang til alle spr\u00e5k som pdf fil ved kj\u00f8p.<\/p>\n","protected":false},"featured_media":68713,"template":"","meta":{"_acf_changed":false,"_relevanssi_hide_post":"","_relevanssi_hide_content":"","_relevanssi_pin_for_all":"","_relevanssi_pin_keywords":"","_relevanssi_unpin_keywords":"","_relevanssi_related_keywords":"","_relevanssi_related_include_ids":"","_relevanssi_related_exclude_ids":"","_relevanssi_related_no_append":"","_relevanssi_related_not_related":"","_relevanssi_related_posts":"","_relevanssi_noindex_reason":""},"product_cat":[60,86,81],"product_tag":[128,26,133,28,134,130,136],"acf":[],"_links":{"self":[{"href":"https:\/\/martehelgetun.no\/en\/wp-json\/wp\/v2\/product\/68712"}],"collection":[{"href":"https:\/\/martehelgetun.no\/en\/wp-json\/wp\/v2\/product"}],"about":[{"href":"https:\/\/martehelgetun.no\/en\/wp-json\/wp\/v2\/types\/product"}],"wp:featuredmedia":[{"embeddable":true,"href":"https:\/\/martehelgetun.no\/en\/wp-json\/wp\/v2\/media\/68713"}],"wp:attachment":[{"href":"https:\/\/martehelgetun.no\/en\/wp-json\/wp\/v2\/media?parent=68712"}],"wp:term":[{"taxonomy":"product_cat","embeddable":true,"href":"https:\/\/martehelgetun.no\/en\/wp-json\/wp\/v2\/product_cat?post=68712"},{"taxonomy":"product_tag","embeddable":true,"href":"https:\/\/martehelgetun.no\/en\/wp-json\/wp\/v2\/product_tag?post=68712"}],"curies":[{"name":"wp","href":"https:\/\/api.w.org\/{rel}","templated":true}]}}