{"id":68679,"date":"2023-12-22T09:19:04","date_gmt":"2023-12-22T08:19:04","guid":{"rendered":"http:\/\/martehelgetun.no\/?post_type=product&#038;p=68679"},"modified":"2025-06-10T13:11:27","modified_gmt":"2025-06-10T11:11:27","slug":"stripesjal","status":"publish","type":"product","link":"https:\/\/martehelgetun.no\/en\/product\/stripesjal\/","title":{"rendered":"Stripesjal"},"content":{"rendered":"<p><strong>ST\u00d8RRELSER OG M\u00c5L<\/strong><br \/>\nSt\u00f8rrelser: En st\u00f8rrelse<br \/>\nLengde: ca 180 cm<br \/>\nH\u00f8yde: ca. 90 cm<\/p>\n<p>&nbsp;<\/p>\n<p><strong>GARN OG GARNFORBRUK<br \/>\n<\/strong>Lunt Fargespill + Lunt by Marte Helgetun<br \/>\n3 n\u00f8ster Lunt nr. 01 Kitt<br \/>\n1 n\u00f8ste Fargespill nr. 04 Bj\u00f8rneb\u00e6rkrem<\/p>\n<p>&nbsp;<\/p>\n<p><strong>PINNER OG STRIKKEFASTHET<\/strong><br \/>\n80 cm rundpinne nr. 4<br \/>\n22 masker strukturstrikk p\u00e5 pinne nr. 4 = 10 cm i bredden<\/p>\n","protected":false},"excerpt":{"rendered":"<p>Et lekkert trekantsjal strikket med en kombinasjonen av to ulike strukturer i to ulike farger. Det fine med Lunt Fargespill er at alle de graderte n\u00f8stene ender i en av de ensfargede n\u00f8stene i Lunt.<\/p>\n<p>&nbsp;<\/p>\n<p>&nbsp;<\/p>\n<p><strong>Norsk og Engelsk oppskrift.<\/strong> Du f\u00e5r tilgang til alle spr\u00e5k som pdf fil ved kj\u00f8p.<\/p>\n","protected":false},"featured_media":77719,"template":"","meta":{"_acf_changed":false,"_relevanssi_hide_post":"","_relevanssi_hide_content":"","_relevanssi_pin_for_all":"","_relevanssi_pin_keywords":"","_relevanssi_unpin_keywords":"","_relevanssi_related_keywords":"","_relevanssi_related_include_ids":"","_relevanssi_related_exclude_ids":"","_relevanssi_related_no_append":"","_relevanssi_related_not_related":"","_relevanssi_related_posts":"","_relevanssi_noindex_reason":""},"product_brand":[],"product_cat":[86,81,60],"product_tag":[128,33,28,134,130,136,132],"class_list":{"0":"post-68679","1":"product","2":"type-product","3":"status-publish","4":"has-post-thumbnail","6":"product_cat-fargespill","7":"product_cat-skjerf-sjal-hals","8":"product_cat-strikkeoppskrifter","9":"product_tag-design-by-marte-helgetun","10":"product_tag-lunt","11":"product_tag-lunt-fargespill","12":"product_tag-marte-helgetun","13":"product_tag-sjal","14":"product_tag-strikkeoppskrift","15":"product_tag-stripesjal","17":"first","18":"instock","19":"downloadable","20":"taxable","21":"shipping-taxable","22":"purchasable","23":"product-type-mht_bundle"},"acf":[],"_links":{"self":[{"href":"https:\/\/martehelgetun.no\/en\/wp-json\/wp\/v2\/product\/68679","targetHints":{"allow":["GET"]}}],"collection":[{"href":"https:\/\/martehelgetun.no\/en\/wp-json\/wp\/v2\/product"}],"about":[{"href":"https:\/\/martehelgetun.no\/en\/wp-json\/wp\/v2\/types\/product"}],"wp:featuredmedia":[{"embeddable":true,"href":"https:\/\/martehelgetun.no\/en\/wp-json\/wp\/v2\/media\/77719"}],"wp:attachment":[{"href":"https:\/\/martehelgetun.no\/en\/wp-json\/wp\/v2\/media?parent=68679"}],"wp:term":[{"taxonomy":"product_brand","embeddable":true,"href":"https:\/\/martehelgetun.no\/en\/wp-json\/wp\/v2\/product_brand?post=68679"},{"taxonomy":"product_cat","embeddable":true,"href":"https:\/\/martehelgetun.no\/en\/wp-json\/wp\/v2\/product_cat?post=68679"},{"taxonomy":"product_tag","embeddable":true,"href":"https:\/\/martehelgetun.no\/en\/wp-json\/wp\/v2\/product_tag?post=68679"}],"curies":[{"name":"wp","href":"https:\/\/api.w.org\/{rel}","templated":true}]}}