{"id":68656,"date":"2023-12-22T08:50:19","date_gmt":"2023-12-22T07:50:19","guid":{"rendered":"http:\/\/martehelgetun.no\/?post_type=product&#038;p=68656"},"modified":"2025-06-10T13:12:31","modified_gmt":"2025-06-10T11:12:31","slug":"teppesjal","status":"publish","type":"product","link":"https:\/\/martehelgetun.no\/en\/produkt\/teppesjal\/","title":{"rendered":"Teppesjal"},"content":{"rendered":"<p><strong>ST\u00d8RRELSER OG M\u00e5L<\/strong><br \/>\nSt\u00f8rrelser: En st\u00f8rrelse<br \/>\nLengde: ca 200 cm<br \/>\nH\u00f8yde: ca. 80 cm<\/p>\n<p>&nbsp;<\/p>\n<p><strong>GARN OG GARNFORBRUK<\/strong><br \/>\nFargespill by Marte Helgetun<br \/>\n2 n\u00f8ster Fargespill nr. 05 Korn\u00e5ker<\/p>\n<p>&nbsp;<\/p>\n<p><strong>PINNER OG STRIKKEFASTHET<\/strong><br \/>\n80 cm rundpinne nr. 4,5<br \/>\n20 masker rillestrikk p\u00e5\u2002pinne nr. 4,5 = 10 cm i bredden<\/p>\n","protected":false},"excerpt":{"rendered":"<p>Et skikkelig stort og deilig sjal som egner seg like godt rundt halsen som lagt pent over skuldrene. Rillestrukturen gj\u00f8r at det blir mye luft i sjalet, og dermed holder det deg god og varm. Strukturen er enda enklere enn det ser ut som.<\/p>\n<p>&nbsp;<\/p>\n<p>&nbsp;<\/p>\n<p><strong>Norsk og Engelsk oppskrift.<\/strong> Du f\u00e5r tilgang til alle spr\u00e5k som pdf fil ved kj\u00f8p.<\/p>\n","protected":false},"featured_media":68657,"template":"","meta":{"_acf_changed":false,"_relevanssi_hide_post":"","_relevanssi_hide_content":"","_relevanssi_pin_for_all":"","_relevanssi_pin_keywords":"","_relevanssi_unpin_keywords":"","_relevanssi_related_keywords":"","_relevanssi_related_include_ids":"","_relevanssi_related_exclude_ids":"","_relevanssi_related_no_append":"","_relevanssi_related_not_related":"","_relevanssi_related_posts":"","_relevanssi_noindex_reason":""},"product_cat":[60,86,81],"product_tag":[128,28,134,130,136,131],"acf":[],"_links":{"self":[{"href":"https:\/\/martehelgetun.no\/en\/wp-json\/wp\/v2\/product\/68656"}],"collection":[{"href":"https:\/\/martehelgetun.no\/en\/wp-json\/wp\/v2\/product"}],"about":[{"href":"https:\/\/martehelgetun.no\/en\/wp-json\/wp\/v2\/types\/product"}],"wp:featuredmedia":[{"embeddable":true,"href":"https:\/\/martehelgetun.no\/en\/wp-json\/wp\/v2\/media\/68657"}],"wp:attachment":[{"href":"https:\/\/martehelgetun.no\/en\/wp-json\/wp\/v2\/media?parent=68656"}],"wp:term":[{"taxonomy":"product_cat","embeddable":true,"href":"https:\/\/martehelgetun.no\/en\/wp-json\/wp\/v2\/product_cat?post=68656"},{"taxonomy":"product_tag","embeddable":true,"href":"https:\/\/martehelgetun.no\/en\/wp-json\/wp\/v2\/product_tag?post=68656"}],"curies":[{"name":"wp","href":"https:\/\/api.w.org\/{rel}","templated":true}]}}