{"id":68641,"date":"2023-12-21T16:08:49","date_gmt":"2023-12-21T15:08:49","guid":{"rendered":"http:\/\/martehelgetun.no\/?post_type=product&#038;p=68641"},"modified":"2025-06-10T13:12:34","modified_gmt":"2025-06-10T11:12:34","slug":"fields-of-gold-sjal","status":"publish","type":"product","link":"https:\/\/martehelgetun.no\/en\/product\/fields-of-gold-sjal\/","title":{"rendered":"Fields of Gold Sjal"},"content":{"rendered":"<p><strong>ST\u00d8RRELSER OG M\u00c5L<\/strong><br \/>\nSt\u00f8rrelser: En st\u00f8rrelse<br \/>\nLengde: ca 80 cm<br \/>\nH\u00f8yde: ca 115 cm<\/p>\n<p>&nbsp;<\/p>\n<p><strong>GARN OG GARNFORBRUK<\/strong><br \/>\nLunt Fargespill by Marte Helgetun<br \/>\n1 n\u00f8ste nr. 05 Korn\u00e5ker<\/p>\n<p>&nbsp;<\/p>\n<p><strong>PINNER OG STRIKKEFASTHET<\/strong><br \/>\nLang rundpinne nr. 4,5<br \/>\n22 masker strukturstrikk p\u00e5 pinne nr. 4,5 = 10 cm i bredden<\/p>\n","protected":false},"excerpt":{"rendered":"<p>Et lekkert trekantsjal strikket med ett n\u00f8ste Lunt Fargespill. Du begynner med f\u00e5 masker og \u00f8ker gradvis samtidig som en dekorativ, men enkel struktur trylles frem.\u00a0Teknikkene som er brukt p\u00e5 dette sjalet er kast og to sammen.<\/p>\n<p>&nbsp;<\/p>\n<p>&nbsp;<\/p>\n<p><strong>Norsk og Engelsk oppskrift.<\/strong> Du f\u00e5r tilgang til alle spr\u00e5k som pdf fil ved kj\u00f8p.<\/p>\n","protected":false},"featured_media":68650,"template":"","meta":{"_acf_changed":false,"_relevanssi_hide_post":"","_relevanssi_hide_content":"","_relevanssi_pin_for_all":"","_relevanssi_pin_keywords":"","_relevanssi_unpin_keywords":"","_relevanssi_related_keywords":"","_relevanssi_related_include_ids":"","_relevanssi_related_exclude_ids":"","_relevanssi_related_no_append":"","_relevanssi_related_not_related":"","_relevanssi_related_posts":"","_relevanssi_noindex_reason":""},"product_brand":[],"product_cat":[86,81,60],"product_tag":[128,26,129,28,134,130,136],"class_list":{"0":"post-68641","1":"product","2":"type-product","3":"status-publish","4":"has-post-thumbnail","6":"product_cat-fargespill","7":"product_cat-skjerf-sjal-hals","8":"product_cat-strikkeoppskrifter","9":"product_tag-design-by-marte-helgetun","10":"product_tag-fargespill","11":"product_tag-fields-of-gold-sjal","12":"product_tag-lunt-fargespill","13":"product_tag-marte-helgetun","14":"product_tag-sjal","15":"product_tag-strikkeoppskrift","17":"first","18":"instock","19":"downloadable","20":"taxable","21":"shipping-taxable","22":"purchasable","23":"product-type-mht_bundle"},"acf":[],"_links":{"self":[{"href":"https:\/\/martehelgetun.no\/en\/wp-json\/wp\/v2\/product\/68641","targetHints":{"allow":["GET"]}}],"collection":[{"href":"https:\/\/martehelgetun.no\/en\/wp-json\/wp\/v2\/product"}],"about":[{"href":"https:\/\/martehelgetun.no\/en\/wp-json\/wp\/v2\/types\/product"}],"wp:featuredmedia":[{"embeddable":true,"href":"https:\/\/martehelgetun.no\/en\/wp-json\/wp\/v2\/media\/68650"}],"wp:attachment":[{"href":"https:\/\/martehelgetun.no\/en\/wp-json\/wp\/v2\/media?parent=68641"}],"wp:term":[{"taxonomy":"product_brand","embeddable":true,"href":"https:\/\/martehelgetun.no\/en\/wp-json\/wp\/v2\/product_brand?post=68641"},{"taxonomy":"product_cat","embeddable":true,"href":"https:\/\/martehelgetun.no\/en\/wp-json\/wp\/v2\/product_cat?post=68641"},{"taxonomy":"product_tag","embeddable":true,"href":"https:\/\/martehelgetun.no\/en\/wp-json\/wp\/v2\/product_tag?post=68641"}],"curies":[{"name":"wp","href":"https:\/\/api.w.org\/{rel}","templated":true}]}}