{"id":68635,"date":"2023-12-21T15:43:23","date_gmt":"2023-12-21T14:43:23","guid":{"rendered":"http:\/\/martehelgetun.no\/?post_type=product&#038;p=68635"},"modified":"2025-06-10T13:38:00","modified_gmt":"2025-06-10T11:38:00","slug":"its-christmas-baby-kyse","status":"publish","type":"product","link":"https:\/\/martehelgetun.no\/en\/produkt\/its-christmas-baby-kyse\/","title":{"rendered":"Its Christmas baby Kyse"},"content":{"rendered":"<p class=\"p1\"><strong>ST\u00d8RRELSER OG M\u00c5L<\/strong><br \/>\nSt\u00f8rrelse: 3 (6) 9 (12) m\u00e5neder<\/p>\n<p>&nbsp;<\/p>\n<p class=\"p1\"><strong>GARN OG GARNFORBRUK<\/strong><br \/>\nLunt by Marte Helgetun<br \/>\n1 n\u00f8ste Lunt nr. 12 Traneb\u00e6r<\/p>\n<p>&nbsp;<\/p>\n<p class=\"p1\"><strong>TILBEH\u00d8R<\/strong><br \/>\n1 liten blingknapp<\/p>\n<p>&nbsp;<\/p>\n<p class=\"p1\"><strong>PINNER OG STRIKKEFASTHET<\/strong><br \/>\nlang rundpinne nr. 3<br \/>\nog settpinner nr. 3 hvis du ikke strikker magic loop<br \/>\n28 masker perlestrikk p\u00e5 pinne nr. 3 = 10 cm<\/p>\n","protected":false},"excerpt":{"rendered":"<p class=\"p1\">Denne perlestrikkede kysen festes med en strikket snor og sitter godt p\u00e5 hodet til de sm\u00e5.\u00a0Selvf\u00f8lgelig m\u00e5tte denne ogs\u00e5 f\u00e5 en sl\u00f8yfe og en blingknapp slik at den passer fint sammen\u00a0med It`s Christmas baby plaggene. Oppskriften finner du b\u00e5de som singeloppskrift og i heftet \u00abIt\u00b4s Christmas Baby\u00bb.<\/p>\n<p>&nbsp;<\/p>\n<p>&nbsp;<\/p>\n<p><strong>Norsk og Engelsk oppskrift.<\/strong> Du f\u00e5r tilgang til alle spr\u00e5k som pdf fil ved kj\u00f8p.<\/p>\n","protected":false},"featured_media":68423,"template":"","meta":{"_acf_changed":false,"_relevanssi_hide_post":"","_relevanssi_hide_content":"","_relevanssi_pin_for_all":"","_relevanssi_pin_keywords":"","_relevanssi_unpin_keywords":"","_relevanssi_related_keywords":"","_relevanssi_related_include_ids":"","_relevanssi_related_exclude_ids":"","_relevanssi_related_no_append":"","_relevanssi_related_not_related":"","_relevanssi_related_posts":"","_relevanssi_noindex_reason":""},"product_cat":[60,246,401],"product_tag":[116,125,124,33],"class_list":{"0":"post-68635","1":"product","2":"type-product","3":"status-publish","4":"has-post-thumbnail","6":"product_cat-strikkeoppskrifter","7":"product_cat-tullemor-lillebror","8":"product_cat-lue-panneband","9":"product_tag-its-christmas-baby","10":"product_tag-its-christmas-baby-kyse","11":"product_tag-kyse","12":"product_tag-lunt","14":"first","15":"instock","16":"downloadable","17":"taxable","18":"shipping-taxable","19":"purchasable","20":"product-type-mht_bundle"},"acf":[],"_links":{"self":[{"href":"https:\/\/martehelgetun.no\/en\/wp-json\/wp\/v2\/product\/68635","targetHints":{"allow":["GET"]}}],"collection":[{"href":"https:\/\/martehelgetun.no\/en\/wp-json\/wp\/v2\/product"}],"about":[{"href":"https:\/\/martehelgetun.no\/en\/wp-json\/wp\/v2\/types\/product"}],"wp:featuredmedia":[{"embeddable":true,"href":"https:\/\/martehelgetun.no\/en\/wp-json\/wp\/v2\/media\/68423"}],"wp:attachment":[{"href":"https:\/\/martehelgetun.no\/en\/wp-json\/wp\/v2\/media?parent=68635"}],"wp:term":[{"taxonomy":"product_cat","embeddable":true,"href":"https:\/\/martehelgetun.no\/en\/wp-json\/wp\/v2\/product_cat?post=68635"},{"taxonomy":"product_tag","embeddable":true,"href":"https:\/\/martehelgetun.no\/en\/wp-json\/wp\/v2\/product_tag?post=68635"}],"curies":[{"name":"wp","href":"https:\/\/api.w.org\/{rel}","templated":true}]}}