{"id":68593,"date":"2023-12-12T11:25:36","date_gmt":"2023-12-12T10:25:36","guid":{"rendered":"http:\/\/martehelgetun.no\/?post_type=product&#038;p=68593"},"modified":"2025-08-21T16:44:21","modified_gmt":"2025-08-21T14:44:21","slug":"snokrystall-sjal","status":"publish","type":"product","link":"https:\/\/martehelgetun.no\/en\/produkt\/snokrystall-sjal\/","title":{"rendered":"Sn\u00f8krystall sjal"},"content":{"rendered":"<p><strong>ST\u00d8RRELSER OG M\u00c5L<\/strong><br \/>\nSt\u00f8rrelser: En st\u00f8rrelse<br \/>\nVidde: ca 140 cm<br \/>\nH\u00f8yde: ca 58 cm<\/p>\n<p>&nbsp;<\/p>\n<p><strong>GARN OG GARNFORBRUK<br \/>\n<\/strong>Lunt Fargespill by Marte Helgetun<br \/>\n1 n\u00f8ste nr. 13 Himmelbl\u00e5<\/p>\n<p>&nbsp;<\/p>\n<p><strong>PINNER OG STRIKKEFASTHET<br \/>\n<\/strong>80 cm rundpinne nr. 4,5<br \/>\n18 masker strukturstrikk p\u00e5 pinne nr. 4,5 = 10 cm i bredden<\/p>\n","protected":false},"excerpt":{"rendered":"<p>\u201cSn\u00f8krystaller, sn\u00f8 som faller. Sn\u00f8 p\u00e5 tr\u00e6rne, sn\u00f8 p\u00e5 kl\u00e6rne. Sn\u00f8 p\u00e5 bakken.\u00a0AU! En sn\u00f8ball midt i nakken.\u201d Denne sn\u00f8reglen framf\u00f8rte barna en vinterdag de kom hjem fra barnehagen, og jeg kan fortsat h\u00f8re den n\u00e5r den f\u00f8rste sn\u00f8en kommer&#8230;<\/p>\n<p>P\u00e5 dette Sn\u00f8krystallsjalet starter du med noen f\u00e5 masker nederst p\u00e5 spissen og strikker deg oppover mens fargen stadig blir lysere. Her valgte jeg \u00e5 avslutte med en icord felling slik at alle kantene skulle bli like. Det holder med ett n\u00f8ste Lunt Fargespill til dette sjalet.<\/p>\n<p>&nbsp;<\/p>\n<p>&nbsp;<\/p>\n<p><strong>Norsk og Engelsk oppskrift.<\/strong> Du f\u00e5r tilgang til alle spr\u00e5k som pdf fil ved kj\u00f8p.<\/p>\n<p>&nbsp;<\/p>\n","protected":false},"featured_media":92577,"template":"","meta":{"_acf_changed":false,"_relevanssi_hide_post":"","_relevanssi_hide_content":"","_relevanssi_pin_for_all":"","_relevanssi_pin_keywords":"","_relevanssi_unpin_keywords":"","_relevanssi_related_keywords":"","_relevanssi_related_include_ids":"","_relevanssi_related_exclude_ids":"","_relevanssi_related_no_append":"","_relevanssi_related_not_related":"","_relevanssi_related_posts":"","_relevanssi_noindex_reason":""},"product_cat":[86,81],"product_tag":[],"acf":[],"_links":{"self":[{"href":"https:\/\/martehelgetun.no\/en\/wp-json\/wp\/v2\/product\/68593"}],"collection":[{"href":"https:\/\/martehelgetun.no\/en\/wp-json\/wp\/v2\/product"}],"about":[{"href":"https:\/\/martehelgetun.no\/en\/wp-json\/wp\/v2\/types\/product"}],"wp:featuredmedia":[{"embeddable":true,"href":"https:\/\/martehelgetun.no\/en\/wp-json\/wp\/v2\/media\/92577"}],"wp:attachment":[{"href":"https:\/\/martehelgetun.no\/en\/wp-json\/wp\/v2\/media?parent=68593"}],"wp:term":[{"taxonomy":"product_cat","embeddable":true,"href":"https:\/\/martehelgetun.no\/en\/wp-json\/wp\/v2\/product_cat?post=68593"},{"taxonomy":"product_tag","embeddable":true,"href":"https:\/\/martehelgetun.no\/en\/wp-json\/wp\/v2\/product_tag?post=68593"}],"curies":[{"name":"wp","href":"https:\/\/api.w.org\/{rel}","templated":true}]}}