{"id":68579,"date":"2023-12-11T15:44:36","date_gmt":"2023-12-11T14:44:36","guid":{"rendered":"http:\/\/martehelgetun.no\/?post_type=product&#038;p=68579"},"modified":"2025-06-10T13:53:52","modified_gmt":"2025-06-10T11:53:52","slug":"its-christmas-baby-smokkesnor","status":"publish","type":"product","link":"https:\/\/martehelgetun.no\/en\/produkt\/its-christmas-baby-smokkesnor\/","title":{"rendered":"Its Christmas Baby Smokkesnor"},"content":{"rendered":"<p><strong>M\u00c5L<br \/>\n<\/strong>Lengde: ca 20 cm<\/p>\n<p>&nbsp;<\/p>\n<p><strong>GARN OG GARNFORBRUK<br \/>\n<\/strong>Lunt by Marte Helgetun<br \/>\n1 n\u00f8ste Lunt nr. 12 Traneb\u00e6r<\/p>\n<p>&nbsp;<\/p>\n<p><strong>TILBEH\u00d8R<br \/>\n<\/strong>1 liten blingknapp<br \/>\n1 smokkeklips<\/p>\n<p>&nbsp;<\/p>\n<p><strong>PINNER OG STRIKKEFASTHET<br \/>\n<\/strong>Str\u00f8mpepinner nr. 3<br \/>\nHeklekrok nr 3 til \u00e5 feste smokken<br \/>\n28 masker perlestrikk p\u00e5 pinne nr. 3 = 10 cm<\/p>\n","protected":false},"excerpt":{"rendered":"<p>Smokkesnoren er praktisk, men med en enkel perlestruktur, sl\u00f8yfe og blingknapp blir den\u00a0ogs\u00e5 et fint tilbeh\u00f8r n\u00e5r de sm\u00e5 er pyntet til spesielle anledninger. Oppskriften finner du b\u00e5de som singeloppskrift og i heftet \u00abIt\u00b4s Christmas Baby\u00bb.<\/p>\n<p>&nbsp;<\/p>\n<p>&nbsp;<\/p>\n<p><strong>Norsk og Engelsk oppskrift.<\/strong> Du f\u00e5r tilgang til alle spr\u00e5k som pdf fil ved kj\u00f8p.<\/p>\n","protected":false},"featured_media":68429,"template":"","meta":{"_acf_changed":false,"_relevanssi_hide_post":"","_relevanssi_hide_content":"","_relevanssi_pin_for_all":"","_relevanssi_pin_keywords":"","_relevanssi_unpin_keywords":"","_relevanssi_related_keywords":"","_relevanssi_related_include_ids":"","_relevanssi_related_exclude_ids":"","_relevanssi_related_no_append":"","_relevanssi_related_not_related":"","_relevanssi_related_posts":"","_relevanssi_noindex_reason":""},"product_cat":[60,246],"product_tag":[115,33,122],"class_list":{"0":"post-68579","1":"product","2":"type-product","3":"status-publish","4":"has-post-thumbnail","6":"product_cat-strikkeoppskrifter","7":"product_cat-tullemor-lillebror","8":"product_tag-baby","9":"product_tag-lunt","10":"product_tag-smokkesnor","12":"first","13":"instock","14":"downloadable","15":"taxable","16":"shipping-taxable","17":"purchasable","18":"product-type-mht_bundle"},"acf":[],"_links":{"self":[{"href":"https:\/\/martehelgetun.no\/en\/wp-json\/wp\/v2\/product\/68579","targetHints":{"allow":["GET"]}}],"collection":[{"href":"https:\/\/martehelgetun.no\/en\/wp-json\/wp\/v2\/product"}],"about":[{"href":"https:\/\/martehelgetun.no\/en\/wp-json\/wp\/v2\/types\/product"}],"wp:featuredmedia":[{"embeddable":true,"href":"https:\/\/martehelgetun.no\/en\/wp-json\/wp\/v2\/media\/68429"}],"wp:attachment":[{"href":"https:\/\/martehelgetun.no\/en\/wp-json\/wp\/v2\/media?parent=68579"}],"wp:term":[{"taxonomy":"product_cat","embeddable":true,"href":"https:\/\/martehelgetun.no\/en\/wp-json\/wp\/v2\/product_cat?post=68579"},{"taxonomy":"product_tag","embeddable":true,"href":"https:\/\/martehelgetun.no\/en\/wp-json\/wp\/v2\/product_tag?post=68579"}],"curies":[{"name":"wp","href":"https:\/\/api.w.org\/{rel}","templated":true}]}}