{"id":68541,"date":"2023-12-11T15:27:37","date_gmt":"2023-12-11T14:27:37","guid":{"rendered":"http:\/\/martehelgetun.no\/?post_type=product&#038;p=68541"},"modified":"2025-06-10T13:26:23","modified_gmt":"2025-06-10T11:26:23","slug":"happyfeet-lazy-days-mini","status":"publish","type":"product","link":"https:\/\/martehelgetun.no\/en\/produkt\/happyfeet-lazy-days-mini\/","title":{"rendered":"HappyFeet Lazy Days &#8211; MINI"},"content":{"rendered":"<p class=\"p1\"><strong>ST\u00d8RRELSER OG M\u00c5L<\/strong><br \/>\nSt\u00f8rrelser: 20\/21 (22\/23) 24\/25 (26\/27) 28\/29 (30\/31) 32\/33 (34\/35)<\/p>\n<p>&nbsp;<\/p>\n<p class=\"p1\"><strong>GARN OG GARNFORBRUK<\/strong><br \/>\nLunt og Lett by Marte Helgetun<br \/>\n1 n\u00f8ste Lunt nr. 04 Cappuccino<br \/>\n1 n\u00f8ste Lett nr. 04 Cappuccino<br \/>\n1 n\u00f8ste Lunt nr. 01 Kitt<br \/>\n1 n\u00f8ste Lett nr. 01 Kitt<\/p>\n<p>&nbsp;<\/p>\n<p class=\"p1\"><strong>TILBEH\u00d8R<\/strong><br \/>\n2 skinntagger sort eller natur (jeg droppet det p\u00e5 de aller minste st\u00f8rrelsene)<\/p>\n<p>&nbsp;<\/p>\n<p class=\"p1\"><strong>PINNER OG STRIKKEFASTHET<\/strong><br \/>\n80 cm lang rundpinne nr. 4 og 3,5<br \/>\nBruker du rundpinner med utskiftbare tupper anbefaler<br \/>\nvi \u00e5 bruke en tupp nr. 4 og en tupp nr. 3<br \/>\n24 masker glattstrikk med en tr\u00e5d av hver kvalitet p\u00e5 pinne nr. 4 = 10 cm<\/p>\n","protected":false},"excerpt":{"rendered":"<p class=\"p1\">HappyFeet familien har ogs\u00e5 et medlem for late dager.<br \/>\nHappyFeet Lazy days er strikket i samme garn som originalen og varmer anklene litt ekstra.<br \/>\nP\u00e5 hytta er det stor stas for alle \u00e5 ha matchende sokker, og de passer ogs\u00e5 perfekt til sm\u00e5 trippende f\u00f8tter p\u00e5 gulvkalde vinterdager hjemme.\u00a0Disse strikkes fra t\u00e5a og opp og du f\u00e5r pr\u00f8vd deg p\u00e5 morsomme teknikker som tyrkisk opplegg, magic loop og patentstrikk.<\/p>\n<p>&nbsp;<\/p>\n<p>&nbsp;<\/p>\n<p><strong>Norsk og Engelsk oppskrift.<\/strong> Du f\u00e5r tilgang til alle spr\u00e5k som pdf fil ved kj\u00f8p.<\/p>\n","protected":false},"featured_media":68572,"template":"","meta":{"_acf_changed":false,"_relevanssi_hide_post":"","_relevanssi_hide_content":"","_relevanssi_pin_for_all":"","_relevanssi_pin_keywords":"","_relevanssi_unpin_keywords":"","_relevanssi_related_keywords":"","_relevanssi_related_include_ids":"","_relevanssi_related_exclude_ids":"","_relevanssi_related_no_append":"","_relevanssi_related_not_related":"","_relevanssi_related_posts":"","_relevanssi_noindex_reason":""},"product_cat":[60,85,246],"product_tag":[],"class_list":{"0":"post-68541","1":"product","2":"type-product","3":"status-publish","4":"has-post-thumbnail","6":"product_cat-strikkeoppskrifter","7":"product_cat-happyfeet","8":"product_cat-tullemor-lillebror","10":"first","11":"instock","12":"downloadable","13":"taxable","14":"shipping-taxable","15":"purchasable","16":"product-type-mht_bundle"},"acf":[],"_links":{"self":[{"href":"https:\/\/martehelgetun.no\/en\/wp-json\/wp\/v2\/product\/68541","targetHints":{"allow":["GET"]}}],"collection":[{"href":"https:\/\/martehelgetun.no\/en\/wp-json\/wp\/v2\/product"}],"about":[{"href":"https:\/\/martehelgetun.no\/en\/wp-json\/wp\/v2\/types\/product"}],"wp:featuredmedia":[{"embeddable":true,"href":"https:\/\/martehelgetun.no\/en\/wp-json\/wp\/v2\/media\/68572"}],"wp:attachment":[{"href":"https:\/\/martehelgetun.no\/en\/wp-json\/wp\/v2\/media?parent=68541"}],"wp:term":[{"taxonomy":"product_cat","embeddable":true,"href":"https:\/\/martehelgetun.no\/en\/wp-json\/wp\/v2\/product_cat?post=68541"},{"taxonomy":"product_tag","embeddable":true,"href":"https:\/\/martehelgetun.no\/en\/wp-json\/wp\/v2\/product_tag?post=68541"}],"curies":[{"name":"wp","href":"https:\/\/api.w.org\/{rel}","templated":true}]}}