{"id":68516,"date":"2023-12-11T15:06:47","date_gmt":"2023-12-11T14:06:47","guid":{"rendered":"http:\/\/martehelgetun.no\/?post_type=product&#038;p=68516"},"modified":"2025-06-10T13:06:01","modified_gmt":"2025-06-10T11:06:01","slug":"sidrompabukse-til-baby","status":"publish","type":"product","link":"https:\/\/martehelgetun.no\/en\/produkt\/sidrompabukse-til-baby\/","title":{"rendered":"Sidrompabukse til baby"},"content":{"rendered":"<p><strong>ST\u00d8RRELSER OG M\u00c5L<\/strong><br \/>\nSt\u00f8rrelser: 3 (6) 9 (12) m\u00e5neder<br \/>\nLivvidde: 42 (44) 48 (50) cm<br \/>\nBeinlengde: 18 (20) 24 (28) cm<br \/>\nHel lengde: 48 (52) 58 (64) cm inklusive oppbrett<\/p>\n<p>&nbsp;<\/p>\n<p><strong>GARN OG GARNFORBRUK<\/strong><br \/>\nLunt by Marte Helgetun<br \/>\n3 (3) 4 (4) n\u00f8ster Lunt nr. 06 Skifer<\/p>\n<p>&nbsp;<\/p>\n<p><strong>PINNER OG STRIKKEFASTHET<\/strong><br \/>\nRundpinne 40 cm lang nr. 2,5,<br \/>\nRundpinne 60 cm lang nr. 3,5<br \/>\nStr\u00f8mpepinner nr. 2,5 og 3,5.<br \/>\n26 masker glattstrikk p\u00e5 pinner nr. 3,5 = 10 cm<\/p>\n","protected":false},"excerpt":{"rendered":"<p>Denne buksen er \u201ckort i lortfallet\u201d som vi sier her p\u00e5 Nordm\u00f8re. Det betyr at det er en litt sidrompa og posete babybukse. Sidrompabuksa har god plass til bleie og har korte bein med lange vrangborder. Buksen strikkes fra livet og ned og er derfor veldig lett \u00e5 tilpasse.<br \/>\nT\u00f8ffere babybukse skal du lete lenge etter!<\/p>\n<p>&nbsp;<\/p>\n<p>&nbsp;<\/p>\n<p><strong>Norsk og Engelsk oppskrift.<\/strong> Du f\u00e5r tilgang til alle spr\u00e5k som pdf fil ved kj\u00f8p.<\/p>\n","protected":false},"featured_media":68519,"template":"","meta":{"_acf_changed":false,"_relevanssi_hide_post":"","_relevanssi_hide_content":"","_relevanssi_pin_for_all":"","_relevanssi_pin_keywords":"","_relevanssi_unpin_keywords":"","_relevanssi_related_keywords":"","_relevanssi_related_include_ids":"","_relevanssi_related_exclude_ids":"","_relevanssi_related_no_append":"","_relevanssi_related_not_related":"","_relevanssi_related_posts":"","_relevanssi_noindex_reason":""},"product_cat":[60,246,202],"product_tag":[],"class_list":{"0":"post-68516","1":"product","2":"type-product","3":"status-publish","4":"has-post-thumbnail","6":"product_cat-strikkeoppskrifter","7":"product_cat-tullemor-lillebror","8":"product_cat-bukser","10":"first","11":"instock","12":"downloadable","13":"taxable","14":"shipping-taxable","15":"purchasable","16":"product-type-mht_bundle"},"acf":[],"_links":{"self":[{"href":"https:\/\/martehelgetun.no\/en\/wp-json\/wp\/v2\/product\/68516","targetHints":{"allow":["GET"]}}],"collection":[{"href":"https:\/\/martehelgetun.no\/en\/wp-json\/wp\/v2\/product"}],"about":[{"href":"https:\/\/martehelgetun.no\/en\/wp-json\/wp\/v2\/types\/product"}],"wp:featuredmedia":[{"embeddable":true,"href":"https:\/\/martehelgetun.no\/en\/wp-json\/wp\/v2\/media\/68519"}],"wp:attachment":[{"href":"https:\/\/martehelgetun.no\/en\/wp-json\/wp\/v2\/media?parent=68516"}],"wp:term":[{"taxonomy":"product_cat","embeddable":true,"href":"https:\/\/martehelgetun.no\/en\/wp-json\/wp\/v2\/product_cat?post=68516"},{"taxonomy":"product_tag","embeddable":true,"href":"https:\/\/martehelgetun.no\/en\/wp-json\/wp\/v2\/product_tag?post=68516"}],"curies":[{"name":"wp","href":"https:\/\/api.w.org\/{rel}","templated":true}]}}