{"id":68503,"date":"2023-12-11T15:01:17","date_gmt":"2023-12-11T14:01:17","guid":{"rendered":"http:\/\/martehelgetun.no\/?post_type=product&#038;p=68503"},"modified":"2025-06-10T13:11:30","modified_gmt":"2025-06-10T11:11:30","slug":"babyteppe-i-lunt-fargespill","status":"publish","type":"product","link":"https:\/\/martehelgetun.no\/en\/produkt\/babyteppe-i-lunt-fargespill\/","title":{"rendered":"Babyteppe i Lunt Fargespill"},"content":{"rendered":"<div id=\"OuterWrapper\" class=\"product-outer-wrapper\">\n<div class=\"product\">\n<div class=\"productTxtOuter\">\n<div id=\"EditorContentContainer\" class=\"EditorContentContainer \">\n<p><strong>ST\u00d8RRELSER OG M\u00c5L<br \/>\n<\/strong>St\u00f8rrelser: En st\u00f8rrelse<br \/>\nVidde: ca 88 cm<br \/>\nLengde: ca. 88 cm<\/p>\n<p>&nbsp;<\/p>\n<p><strong>GARN OG GARNFORBRUK<\/strong><br \/>\nFargespill by Marte Helgetun og<br \/>\n2 n\u00f8ster Fargespill nr. 02 Tressis<br \/>\neller 2 n\u00f8ster Jeansbl\u00e5 som er brukt p\u00e5 bildet sammen med HappyFeet Panda<\/p>\n<p>&nbsp;<\/p>\n<p><strong>PINNER OG STRIKKEFASTHET<\/strong><br \/>\n80 cm rundpinne nr. 4,5<br \/>\n20 masker rillestrikk p\u00e5 pinne nr. 4,5 = 10 cm i bredden<\/p>\n<\/div>\n<section class=\"download-pattern-wrapper\"><\/section>\n<\/div>\n<\/div>\n<\/div>\n<section class=\"relatedProducts\">\n<div class=\"inner\"><\/div>\n<\/section>\n","protected":false},"excerpt":{"rendered":"<p>Et nydelig teppe til den lille, strikket i Lunt Fargespill som er spunnet av den aller mykeste merinoulla. Rillestrikkede babytepper gj\u00f8r at det er mye luft i teppet, noe som gj\u00f8r at det varmer veldig godt.<\/p>\n<p>&nbsp;<\/p>\n<p>&nbsp;<\/p>\n<p><strong>Norsk og Engelsk oppskrift.<\/strong> Du f\u00e5r tilgang til alle spr\u00e5k som pdf fil ved kj\u00f8p.<\/p>\n","protected":false},"featured_media":68512,"template":"","meta":{"_acf_changed":false,"_relevanssi_hide_post":"","_relevanssi_hide_content":"","_relevanssi_pin_for_all":"","_relevanssi_pin_keywords":"","_relevanssi_unpin_keywords":"","_relevanssi_related_keywords":"","_relevanssi_related_include_ids":"","_relevanssi_related_exclude_ids":"","_relevanssi_related_no_append":"","_relevanssi_related_not_related":"","_relevanssi_related_posts":"","_relevanssi_noindex_reason":""},"product_cat":[60,86,246,203],"product_tag":[],"class_list":{"0":"post-68503","1":"product","2":"type-product","3":"status-publish","4":"has-post-thumbnail","6":"product_cat-strikkeoppskrifter","7":"product_cat-fargespill","8":"product_cat-tullemor-lillebror","9":"product_cat-teppe","11":"first","12":"instock","13":"downloadable","14":"taxable","15":"shipping-taxable","16":"purchasable","17":"product-type-mht_bundle"},"acf":[],"_links":{"self":[{"href":"https:\/\/martehelgetun.no\/en\/wp-json\/wp\/v2\/product\/68503","targetHints":{"allow":["GET"]}}],"collection":[{"href":"https:\/\/martehelgetun.no\/en\/wp-json\/wp\/v2\/product"}],"about":[{"href":"https:\/\/martehelgetun.no\/en\/wp-json\/wp\/v2\/types\/product"}],"wp:featuredmedia":[{"embeddable":true,"href":"https:\/\/martehelgetun.no\/en\/wp-json\/wp\/v2\/media\/68512"}],"wp:attachment":[{"href":"https:\/\/martehelgetun.no\/en\/wp-json\/wp\/v2\/media?parent=68503"}],"wp:term":[{"taxonomy":"product_cat","embeddable":true,"href":"https:\/\/martehelgetun.no\/en\/wp-json\/wp\/v2\/product_cat?post=68503"},{"taxonomy":"product_tag","embeddable":true,"href":"https:\/\/martehelgetun.no\/en\/wp-json\/wp\/v2\/product_tag?post=68503"}],"curies":[{"name":"wp","href":"https:\/\/api.w.org\/{rel}","templated":true}]}}