{"id":68497,"date":"2023-12-11T15:32:43","date_gmt":"2023-12-11T14:32:43","guid":{"rendered":"http:\/\/martehelgetun.no\/?post_type=product&#038;p=68497"},"modified":"2025-06-10T13:53:47","modified_gmt":"2025-06-10T11:53:47","slug":"its-christmas-baby-ballerina","status":"publish","type":"product","link":"https:\/\/martehelgetun.no\/en\/produkt\/its-christmas-baby-ballerina\/","title":{"rendered":"Its Christmas Baby Ballerina"},"content":{"rendered":"<p class=\"p1\"><strong>ST\u00d8RRELSER OG M\u00c5L<\/strong><br \/>\nSt\u00f8rrelse: 3 (6) 9 (12) m\u00e5neder<br \/>\nLengde: ca 9 (10) (11,5) 13 cm<\/p>\n<p>&nbsp;<\/p>\n<p class=\"p1\"><strong>GARN OG GARNFORBRUK<\/strong><br \/>\nLunt by Marte Helgetun<br \/>\n1 n\u00f8ste Lunt nr. 12 Traneb\u00e6r<\/p>\n<p>&nbsp;<\/p>\n<p class=\"p1\"><strong>TILBEH\u00d8R<\/strong><br \/>\n2 sm\u00e5 blingknapper<\/p>\n<p>&nbsp;<\/p>\n<p class=\"p1\"><strong>PINNER OG STRIKKEFASTHET<\/strong><br \/>\nStr\u00f8mpepinner nr. 3<br \/>\n28 masker perlestrikk p\u00e5 pinne nr. 3 =10 cm<\/p>\n","protected":false},"excerpt":{"rendered":"<p>De myke ballerinat\u00f8flene holder sm\u00e5 f\u00f8tter varme og er et fint tilbeh\u00f8r \u00e5 smette p\u00e5\u00a0sammen med de andre It`s Christmas baby plaggene. Oppskriften finner du b\u00e5de som singeloppskrift og i heftet \u00abIt\u00b4s Christmas Baby\u00bb.<\/p>\n<p>&nbsp;<\/p>\n<p>&nbsp;<\/p>\n<p><strong>Norsk og Engelsk oppskrift.<\/strong> Du f\u00e5r tilgang til alle spr\u00e5k som pdf fil ved kj\u00f8p.<\/p>\n","protected":false},"featured_media":68431,"template":"","meta":{"_acf_changed":false,"_relevanssi_hide_post":"","_relevanssi_hide_content":"","_relevanssi_pin_for_all":"","_relevanssi_pin_keywords":"","_relevanssi_unpin_keywords":"","_relevanssi_related_keywords":"","_relevanssi_related_include_ids":"","_relevanssi_related_exclude_ids":"","_relevanssi_related_no_append":"","_relevanssi_related_not_related":"","_relevanssi_related_posts":"","_relevanssi_noindex_reason":""},"product_cat":[60,246],"product_tag":[],"class_list":{"0":"post-68497","1":"product","2":"type-product","3":"status-publish","4":"has-post-thumbnail","6":"product_cat-strikkeoppskrifter","7":"product_cat-tullemor-lillebror","9":"first","10":"instock","11":"downloadable","12":"taxable","13":"shipping-taxable","14":"purchasable","15":"product-type-mht_bundle"},"acf":[],"_links":{"self":[{"href":"https:\/\/martehelgetun.no\/en\/wp-json\/wp\/v2\/product\/68497","targetHints":{"allow":["GET"]}}],"collection":[{"href":"https:\/\/martehelgetun.no\/en\/wp-json\/wp\/v2\/product"}],"about":[{"href":"https:\/\/martehelgetun.no\/en\/wp-json\/wp\/v2\/types\/product"}],"wp:featuredmedia":[{"embeddable":true,"href":"https:\/\/martehelgetun.no\/en\/wp-json\/wp\/v2\/media\/68431"}],"wp:attachment":[{"href":"https:\/\/martehelgetun.no\/en\/wp-json\/wp\/v2\/media?parent=68497"}],"wp:term":[{"taxonomy":"product_cat","embeddable":true,"href":"https:\/\/martehelgetun.no\/en\/wp-json\/wp\/v2\/product_cat?post=68497"},{"taxonomy":"product_tag","embeddable":true,"href":"https:\/\/martehelgetun.no\/en\/wp-json\/wp\/v2\/product_tag?post=68497"}],"curies":[{"name":"wp","href":"https:\/\/api.w.org\/{rel}","templated":true}]}}