{"id":68462,"date":"2023-12-11T13:19:22","date_gmt":"2023-12-11T12:19:22","guid":{"rendered":"http:\/\/martehelgetun.no\/?post_type=product&#038;p=68462"},"modified":"2025-06-10T13:05:51","modified_gmt":"2025-06-10T11:05:51","slug":"its-christmas-baby-bloomerdet-fine-med-denne-bloomeren-er-at-den-passer-bade-under-kjolen-og-alene-gjor-gjerne-om-sloyfa-til-en-propell-og-bruk-den-til-finskjorta-bloomeren-strikkes-ovenfra-og-ned-m","status":"publish","type":"product","link":"https:\/\/martehelgetun.no\/en\/produkt\/its-christmas-baby-bloomerdet-fine-med-denne-bloomeren-er-at-den-passer-bade-under-kjolen-og-alene-gjor-gjerne-om-sloyfa-til-en-propell-og-bruk-den-til-finskjorta-bloomeren-strikkes-ovenfra-og-ned-m\/","title":{"rendered":"Its Christmas Baby Bloomer"},"content":{"rendered":"<p><strong>ST\u00d8RRELSER OG M\u00c5L<br \/>\n<\/strong>St\u00f8rrelse: 3 (6) 9 (12) m\u00e5neder<br \/>\nVidde: 37 (40) 43 (46) cm<br \/>\nHel lengde: 17 (19) (21) 24 cm<\/p>\n<p>&nbsp;<\/p>\n<p><strong>GARN OG GARNFORBRUK<br \/>\n<\/strong>Lunt by Marte Helgetun<br \/>\n2 (2) 2 (2) n\u00f8ster Lunt nr. 09 Skog<\/p>\n<p>&nbsp;<\/p>\n<p><strong>TILBEH\u00d8R<br \/>\n<\/strong>1 liten blingknapp<br \/>\nKnapphullstrikk til livet<\/p>\n<p>&nbsp;<\/p>\n<p><strong>PINNER OG STRIKKEFASTHET<br \/>\n<\/strong>Rundpinne 40 cm lang nr. 3<br \/>\nEn 80 cm lang rundpinne nr. 3 til\u00a0benkantene eller str\u00f8mpepinner hvis du\u00a0ikke strikker magic loop<br \/>\n28 masker perlestrikk p\u00e5 pinne nr. 3 = 10 cm<\/p>\n","protected":false},"excerpt":{"rendered":"<p>Det fine med denne bloomeren er at den passer b\u00e5de under kjolen og alene. Gj\u00f8r gjerne\u00a0om sl\u00f8yfa til en propell og bruk den til finskjorta. Bloomeren strikkes ovenfra og ned\u00a0med belegg slik at du kan tre i en strikk i livet. Oppskriften finner du b\u00e5de som singeloppskrift og i heftet \u00abIt\u00b4s Christmas Baby\u00bb.<\/p>\n<p>&nbsp;<\/p>\n<p>&nbsp;<\/p>\n<p><strong>Norsk og Engelsk oppskrift.<\/strong> Du f\u00e5r tilgang til alle spr\u00e5k som pdf fil ved kj\u00f8p.<\/p>\n","protected":false},"featured_media":68419,"template":"","meta":{"_acf_changed":false,"_relevanssi_hide_post":"","_relevanssi_hide_content":"","_relevanssi_pin_for_all":"","_relevanssi_pin_keywords":"","_relevanssi_unpin_keywords":"","_relevanssi_related_keywords":"","_relevanssi_related_include_ids":"","_relevanssi_related_exclude_ids":"","_relevanssi_related_no_append":"","_relevanssi_related_not_related":"","_relevanssi_related_posts":"","_relevanssi_noindex_reason":""},"product_cat":[60,246,202],"product_tag":[115,116,33],"class_list":{"0":"post-68462","1":"product","2":"type-product","3":"status-publish","4":"has-post-thumbnail","6":"product_cat-strikkeoppskrifter","7":"product_cat-tullemor-lillebror","8":"product_cat-bukser","9":"product_tag-baby","10":"product_tag-its-christmas-baby","11":"product_tag-lunt","13":"first","14":"instock","15":"downloadable","16":"taxable","17":"shipping-taxable","18":"purchasable","19":"product-type-mht_bundle"},"acf":[],"_links":{"self":[{"href":"https:\/\/martehelgetun.no\/en\/wp-json\/wp\/v2\/product\/68462","targetHints":{"allow":["GET"]}}],"collection":[{"href":"https:\/\/martehelgetun.no\/en\/wp-json\/wp\/v2\/product"}],"about":[{"href":"https:\/\/martehelgetun.no\/en\/wp-json\/wp\/v2\/types\/product"}],"wp:featuredmedia":[{"embeddable":true,"href":"https:\/\/martehelgetun.no\/en\/wp-json\/wp\/v2\/media\/68419"}],"wp:attachment":[{"href":"https:\/\/martehelgetun.no\/en\/wp-json\/wp\/v2\/media?parent=68462"}],"wp:term":[{"taxonomy":"product_cat","embeddable":true,"href":"https:\/\/martehelgetun.no\/en\/wp-json\/wp\/v2\/product_cat?post=68462"},{"taxonomy":"product_tag","embeddable":true,"href":"https:\/\/martehelgetun.no\/en\/wp-json\/wp\/v2\/product_tag?post=68462"}],"curies":[{"name":"wp","href":"https:\/\/api.w.org\/{rel}","templated":true}]}}