{"id":68453,"date":"2023-12-11T13:05:21","date_gmt":"2023-12-11T12:05:21","guid":{"rendered":"http:\/\/martehelgetun.no\/?post_type=product&#038;p=68453"},"modified":"2025-06-10T13:37:56","modified_gmt":"2025-06-10T11:37:56","slug":"tullemor-og-lillebrors-flettelue","status":"publish","type":"product","link":"https:\/\/martehelgetun.no\/en\/produkt\/tullemor-og-lillebrors-flettelue\/","title":{"rendered":"Tullemor og Lillebrors Flettelue"},"content":{"rendered":"<p><strong>ST\u00d8RRELSER OG M\u00c5L<\/strong><br \/>\nSt\u00f8rrelser: (0,5 \u00e5r) barnehagebarn (skolebarn)<\/p>\n<p>&nbsp;<\/p>\n<p><strong>GARN OG GARNFORBRUK<\/strong><br \/>\nLunt + Lett by Marte Helgetun<br \/>\n(1) 1 (1) n\u00f8ste Lunt nr. 14 Kl\u00f8ver<br \/>\n(1) 1 (1) n\u00f8ste Lett nr. 14 Kl\u00f8ver<\/p>\n<p>&nbsp;<\/p>\n<p><strong>PINNER OG STRIKKEFASTHET<\/strong><br \/>\n60 cm rundpinne eller settpinner nr. 4,5<br \/>\nHeklekrok nr. 4,5 for \u00e5 trekke snorene gjennom \u00f8reklaffen.<br \/>\n20 masker rillestrikk p\u00e5 pinne nr. 4,5 = 10 cm<\/p>\n","protected":false},"excerpt":{"rendered":"<p>Denne fletteluen har v\u00e6rt en av mine mest popul\u00e6re oppskrifter og var med i min f\u00f8rste bok \u201cI all enkelhet\u201d Den er kjapstrikket og sitter godt p\u00e5 hodet til de sm\u00e5.<br \/>\nEt perfekt prosjekt for den som \u00f8nsker \u00e5 l\u00e6re seg \u00e5 flette. Luen er strikket p\u00e5 tvers med en tr\u00e5d av hver kvalitet og syes sammen midt bak.<\/p>\n<p>&nbsp;<\/p>\n<p>&nbsp;<\/p>\n<p><strong>Norsk og Engelsk oppskrift.<\/strong> Du f\u00e5r tilgang til alle spr\u00e5k som pdf fil ved kj\u00f8p.<\/p>\n","protected":false},"featured_media":68456,"template":"","meta":{"_acf_changed":false,"_relevanssi_hide_post":"","_relevanssi_hide_content":"","_relevanssi_pin_for_all":"","_relevanssi_pin_keywords":"","_relevanssi_unpin_keywords":"","_relevanssi_related_keywords":"","_relevanssi_related_include_ids":"","_relevanssi_related_exclude_ids":"","_relevanssi_related_no_append":"","_relevanssi_related_not_related":"","_relevanssi_related_posts":"","_relevanssi_noindex_reason":""},"product_cat":[60,246,401],"product_tag":[],"class_list":{"0":"post-68453","1":"product","2":"type-product","3":"status-publish","4":"has-post-thumbnail","6":"product_cat-strikkeoppskrifter","7":"product_cat-tullemor-lillebror","8":"product_cat-lue-panneband","10":"first","11":"instock","12":"downloadable","13":"taxable","14":"shipping-taxable","15":"purchasable","16":"product-type-mht_bundle"},"acf":[],"_links":{"self":[{"href":"https:\/\/martehelgetun.no\/en\/wp-json\/wp\/v2\/product\/68453","targetHints":{"allow":["GET"]}}],"collection":[{"href":"https:\/\/martehelgetun.no\/en\/wp-json\/wp\/v2\/product"}],"about":[{"href":"https:\/\/martehelgetun.no\/en\/wp-json\/wp\/v2\/types\/product"}],"wp:featuredmedia":[{"embeddable":true,"href":"https:\/\/martehelgetun.no\/en\/wp-json\/wp\/v2\/media\/68456"}],"wp:attachment":[{"href":"https:\/\/martehelgetun.no\/en\/wp-json\/wp\/v2\/media?parent=68453"}],"wp:term":[{"taxonomy":"product_cat","embeddable":true,"href":"https:\/\/martehelgetun.no\/en\/wp-json\/wp\/v2\/product_cat?post=68453"},{"taxonomy":"product_tag","embeddable":true,"href":"https:\/\/martehelgetun.no\/en\/wp-json\/wp\/v2\/product_tag?post=68453"}],"curies":[{"name":"wp","href":"https:\/\/api.w.org\/{rel}","templated":true}]}}