{"id":68400,"date":"2023-12-11T12:17:41","date_gmt":"2023-12-11T11:17:41","guid":{"rendered":"http:\/\/martehelgetun.no\/?post_type=product&#038;p=68400"},"modified":"2026-04-22T15:42:38","modified_gmt":"2026-04-22T13:42:38","slug":"its-christmas-baby-kjole","status":"publish","type":"product","link":"https:\/\/martehelgetun.no\/en\/produkt\/its-christmas-baby-kjole\/","title":{"rendered":"Its Christmas Baby Kjole"},"content":{"rendered":"<p class=\"p1\"><strong>ST\u00d8RRELSER OG M\u00c5L<\/strong><br \/>\nSt\u00f8rrelse: 3 (6) 9 (12) m\u00e5neder<br \/>\nVidde: 50 (56) 61 (67) cm<br \/>\nHel lengde: 35 (40) 45 (50) cm<\/p>\n<p>&nbsp;<\/p>\n<p class=\"p1\"><strong>GARN OG GARNFORBRUK<\/strong><br \/>\nLunt by Marte Helgetun<br \/>\n2 (3) 3 (4) n\u00f8ster Lunt nr. 12 Traneb\u00e6r<\/p>\n<p>&nbsp;<\/p>\n<p class=\"p1\"><strong>TILBEH\u00d8R<\/strong><br \/>\n3 sm\u00e5 blingknapper<br \/>\n3 sm\u00e5 trykknapper bak p\u00e5 kjolen<\/p>\n<p>&nbsp;<\/p>\n<p class=\"p1\"><strong>PINNER OG STRIKKEFASTHET<\/strong><br \/>\nRundpinne 40 cm lang nr. 3<br \/>\n80 cm lang rundpinne nr. 3 til ermene eller<br \/>\nstr\u00f8mpepinner hvis du ikke strikker magic loop<br \/>\n28 masker glattstrikk p\u00e5 pinne nr. 3 = 10 cm<\/p>\n","protected":false},"excerpt":{"rendered":"<p>Med detaljer i form av perlestrikkede kanter, puffermer, sl\u00f8yfe og blingknapper blir\u00a0denne kjolen lett \u00e5 finne frem til tullemor ved spesielle anledninger. Kjolen strikkes ovenfra og ned. Oppskriften finner du b\u00e5de som singeloppskrift og i heftet \u00abIt\u00b4s Christmas Baby\u00bb.<\/p>\n<p>&nbsp;<\/p>\n<p><strong>Norsk og Engelsk oppskrift.<\/strong> Du f\u00e5r tilgang til alle spr\u00e5k som pdf fil ved kj\u00f8p.<\/p>\n<hr \/>\n<p data-start=\"0\" data-end=\"268\">With details like seed stitch edges, puff sleeves, a bow, and sparkling buttons, this dress is sure to be a favorite for special occasions. The dress is worked top-down. The pattern is available both as an individual pattern and in the booklet <em data-start=\"244\" data-end=\"265\">It\u2019s Christmas Baby<\/em>.<\/p>\n<p data-start=\"270\" data-end=\"378\" data-is-last-node=\"\" data-is-only-node=\"\"><strong>Norwegian and English pattern included.<\/strong> You will receive access to all languages as PDF files upon purchase.<\/p>\n","protected":false},"featured_media":68407,"template":"","meta":{"_acf_changed":false,"_relevanssi_hide_post":"","_relevanssi_hide_content":"","_relevanssi_pin_for_all":"","_relevanssi_pin_keywords":"","_relevanssi_unpin_keywords":"","_relevanssi_related_keywords":"","_relevanssi_related_include_ids":"","_relevanssi_related_exclude_ids":"","_relevanssi_related_no_append":"","_relevanssi_related_not_related":"","_relevanssi_related_posts":"","_relevanssi_noindex_reason":""},"product_cat":[60,246,201],"product_tag":[],"class_list":{"0":"post-68400","1":"product","2":"type-product","3":"status-publish","4":"has-post-thumbnail","6":"product_cat-strikkeoppskrifter","7":"product_cat-tullemor-lillebror","8":"product_cat-kjoler-og-skjort","10":"first","11":"instock","12":"downloadable","13":"taxable","14":"shipping-taxable","15":"purchasable","16":"product-type-mht_bundle"},"acf":[],"_links":{"self":[{"href":"https:\/\/martehelgetun.no\/en\/wp-json\/wp\/v2\/product\/68400","targetHints":{"allow":["GET"]}}],"collection":[{"href":"https:\/\/martehelgetun.no\/en\/wp-json\/wp\/v2\/product"}],"about":[{"href":"https:\/\/martehelgetun.no\/en\/wp-json\/wp\/v2\/types\/product"}],"wp:featuredmedia":[{"embeddable":true,"href":"https:\/\/martehelgetun.no\/en\/wp-json\/wp\/v2\/media\/68407"}],"wp:attachment":[{"href":"https:\/\/martehelgetun.no\/en\/wp-json\/wp\/v2\/media?parent=68400"}],"wp:term":[{"taxonomy":"product_cat","embeddable":true,"href":"https:\/\/martehelgetun.no\/en\/wp-json\/wp\/v2\/product_cat?post=68400"},{"taxonomy":"product_tag","embeddable":true,"href":"https:\/\/martehelgetun.no\/en\/wp-json\/wp\/v2\/product_tag?post=68400"}],"curies":[{"name":"wp","href":"https:\/\/api.w.org\/{rel}","templated":true}]}}