{"id":68367,"date":"2023-11-27T16:32:03","date_gmt":"2023-11-27T15:32:03","guid":{"rendered":"http:\/\/martehelgetun.no\/?post_type=product&#038;p=68367"},"modified":"2024-11-26T12:39:29","modified_gmt":"2024-11-26T11:39:29","slug":"lantern-moon-utskiftbare-tupper-45-mm-normal-lengde-13-cm","status":"publish","type":"product","link":"https:\/\/martehelgetun.no\/en\/produkt\/lantern-moon-utskiftbare-tupper-45-mm-normal-lengde-13-cm\/","title":{"rendered":"Lantern Moon utskiftbare tupper &#8211; 4,5 mm &#8211; normal lengde 13 cm"},"content":{"rendered":"<p>Tuppene er laget av ibenholt, og skj\u00f8tene er belagt med 24K gull. Du f\u00e5r alts\u00e5 et sett med strikkepinner som b\u00e5de f\u00f8les gode i hendene og ser eksklusive ut. Pinnest\u00f8rrelsen er gravert inn. B\u00e5de vaieren og tuppene er kompatible med alle utskiftbare tupper fra Lantern Moon og de andre KnitPro-seriene som Symfonie, Cubics, Karbonz\u00a0mm.<\/p>\n<p>Etter at du har skrudd pinnetuppene fast p\u00e5 vaieren bruker du strammen\u00f8kkelen som f\u00f8lger med for \u00e5 sikre at pinnene ikke l\u00f8sner mens du strikker. I pakken f\u00f8lger det ogs\u00e5 med 2 endestoppere i tre.<\/p>\n<p>Tuppene finnes i to lengder 10 og 13 cm. Jeg syns 10 cm passer fint til 40-50 lengdene og 13 cm tuppene til de andre, men skal du bruke den korteste vaieren m\u00e5 du bruke de korte tuppene.<\/p>\n<p>&nbsp;<\/p>\n<p>Pinne Tips &amp; Triks<br \/>\nJeg liker gjerne \u00e5 ha ulik tykkelse p\u00e5 tuppene mens jeg strikker. Hvis du strikker rundt pleier jeg \u00e5 ha riktig tykkelse i h\u00f8yre h\u00e5nd mens jeg har et nr. mindre i venstre. Da glir maskene s\u00e5 lett inn p\u00e5 pinnen og jeg strikker jevnere.<\/p>\n<p>Noen strikker ogs\u00e5 litt l\u00f8sere fra vrangen n\u00e5r man strikker fram og tilbake, da har du muligheten til \u00e5 justere opp eller ned en halvst\u00f8rrelse slik at du unng\u00e5r striper.<\/p>\n<p>Det fine med \u00e5 bruke utskiftbare pinner er at du kan endre pinnest\u00f8rrelse midt i et prosjekt. Hvis du f.eks. skal strikke vrangbord, kan du bare la maskene ligge p\u00e5 vaieren og ganske enkelt bytte tupper.<\/p>\n<p>&nbsp;<\/p>\n<p>&nbsp;<\/p>\n","protected":false},"excerpt":{"rendered":"<div class=\"flex-shrink-0 flex flex-col relative items-end\">\n<div class=\"pt-0.5\">\n<div class=\"gizmo-shadow-stroke flex h-6 w-6 items-center justify-center overflow-hidden rounded-full\">\n<p>Eksklusive utskiftbare pinnetupper fra Lantern Moon laget av ibenholt, og skj\u00f8tene er belagt med 24K gull. Du f\u00e5r alts\u00e5 et sett med strikkepinner som b\u00e5de f\u00f8les gode i hendene og ser eksklusive ut. Pinnest\u00f8rrelsen er gravert inn b\u00e5de US og mm.<br \/>\nLantern Moons produkter er h\u00e5ndlaget i India og fair trade.<\/p>\n<p>Vaieren er ikke inkludert. Vi f\u00f8rer to typer vaiere, en som er fast (Fixed) og en som roterer (Swivel)<\/p>\n<\/div>\n<\/div>\n<\/div>\n<div class=\"relative flex w-[calc(100%-50px)] flex-col gizmo:w-full lg:w-[calc(100%-115px)] agent-turn\">\n<div class=\"flex-col gap-1 md:gap-3\">\n<div class=\"flex flex-grow flex-col max-w-full gap-3 gizmo:gap-0\">\n<div class=\"min-h-[20px] text-message flex flex-col items-start gap-3 whitespace-pre-wrap break-words [.text-message+&amp;]:mt-5 overflow-x-auto\" data-message-author-role=\"assistant\" data-message-id=\"39030525-c2bd-4c4c-a4ef-9a5154685813\">\n<div class=\"markdown prose w-full break-words dark:prose-invert light\">\n<p>&nbsp;<\/p>\n<\/div>\n<\/div>\n<\/div>\n<\/div>\n<\/div>\n","protected":false},"featured_media":68352,"template":"","meta":{"_acf_changed":false,"_relevanssi_hide_post":"","_relevanssi_hide_content":"","_relevanssi_pin_for_all":"","_relevanssi_pin_keywords":"","_relevanssi_unpin_keywords":"","_relevanssi_related_keywords":"","_relevanssi_related_include_ids":"","_relevanssi_related_exclude_ids":"","_relevanssi_related_no_append":"","_relevanssi_related_not_related":"","_relevanssi_related_posts":"","_relevanssi_noindex_reason":""},"product_cat":[88,93],"product_tag":[],"acf":[],"_links":{"self":[{"href":"https:\/\/martehelgetun.no\/en\/wp-json\/wp\/v2\/product\/68367"}],"collection":[{"href":"https:\/\/martehelgetun.no\/en\/wp-json\/wp\/v2\/product"}],"about":[{"href":"https:\/\/martehelgetun.no\/en\/wp-json\/wp\/v2\/types\/product"}],"wp:featuredmedia":[{"embeddable":true,"href":"https:\/\/martehelgetun.no\/en\/wp-json\/wp\/v2\/media\/68352"}],"wp:attachment":[{"href":"https:\/\/martehelgetun.no\/en\/wp-json\/wp\/v2\/media?parent=68367"}],"wp:term":[{"taxonomy":"product_cat","embeddable":true,"href":"https:\/\/martehelgetun.no\/en\/wp-json\/wp\/v2\/product_cat?post=68367"},{"taxonomy":"product_tag","embeddable":true,"href":"https:\/\/martehelgetun.no\/en\/wp-json\/wp\/v2\/product_tag?post=68367"}],"curies":[{"name":"wp","href":"https:\/\/api.w.org\/{rel}","templated":true}]}}