{"id":68345,"date":"2023-11-27T15:16:28","date_gmt":"2023-11-27T14:16:28","guid":{"rendered":"http:\/\/martehelgetun.no\/?post_type=product&#038;p=68345"},"modified":"2024-11-06T12:03:38","modified_gmt":"2024-11-06T11:03:38","slug":"lantern-moon-fixed-80-vaier","status":"publish","type":"product","link":"https:\/\/martehelgetun.no\/en\/produkt\/lantern-moon-fixed-80-vaier\/","title":{"rendered":"Lantern Moon Vaier Fixed 80"},"content":{"rendered":"<p>Lantern Moon sine vaiere er laget av nylonbelagt rustfritt st\u00e5l og er b\u00e5de slitesterke og fleksible. Endestykkene er belagt med 24K gull.\u00a0Vaierene er kompatible med alle utskiftbare tupper fra Lantern Moon og de andre KnitPro-seriene som Symfonie, Cubics, Karbonz\u00a0mm.<\/p>\n<p>Etter at du har skrudd pinnetuppene fast p\u00e5 vaieren bruker du strammen\u00f8kkelen som f\u00f8lger med for \u00e5 sikre at pinnene ikke l\u00f8sner mens du strikker. I pakken f\u00f8lger det f\u00f8lger det ogs\u00e5 med 2 endestoppere i tre.<\/p>\n<p>M\u00e5lene som er oppgitt er det totale m\u00e5let n\u00e5r vaier og pinnetupp er koblet sammen:\u00a040 cm (vaieren er 20 cm)\u00a050 cm (vaieren er 28 cm)\u00a060 cm (vaieren er 35 cm)\u00a080 cm (vaieren er 56 cm)\u00a0100 cm (vaieren er 76 cm)\u00a0120 cm (vaieren er 94 cm)\u00a0150 cm (vaieren er 125 cm)<\/p>\n<p>&nbsp;<\/p>\n","protected":false},"excerpt":{"rendered":"<div class=\"flex-shrink-0 flex flex-col relative items-end\">\n<div>\n<div class=\"pt-0.5\">\n<div class=\"gizmo-shadow-stroke flex h-6 w-6 items-center justify-center overflow-hidden rounded-full\">Lantern Moon&#8217;s Fixed vaiere. Disse roterer ikke. Du bruker dem du som en vanlig rundpinne og de egner seg ekstra godt til teknikker som magic loop, Tyrkisk opplegg mm p\u00e5 grunn av sin smidighet.<br \/>\nAlle Lantern Moons produkter er h\u00e5ndlaget i India og fair trade.<\/div>\n<\/div>\n<\/div>\n<\/div>\n<div class=\"relative flex w-[calc(100%-50px)] flex-col gizmo:w-full lg:w-[calc(100%-115px)] agent-turn\">\n<div class=\"flex-col gap-1 md:gap-3\">\n<div class=\"flex flex-grow flex-col max-w-full gap-3 gizmo:gap-0\">\n<div class=\"min-h-[20px] text-message flex flex-col items-start gap-3 whitespace-pre-wrap break-words [.text-message+&amp;]:mt-5 overflow-x-auto\" data-message-author-role=\"assistant\" data-message-id=\"39030525-c2bd-4c4c-a4ef-9a5154685813\">\n<div class=\"markdown prose w-full break-words dark:prose-invert light\">\n<p>2 kabler, 2 endestoppere i tre og 1 strammeverkt\u00f8y.<\/p>\n<p>&nbsp;<\/p>\n<p>&nbsp;<\/p>\n<\/div>\n<\/div>\n<\/div>\n<\/div>\n<\/div>\n","protected":false},"featured_media":68331,"template":"","meta":{"_acf_changed":false,"_relevanssi_hide_post":"","_relevanssi_hide_content":"","_relevanssi_pin_for_all":"","_relevanssi_pin_keywords":"","_relevanssi_unpin_keywords":"","_relevanssi_related_keywords":"","_relevanssi_related_include_ids":"","_relevanssi_related_exclude_ids":"","_relevanssi_related_no_append":"","_relevanssi_related_not_related":"","_relevanssi_related_posts":"","_relevanssi_noindex_reason":""},"product_cat":[88,94],"product_tag":[],"acf":[],"_links":{"self":[{"href":"https:\/\/martehelgetun.no\/en\/wp-json\/wp\/v2\/product\/68345"}],"collection":[{"href":"https:\/\/martehelgetun.no\/en\/wp-json\/wp\/v2\/product"}],"about":[{"href":"https:\/\/martehelgetun.no\/en\/wp-json\/wp\/v2\/types\/product"}],"wp:featuredmedia":[{"embeddable":true,"href":"https:\/\/martehelgetun.no\/en\/wp-json\/wp\/v2\/media\/68331"}],"wp:attachment":[{"href":"https:\/\/martehelgetun.no\/en\/wp-json\/wp\/v2\/media?parent=68345"}],"wp:term":[{"taxonomy":"product_cat","embeddable":true,"href":"https:\/\/martehelgetun.no\/en\/wp-json\/wp\/v2\/product_cat?post=68345"},{"taxonomy":"product_tag","embeddable":true,"href":"https:\/\/martehelgetun.no\/en\/wp-json\/wp\/v2\/product_tag?post=68345"}],"curies":[{"name":"wp","href":"https:\/\/api.w.org\/{rel}","templated":true}]}}