{"id":68325,"date":"2023-11-23T15:29:58","date_gmt":"2023-11-23T14:29:58","guid":{"rendered":"http:\/\/martehelgetun.no\/?post_type=product&#038;p=68325"},"modified":"2024-03-19T21:56:38","modified_gmt":"2024-03-19T20:56:38","slug":"skinntagg","status":"publish","type":"product","link":"https:\/\/martehelgetun.no\/en\/product\/skinntagg\/","title":{"rendered":"Skinntagg Svart"},"content":{"rendered":"","protected":false},"excerpt":{"rendered":"<p>Dette er en fin skinntagg med doble hull som gj\u00f8r det enkelt \u00e5 sy den p\u00e5 strikket\u00f8yet. Vi bruker disse p\u00e5 v\u00e5re popul\u00e6re HappyFeet modeller, eller i kanten p\u00e5 en strikkelue eller hals for \u00e5 gi den det lille ekstra. Vi har to farger p\u00e5 v\u00e5re skinntagger, svarte og naturfargede.<\/p>\n<p>V\u00e5re skinntagger er produsert i Portugal og er laget av ekte skinn, og blir finere og finere jo mer de blir brukt.<br \/>\nSt\u00f8rrelse 20 x 60 mm<\/p>\n","protected":false},"featured_media":68326,"template":"","meta":{"_acf_changed":false,"_relevanssi_hide_post":"","_relevanssi_hide_content":"","_relevanssi_pin_for_all":"","_relevanssi_pin_keywords":"","_relevanssi_unpin_keywords":"","_relevanssi_related_keywords":"","_relevanssi_related_include_ids":"","_relevanssi_related_exclude_ids":"","_relevanssi_related_no_append":"","_relevanssi_related_not_related":"","_relevanssi_related_posts":"","_relevanssi_noindex_reason":""},"product_brand":[],"product_cat":[91],"product_tag":[90,89],"class_list":{"0":"post-68325","1":"product","2":"type-product","3":"status-publish","4":"has-post-thumbnail","6":"product_cat-skinntagg","7":"product_tag-happyfeet","8":"product_tag-skinntagg","10":"first","11":"instock","12":"taxable","13":"shipping-taxable","14":"purchasable","15":"product-type-simple"},"acf":[],"_links":{"self":[{"href":"https:\/\/martehelgetun.no\/en\/wp-json\/wp\/v2\/product\/68325","targetHints":{"allow":["GET"]}}],"collection":[{"href":"https:\/\/martehelgetun.no\/en\/wp-json\/wp\/v2\/product"}],"about":[{"href":"https:\/\/martehelgetun.no\/en\/wp-json\/wp\/v2\/types\/product"}],"wp:featuredmedia":[{"embeddable":true,"href":"https:\/\/martehelgetun.no\/en\/wp-json\/wp\/v2\/media\/68326"}],"wp:attachment":[{"href":"https:\/\/martehelgetun.no\/en\/wp-json\/wp\/v2\/media?parent=68325"}],"wp:term":[{"taxonomy":"product_brand","embeddable":true,"href":"https:\/\/martehelgetun.no\/en\/wp-json\/wp\/v2\/product_brand?post=68325"},{"taxonomy":"product_cat","embeddable":true,"href":"https:\/\/martehelgetun.no\/en\/wp-json\/wp\/v2\/product_cat?post=68325"},{"taxonomy":"product_tag","embeddable":true,"href":"https:\/\/martehelgetun.no\/en\/wp-json\/wp\/v2\/product_tag?post=68325"}],"curies":[{"name":"wp","href":"https:\/\/api.w.org\/{rel}","templated":true}]}}