{"id":68241,"date":"2023-11-22T14:06:44","date_gmt":"2023-11-22T13:06:44","guid":{"rendered":"http:\/\/martehelgetun.no\/?post_type=product&#038;p=68241"},"modified":"2025-06-10T13:42:18","modified_gmt":"2025-06-10T11:42:18","slug":"hals-ala-lazy-days","status":"publish","type":"product","link":"https:\/\/martehelgetun.no\/en\/product\/hals-ala-lazy-days\/","title":{"rendered":"Hals a la Lazy Days"},"content":{"rendered":"<div class=\"page\" title=\"Page 4\">\n<div class=\"section\">\n<div class=\"layoutArea\">\n<div class=\"column\">\n<p><strong>ST\u00d8RRELSER OG MA\u030aL<\/strong><br \/>\nSt\u00f8rrelser: Dame<\/p>\n<p>&nbsp;<\/p>\n<p><strong>GARN OG GARNFORBRUK<\/strong><br \/>\nLunt + Lett by Marte Helgetun<br \/>\n1 n\u00f8ste Lunt nr. 04 Cappuccino<br \/>\n1 n\u00f8ste Lett nr. 04 Cappuccino<br \/>\n1 n\u00f8ste Lunt nr. 01 Kitt<br \/>\n1 n\u00f8ste Lett nr. 01 Kitt<\/p>\n<p>&nbsp;<\/p>\n<p><strong>TILBEH\u00d8R<\/strong><br \/>\n1 sort skinntagg<\/p>\n<p>&nbsp;<\/p>\n<p><strong>PINNER OG STRIKKEFASTHET<\/strong><br \/>\n80 cm lang rundpinne nr. 4 og 3<br \/>\n40 cm rundpinne nr. 4<br \/>\nBruker du rundpinner med utskiftbare tupper anbefaler vi a\u030a bruke en tupp nr. 4 og en tupp nr. 3 24 masker glattstrikk med en tra\u030ad av hver kvalitet pa\u030a pinne nr. 4 = 10 cm<\/p>\n<\/div>\n<\/div>\n<\/div>\n<\/div>\n","protected":false},"excerpt":{"rendered":"<div class=\"page\" title=\"Page 4\">\n<div class=\"section\">\n<div class=\"layoutArea\">\n<div class=\"column\">\n<p>Hals a\u2019la LazyDays hadde jeg sett for meg skulle bli akkurat slik som dette i lang tid, lenge f\u00f8r garnet va\u030art kom. Denne halsen er god og varm, den sitter godt samtidig som den klassiske fargekombinasjonen l\u00f8fter et hvert antrekk et par hakk. Oppskriften finner du b\u00e5de som singeloppskrift og i heftet \u00abLazy Days\u00bb.<\/p>\n<p>&nbsp;<\/p>\n<p>&nbsp;<\/p>\n<p><strong>Norsk og Engelsk oppskrift.<\/strong> Du f\u00e5r tilgang til alle spr\u00e5k som pdf fil ved kj\u00f8p.<\/p>\n<\/div>\n<\/div>\n<\/div>\n<\/div>\n","protected":false},"featured_media":68250,"template":"","meta":{"_acf_changed":false,"_relevanssi_hide_post":"","_relevanssi_hide_content":"","_relevanssi_pin_for_all":"","_relevanssi_pin_keywords":"","_relevanssi_unpin_keywords":"","_relevanssi_related_keywords":"","_relevanssi_related_include_ids":"","_relevanssi_related_exclude_ids":"","_relevanssi_related_no_append":"","_relevanssi_related_not_related":"","_relevanssi_related_posts":"","_relevanssi_noindex_reason":""},"product_brand":[],"product_cat":[81,60],"product_tag":[83,37,28,84],"class_list":{"0":"post-68241","1":"product","2":"type-product","3":"status-publish","4":"has-post-thumbnail","6":"product_cat-skjerf-sjal-hals","7":"product_cat-strikkeoppskrifter","8":"product_tag-hals","9":"product_tag-lett","10":"product_tag-lunt-fargespill","11":"product_tag-tilbehor","13":"first","14":"instock","15":"downloadable","16":"taxable","17":"shipping-taxable","18":"purchasable","19":"product-type-mht_bundle"},"acf":[],"_links":{"self":[{"href":"https:\/\/martehelgetun.no\/en\/wp-json\/wp\/v2\/product\/68241","targetHints":{"allow":["GET"]}}],"collection":[{"href":"https:\/\/martehelgetun.no\/en\/wp-json\/wp\/v2\/product"}],"about":[{"href":"https:\/\/martehelgetun.no\/en\/wp-json\/wp\/v2\/types\/product"}],"wp:featuredmedia":[{"embeddable":true,"href":"https:\/\/martehelgetun.no\/en\/wp-json\/wp\/v2\/media\/68250"}],"wp:attachment":[{"href":"https:\/\/martehelgetun.no\/en\/wp-json\/wp\/v2\/media?parent=68241"}],"wp:term":[{"taxonomy":"product_brand","embeddable":true,"href":"https:\/\/martehelgetun.no\/en\/wp-json\/wp\/v2\/product_brand?post=68241"},{"taxonomy":"product_cat","embeddable":true,"href":"https:\/\/martehelgetun.no\/en\/wp-json\/wp\/v2\/product_cat?post=68241"},{"taxonomy":"product_tag","embeddable":true,"href":"https:\/\/martehelgetun.no\/en\/wp-json\/wp\/v2\/product_tag?post=68241"}],"curies":[{"name":"wp","href":"https:\/\/api.w.org\/{rel}","templated":true}]}}