{"id":68136,"date":"2023-11-18T14:27:50","date_gmt":"2023-11-18T14:27:50","guid":{"rendered":"http:\/\/martehelgetun.no\/?post_type=product&#038;p=68136"},"modified":"2025-06-10T13:24:29","modified_gmt":"2025-06-10T11:24:29","slug":"lun-genser","status":"publish","type":"product","link":"https:\/\/martehelgetun.no\/en\/produkt\/lun-genser\/","title":{"rendered":"Lun genser &#8211; ensfarget"},"content":{"rendered":"<h3><\/h3>\n<h3><\/h3>\n<h3>ST\u00d8RRELSER OG M\u00c5L<\/h3>\n<p>St\u00f8rrelser: XXS (XS\/S) M\/L (XL\/XXL)<br \/>\nOvervidde: 92 (110) 129 (148) cm (Husk at genseren er skikkelig stor og god)<br \/>\nHel lengde: 62 (66) 70 (74) cm<br \/>\nErmelengde: 40 (40) 42 (42) cm<\/p>\n<p>&nbsp;<\/p>\n<h3>GARN OG GARNFORBRUK<\/h3>\n<p>Luftig + Lett by Marte Helgetun<br \/>\n4 (5) 5 (6) n\u00f8ster Luftig nr. 03 Sand<br \/>\n4 (5) 5 (6) n\u00f8ster Lett nr. 17 Sand<\/p>\n<p>&nbsp;<\/p>\n<h3>PINNER OG STRIKKEFASTHET<\/h3>\n<p>80 og 40 cm rundpinne nr. 6 og 5. Settpinner nr. 5 Ha gjerne en ekstra pinne eller vaier, slik at det blir lettere for deg \u00e5 strikke for- og bakstykkene. 17 masker glattstrikk med en tr\u00e5d av hver kvalitet p\u00e5 pinne nr. 6 = 10 cm i bredden<\/p>\n<p><em>(Dette er samme oppskrift som Lun genser i tre farger.)<\/em><\/p>\n","protected":false},"excerpt":{"rendered":"<p>En lun, lett og lekker genser som er skikkelig oversized og god. Genseren er strikket fra halsen og ned med en tr\u00e5d Luftig og en tr\u00e5d Lett og du starter med noen f\u00e5 masker bak i nakken. Jeg har p\u00e5 meg genseren strikket i st\u00f8rrelse (M\/L) her p\u00e5 bildene, og pleier \u00e5 bruke medium til vanlig.<\/p>\n<p>&nbsp;<\/p>\n<p>&nbsp;<\/p>\n<p><strong>Norsk og Engelsk oppskrift.<\/strong> Du f\u00e5r tilgang til alle spr\u00e5k som pdf fil ved kj\u00f8p.<\/p>\n","protected":false},"featured_media":124,"template":"","meta":{"_acf_changed":false,"_relevanssi_hide_post":"","_relevanssi_hide_content":"","_relevanssi_pin_for_all":"","_relevanssi_pin_keywords":"","_relevanssi_unpin_keywords":"","_relevanssi_related_keywords":"","_relevanssi_related_include_ids":"","_relevanssi_related_exclude_ids":"","_relevanssi_related_no_append":"","_relevanssi_related_not_related":"","_relevanssi_related_posts":"","_relevanssi_noindex_reason":""},"product_cat":[60,76],"product_tag":[77,79,78],"class_list":{"0":"post-68136","1":"product","2":"type-product","3":"status-publish","4":"has-post-thumbnail","6":"product_cat-strikkeoppskrifter","7":"product_cat-genser","8":"product_tag-genser","9":"product_tag-storgenser","10":"product_tag-top-down","12":"first","13":"instock","14":"downloadable","15":"taxable","16":"shipping-taxable","17":"purchasable","18":"product-type-mht_bundle"},"acf":[],"_links":{"self":[{"href":"https:\/\/martehelgetun.no\/en\/wp-json\/wp\/v2\/product\/68136","targetHints":{"allow":["GET"]}}],"collection":[{"href":"https:\/\/martehelgetun.no\/en\/wp-json\/wp\/v2\/product"}],"about":[{"href":"https:\/\/martehelgetun.no\/en\/wp-json\/wp\/v2\/types\/product"}],"wp:featuredmedia":[{"embeddable":true,"href":"https:\/\/martehelgetun.no\/en\/wp-json\/wp\/v2\/media\/124"}],"wp:attachment":[{"href":"https:\/\/martehelgetun.no\/en\/wp-json\/wp\/v2\/media?parent=68136"}],"wp:term":[{"taxonomy":"product_cat","embeddable":true,"href":"https:\/\/martehelgetun.no\/en\/wp-json\/wp\/v2\/product_cat?post=68136"},{"taxonomy":"product_tag","embeddable":true,"href":"https:\/\/martehelgetun.no\/en\/wp-json\/wp\/v2\/product_tag?post=68136"}],"curies":[{"name":"wp","href":"https:\/\/api.w.org\/{rel}","templated":true}]}}