{"id":67951,"date":"2023-11-02T15:40:05","date_gmt":"2023-11-02T15:40:05","guid":{"rendered":"http:\/\/martehelgetun.no\/?post_type=product&#038;p=67951"},"modified":"2025-04-25T11:37:19","modified_gmt":"2025-04-25T09:37:19","slug":"lett-12-nype","status":"publish","type":"product","link":"https:\/\/martehelgetun.no\/en\/produkt\/lett-12-nype\/","title":{"rendered":"Lett 12 Nype"},"content":{"rendered":"<div id=\"EditorContentContainer\" class=\"EditorContentContainer \">\n<p>INNHOLD 70% Mohair 30 % Silke<br \/>\nL\u00d8PELENGDE Ett n\u00f8ste veier 25 g, og er ca 210 m.<br \/>\nVASK &amp; STELL Dette garnet vasker du helst for h\u00e5nd.<\/p>\n<p>Garnet er produsert i Italia.<\/p>\n<p>V\u00e6r oppmerksom p\u00e5 at ulike skjermer og telefoner vil gjengi fargene p\u00e5 n\u00f8stene ulikt.<\/p>\n<\/div>\n","protected":false},"excerpt":{"rendered":"<p>Et garn fra Marte Helgetun. Fargene er laget slik at de skal passe sammen med garnet Luftig, Lunt og Lunt Fargespill.\u00a0Slik vil hele by Marte Helgetun serien kunne \u00a0kombineres og mixes og matches om hverandre.<\/p>\n","protected":false},"featured_media":67930,"template":"","meta":{"_acf_changed":false,"_relevanssi_hide_post":"","_relevanssi_hide_content":"","_relevanssi_pin_for_all":"","_relevanssi_pin_keywords":"","_relevanssi_unpin_keywords":"","_relevanssi_related_keywords":"","_relevanssi_related_include_ids":"","_relevanssi_related_exclude_ids":"","_relevanssi_related_no_append":"","_relevanssi_related_not_related":"","_relevanssi_related_posts":"","_relevanssi_noindex_reason":""},"product_cat":[15,35],"product_tag":[41,25,37,27,39,38,40],"acf":[],"_links":{"self":[{"href":"https:\/\/martehelgetun.no\/en\/wp-json\/wp\/v2\/product\/67951"}],"collection":[{"href":"https:\/\/martehelgetun.no\/en\/wp-json\/wp\/v2\/product"}],"about":[{"href":"https:\/\/martehelgetun.no\/en\/wp-json\/wp\/v2\/types\/product"}],"wp:featuredmedia":[{"embeddable":true,"href":"https:\/\/martehelgetun.no\/en\/wp-json\/wp\/v2\/media\/67930"}],"wp:attachment":[{"href":"https:\/\/martehelgetun.no\/en\/wp-json\/wp\/v2\/media?parent=67951"}],"wp:term":[{"taxonomy":"product_cat","embeddable":true,"href":"https:\/\/martehelgetun.no\/en\/wp-json\/wp\/v2\/product_cat?post=67951"},{"taxonomy":"product_tag","embeddable":true,"href":"https:\/\/martehelgetun.no\/en\/wp-json\/wp\/v2\/product_tag?post=67951"}],"curies":[{"name":"wp","href":"https:\/\/api.w.org\/{rel}","templated":true}]}}