{"id":67859,"date":"2023-11-02T15:07:14","date_gmt":"2023-11-02T15:07:14","guid":{"rendered":"http:\/\/martehelgetun.no\/?post_type=product&#038;p=67859"},"modified":"2024-03-19T21:55:16","modified_gmt":"2024-03-19T20:55:16","slug":"lunt-09-skog","status":"publish","type":"product","link":"https:\/\/martehelgetun.no\/en\/produkt\/lunt-09-skog\/","title":{"rendered":"Lunt 09 Skog"},"content":{"rendered":"<p>INNHOLD: 100% Merinoull (ikke superwash)<br \/>\nL\u00d8PELENGDE: Ett n\u00f8ste veier 50 g, og er ca 180 m.<br \/>\nSTRIKKEFASTHET: 22-24 masker p\u00e5 p 4 = 10 cm<br \/>\nVASK &amp; STELL: Dette garnet vasker du helst for h\u00e5nd.<\/p>\n<p>Garnet er produsert i Italia.<br \/>\n<em><br \/>\nV\u00e6r oppmerksom p\u00e5 at ulike skjermer og telefoner vil gjengi fargene p\u00e5 n\u00f8stene ulikt.<\/em><\/p>\n","protected":false},"excerpt":{"rendered":"<p>Et garn fra Marte Helgetun. Fargene er laget slik at de skal passe sammen med det nye garnkvalitetene Luftig, Lett og Lunt Fargespill. Slik vil hele den nye garnserien by Marte Helgetun kunne mixes og matches om hverandre.<\/p>\n","protected":false},"featured_media":67842,"template":"","meta":{"_acf_changed":false,"_relevanssi_hide_post":"","_relevanssi_hide_content":"","_relevanssi_pin_for_all":"","_relevanssi_pin_keywords":"","_relevanssi_unpin_keywords":"","_relevanssi_related_keywords":"","_relevanssi_related_include_ids":"","_relevanssi_related_exclude_ids":"","_relevanssi_related_no_append":"","_relevanssi_related_not_related":"","_relevanssi_related_posts":"","_relevanssi_noindex_reason":""},"product_cat":[15,32],"product_tag":[25,33,27],"acf":[],"_links":{"self":[{"href":"https:\/\/martehelgetun.no\/en\/wp-json\/wp\/v2\/product\/67859"}],"collection":[{"href":"https:\/\/martehelgetun.no\/en\/wp-json\/wp\/v2\/product"}],"about":[{"href":"https:\/\/martehelgetun.no\/en\/wp-json\/wp\/v2\/types\/product"}],"wp:featuredmedia":[{"embeddable":true,"href":"https:\/\/martehelgetun.no\/en\/wp-json\/wp\/v2\/media\/67842"}],"wp:attachment":[{"href":"https:\/\/martehelgetun.no\/en\/wp-json\/wp\/v2\/media?parent=67859"}],"wp:term":[{"taxonomy":"product_cat","embeddable":true,"href":"https:\/\/martehelgetun.no\/en\/wp-json\/wp\/v2\/product_cat?post=67859"},{"taxonomy":"product_tag","embeddable":true,"href":"https:\/\/martehelgetun.no\/en\/wp-json\/wp\/v2\/product_tag?post=67859"}],"curies":[{"name":"wp","href":"https:\/\/api.w.org\/{rel}","templated":true}]}}