{"id":67817,"date":"2023-11-02T10:40:01","date_gmt":"2023-11-02T10:40:01","guid":{"rendered":"http:\/\/martehelgetun.no\/?post_type=product&#038;p=67817"},"modified":"2024-11-08T14:26:11","modified_gmt":"2024-11-08T13:26:11","slug":"fargespill-11-leire-mono","status":"publish","type":"product","link":"https:\/\/martehelgetun.no\/en\/product\/fargespill-11-leire-mono\/","title":{"rendered":"Mono Lunt Fargespill 11 Leire"},"content":{"rendered":"<p>100% Merinoull (ikke superwash) Dette garnet vasker du helst for h\u00e5nd.<br \/>\nEtt n\u00f8ste veier fra 140-160 g, og er ca 540 m. Strikkefasthet 22-24 masker p\u00e5 p 4 = 10 cm<\/p>\n<p>Garnet er produsert i Italia for Marte Helgetun.<\/p>\n","protected":false},"excerpt":{"rendered":"<p>Disse n\u00f8stene p\u00e5 150 gram er samme garnkvalitet som Lunt. 1 n\u00f8ste Fargespill Mono tilsvarer 3 n\u00f8ster Lunt.<\/p>\n<p>Garnet er spunnet p\u00e5 en slik m\u00e5te at garntykkelsen varierer litt p\u00e5 n\u00f8stet og skaper et spill i struktur.<\/p>\n","protected":false},"featured_media":67820,"template":"","meta":{"_acf_changed":false,"_relevanssi_hide_post":"","_relevanssi_hide_content":"","_relevanssi_pin_for_all":"","_relevanssi_pin_keywords":"","_relevanssi_unpin_keywords":"","_relevanssi_related_keywords":"","_relevanssi_related_include_ids":"","_relevanssi_related_exclude_ids":"","_relevanssi_related_no_append":"","_relevanssi_related_not_related":"","_relevanssi_related_posts":"","_relevanssi_noindex_reason":""},"product_brand":[],"product_cat":[15,789],"product_tag":[26,25,28,27],"class_list":{"0":"post-67817","1":"product","2":"type-product","3":"status-publish","4":"has-post-thumbnail","6":"product_cat-garn","7":"product_cat-fargespill-mono","8":"product_tag-fargespill","9":"product_tag-garn","10":"product_tag-lunt-fargespill","11":"product_tag-merinoull","13":"first","14":"instock","15":"taxable","16":"shipping-taxable","17":"purchasable","18":"product-type-simple"},"acf":[],"_links":{"self":[{"href":"https:\/\/martehelgetun.no\/en\/wp-json\/wp\/v2\/product\/67817","targetHints":{"allow":["GET"]}}],"collection":[{"href":"https:\/\/martehelgetun.no\/en\/wp-json\/wp\/v2\/product"}],"about":[{"href":"https:\/\/martehelgetun.no\/en\/wp-json\/wp\/v2\/types\/product"}],"wp:featuredmedia":[{"embeddable":true,"href":"https:\/\/martehelgetun.no\/en\/wp-json\/wp\/v2\/media\/67820"}],"wp:attachment":[{"href":"https:\/\/martehelgetun.no\/en\/wp-json\/wp\/v2\/media?parent=67817"}],"wp:term":[{"taxonomy":"product_brand","embeddable":true,"href":"https:\/\/martehelgetun.no\/en\/wp-json\/wp\/v2\/product_brand?post=67817"},{"taxonomy":"product_cat","embeddable":true,"href":"https:\/\/martehelgetun.no\/en\/wp-json\/wp\/v2\/product_cat?post=67817"},{"taxonomy":"product_tag","embeddable":true,"href":"https:\/\/martehelgetun.no\/en\/wp-json\/wp\/v2\/product_tag?post=67817"}],"curies":[{"name":"wp","href":"https:\/\/api.w.org\/{rel}","templated":true}]}}