{"id":67815,"date":"2023-11-02T14:32:57","date_gmt":"2023-11-02T14:32:57","guid":{"rendered":"http:\/\/martehelgetun.no\/?post_type=product&#038;p=67815"},"modified":"2025-04-25T11:40:25","modified_gmt":"2025-04-25T09:40:25","slug":"lunt-fargespill-14-syrlige-drops","status":"publish","type":"product","link":"https:\/\/martehelgetun.no\/en\/product\/lunt-fargespill-14-syrlige-drops\/","title":{"rendered":"Lunt Fargespill 14 Syrlige drops"},"content":{"rendered":"<p>100% Merinoull (ikke superwash) Dette garnet vasker du helst for h\u00e5nd.<br \/>\nEtt n\u00f8ste veier fra 140-160 g, og er ca 540 m. Strikkefasthet 22-24 masker p\u00e5 p 4 = 10 cm<\/p>\n<p>Garnet er produsert i Italia for Marte Helgetun.<\/p>\n","protected":false},"excerpt":{"rendered":"<p>Et n\u00f8ste holder til et lite sjal, eller to til et stort.\u00a0Vi har flere fine fargegraderinger, og alle graderingene ender i en av de ensfargede n\u00f8stene i Lunt.<br \/>\nGarnet er spunnet p\u00e5 en slik m\u00e5te at garntykkelsen varierer litt p\u00e5 n\u00f8stet og skaper et spill b\u00e5de i struktur og farge.<\/p>\n","protected":false},"featured_media":67790,"template":"","meta":{"_acf_changed":false,"_relevanssi_hide_post":"","_relevanssi_hide_content":"","_relevanssi_pin_for_all":"","_relevanssi_pin_keywords":"","_relevanssi_unpin_keywords":"","_relevanssi_related_keywords":"","_relevanssi_related_include_ids":"","_relevanssi_related_exclude_ids":"","_relevanssi_related_no_append":"","_relevanssi_related_not_related":"","_relevanssi_related_posts":"","_relevanssi_noindex_reason":""},"product_brand":[],"product_cat":[15,29],"product_tag":[26,25,28,27],"class_list":{"0":"post-67815","1":"product","2":"type-product","3":"status-publish","4":"has-post-thumbnail","6":"product_cat-garn","7":"product_cat-lunt-fargespill","8":"product_tag-fargespill","9":"product_tag-garn","10":"product_tag-lunt-fargespill","11":"product_tag-merinoull","13":"first","14":"instock","15":"taxable","16":"shipping-taxable","17":"purchasable","18":"product-type-simple"},"acf":[],"_links":{"self":[{"href":"https:\/\/martehelgetun.no\/en\/wp-json\/wp\/v2\/product\/67815","targetHints":{"allow":["GET"]}}],"collection":[{"href":"https:\/\/martehelgetun.no\/en\/wp-json\/wp\/v2\/product"}],"about":[{"href":"https:\/\/martehelgetun.no\/en\/wp-json\/wp\/v2\/types\/product"}],"wp:featuredmedia":[{"embeddable":true,"href":"https:\/\/martehelgetun.no\/en\/wp-json\/wp\/v2\/media\/67790"}],"wp:attachment":[{"href":"https:\/\/martehelgetun.no\/en\/wp-json\/wp\/v2\/media?parent=67815"}],"wp:term":[{"taxonomy":"product_brand","embeddable":true,"href":"https:\/\/martehelgetun.no\/en\/wp-json\/wp\/v2\/product_brand?post=67815"},{"taxonomy":"product_cat","embeddable":true,"href":"https:\/\/martehelgetun.no\/en\/wp-json\/wp\/v2\/product_cat?post=67815"},{"taxonomy":"product_tag","embeddable":true,"href":"https:\/\/martehelgetun.no\/en\/wp-json\/wp\/v2\/product_tag?post=67815"}],"curies":[{"name":"wp","href":"https:\/\/api.w.org\/{rel}","templated":true}]}}