{"id":103433,"date":"2026-04-28T16:22:47","date_gmt":"2026-04-28T14:22:47","guid":{"rendered":"https:\/\/martehelgetun.no\/?post_type=product&#038;p=103433"},"modified":"2026-04-28T16:35:31","modified_gmt":"2026-04-28T14:35:31","slug":"meander-jakke","status":"publish","type":"product","link":"https:\/\/martehelgetun.no\/en\/product\/meander-jakke\/","title":{"rendered":"Meander Jakke"},"content":{"rendered":"<p><b>St\u00f8rrelser og m\u00e5l<br \/>\n<\/b>St\u00f8rrelser: XS-S (M-L) XL-XXL<br \/>\nOvervidde: 110 (128) 145 cm<br \/>\nHel lengde: 58 (60) 62cm<br \/>\nErmlengde: 40 (42) 44 cm<\/p>\n<p>&nbsp;<\/p>\n<p><b>Garn og garnforbruk<br \/>\n<\/b>Luftig + Lett by Marte Helgetun<br \/>\n4 (4) 5 n\u00f8ster Luftig nr. 25 Salvie<br \/>\n4 (4) 5 n\u00f8ster Lett nr. 25 Salvie<br \/>\n1 (1) 1 n\u00f8ste Luftig nr. 17 Marsipan<br \/>\n1 (1) 1 n\u00f8ste Lett nr. 10 Natur<br \/>\nJakken strikkes med en tr\u00e5d av hver kvalitet sammen<\/p>\n<p>&nbsp;<\/p>\n<p><b>Pinner og Strikkefasthet<\/b><br \/>\n80 lang rundpinne nr. 5,5 og 4,5<br \/>\n40 cm lang rundpinne 5,5 og 4,5<br \/>\n18 masker glattstrikk med 1 tr\u00e5d av hver kvalitet p\u00e5 pinne nr. 5,5 = 10 cm<\/p>\n","protected":false},"excerpt":{"rendered":"<p>En rett frem, litt boxy jakke strikket ovenfra og ned, hvor du starter med noen f\u00e5 masker<br \/>\nbak i nakken. Garnkombinasjonen Luftig + Lett gir et mykt, lett og luftig resultat, selv p\u00e5 tykke pinner. En enkel favoritt \u2013 uten noe ekstra styr.<\/p>\n<p>&nbsp;<\/p>\n<p>&nbsp;<\/p>\n<p><strong>Norsk og Engelsk oppskrift.<\/strong> Du f\u00e5r tilgang til alle spr\u00e5k som pdf fil ved kj\u00f8p.<\/p>\n","protected":false},"featured_media":103442,"template":"","meta":{"_acf_changed":false,"_relevanssi_hide_post":"","_relevanssi_hide_content":"","_relevanssi_pin_for_all":"","_relevanssi_pin_keywords":"","_relevanssi_unpin_keywords":"","_relevanssi_related_keywords":"","_relevanssi_related_include_ids":"","_relevanssi_related_exclude_ids":"","_relevanssi_related_no_append":"","_relevanssi_related_not_related":"","_relevanssi_related_posts":"","_relevanssi_noindex_reason":""},"product_brand":[],"product_cat":[60,208],"product_tag":[128,37,36,134,136,272],"class_list":{"0":"post-103433","1":"product","2":"type-product","3":"status-publish","4":"has-post-thumbnail","6":"product_cat-strikkeoppskrifter","7":"product_cat-jakke","8":"product_tag-design-by-marte-helgetun","9":"product_tag-lett","10":"product_tag-luftig","11":"product_tag-marte-helgetun","12":"product_tag-strikkeoppskrift","13":"product_tag-strikket-genser","15":"first","16":"instock","17":"downloadable","18":"taxable","19":"shipping-taxable","20":"purchasable","21":"product-type-mht_bundle"},"acf":[],"_links":{"self":[{"href":"https:\/\/martehelgetun.no\/en\/wp-json\/wp\/v2\/product\/103433","targetHints":{"allow":["GET"]}}],"collection":[{"href":"https:\/\/martehelgetun.no\/en\/wp-json\/wp\/v2\/product"}],"about":[{"href":"https:\/\/martehelgetun.no\/en\/wp-json\/wp\/v2\/types\/product"}],"wp:featuredmedia":[{"embeddable":true,"href":"https:\/\/martehelgetun.no\/en\/wp-json\/wp\/v2\/media\/103442"}],"wp:attachment":[{"href":"https:\/\/martehelgetun.no\/en\/wp-json\/wp\/v2\/media?parent=103433"}],"wp:term":[{"taxonomy":"product_brand","embeddable":true,"href":"https:\/\/martehelgetun.no\/en\/wp-json\/wp\/v2\/product_brand?post=103433"},{"taxonomy":"product_cat","embeddable":true,"href":"https:\/\/martehelgetun.no\/en\/wp-json\/wp\/v2\/product_cat?post=103433"},{"taxonomy":"product_tag","embeddable":true,"href":"https:\/\/martehelgetun.no\/en\/wp-json\/wp\/v2\/product_tag?post=103433"}],"curies":[{"name":"wp","href":"https:\/\/api.w.org\/{rel}","templated":true}]}}