{"id":103103,"date":"2026-04-15T11:31:50","date_gmt":"2026-04-15T09:31:50","guid":{"rendered":"https:\/\/martehelgetun.no\/?post_type=product&#038;p=103103"},"modified":"2026-04-15T11:35:21","modified_gmt":"2026-04-15T09:35:21","slug":"redesigned-project-19-walnut","status":"publish","type":"product","link":"https:\/\/martehelgetun.no\/en\/product\/redesigned-project-19-walnut\/","title":{"rendered":"Re:Designed Project 19 walnut"},"content":{"rendered":"<div class=\"et_pb_tab clearfix et_pb_active_content et-pb-active-slide\">\n<div class=\"et_pb_tab_content\">\n<div class=\"flex-shrink-0 flex flex-col relative items-end\">\n<div class=\"pt-0.5 juice:pt-0\">\n<div class=\"et_pb_tab clearfix et_pb_active_content et-pb-active-slide\">\n<div class=\"et_pb_tab_content\">\n<p>Si hei til den mest behagelige strikkekameraten noensinne \u2013 v\u00e5r shopperveske i mykt skinn, Project 19!<br \/>\nDenne vesken er laget av real deal og er som en klem for strikkeprosjektet ditt. Lukket med en p\u00e5litelig magnet, for \u00e5 holde garnet trygt mot skarpe tenner med glidel\u00e5s. Legg den over skulderen med de komfortable skulderh\u00e5ndtakene. P\u00e5 innsiden finner du et hemmelig oppbevaringssted med glidel\u00e5slomme og to \u00e5pne lommer, perfekt for \u00e5 gjemme bort favorittstrikkeverkt\u00f8yene dine. Men vent, det er mer! Vi har kastet inn en hendig n\u00f8kkelring, for la oss v\u00e6re ekte, hvor forsvinner alltid det m\u00e5leb\u00e5ndet til?<\/p>\n<p>PROSJEKT 19 er laget av v\u00e5r Urban-kvalitet, som er naturlig farget kuskinn. F\u00f8r overflaten er ferdig behandlet med fargestoff for \u00e5 bevare det originale m\u00f8nsteret til det r\u00e5 skinnet. Kvaliteten er definert av dens naturlige og myke utseende og f\u00f8lelse, med hver sak er unik med individuelle egenskaper. Etter at l\u00e6ret er farget, p\u00e5f\u00f8res en lett voks manuelt p\u00e5 overflaten. Du kan eventuelt p\u00e5f\u00f8re RE:DESIGNED skinnbalsam p\u00e5 etuiet ditt for \u00e5 \u00f8ke holdbarheten til l\u00e6ret og gj\u00f8re det mer motstandsdyktig mot smuss og vann.<\/p>\n<p><strong>Farge:<\/strong> Valn\u00f8tt\/gull<br \/>\n<strong>Kvalitet:<\/strong> 100% skinn<br \/>\n<strong>M\u00e5l:<\/strong> H:34 x B:39 x D:9 cm<\/p>\n<\/div>\n<\/div>\n<\/div>\n<\/div>\n<\/div>\n<\/div>\n","protected":false},"excerpt":{"rendered":"<p>Si hei til den mest behagelige strikkekameraten noensinne \u2013 v\u00e5r shopperveske i mykt skinn, Project 19! Denne vesken er laget av real deal og er som en klem for strikkeprosjektet ditt. Lukket med en p\u00e5litelig magnet, for \u00e5 holde garnet trygt mot skarpe tenner med glidel\u00e5s. Legg den over skulderen med de komfortable skulderh\u00e5ndtakene. P\u00e5 [&hellip;]<\/p>\n","protected":false},"featured_media":103108,"template":"","meta":{"_acf_changed":false,"_relevanssi_hide_post":"","_relevanssi_hide_content":"","_relevanssi_pin_for_all":"","_relevanssi_pin_keywords":"","_relevanssi_unpin_keywords":"","_relevanssi_related_keywords":"","_relevanssi_related_include_ids":"","_relevanssi_related_exclude_ids":"","_relevanssi_related_no_append":"","_relevanssi_related_not_related":"","_relevanssi_related_posts":"","_relevanssi_noindex_reason":""},"product_brand":[],"product_cat":[745,671],"product_tag":[],"class_list":{"0":"post-103103","1":"product","2":"type-product","3":"status-publish","4":"has-post-thumbnail","6":"product_cat-re-designed-project","7":"product_cat-oppbevaring","9":"first","10":"instock","11":"taxable","12":"shipping-taxable","13":"purchasable","14":"product-type-simple"},"acf":[],"_links":{"self":[{"href":"https:\/\/martehelgetun.no\/en\/wp-json\/wp\/v2\/product\/103103","targetHints":{"allow":["GET"]}}],"collection":[{"href":"https:\/\/martehelgetun.no\/en\/wp-json\/wp\/v2\/product"}],"about":[{"href":"https:\/\/martehelgetun.no\/en\/wp-json\/wp\/v2\/types\/product"}],"wp:featuredmedia":[{"embeddable":true,"href":"https:\/\/martehelgetun.no\/en\/wp-json\/wp\/v2\/media\/103108"}],"wp:attachment":[{"href":"https:\/\/martehelgetun.no\/en\/wp-json\/wp\/v2\/media?parent=103103"}],"wp:term":[{"taxonomy":"product_brand","embeddable":true,"href":"https:\/\/martehelgetun.no\/en\/wp-json\/wp\/v2\/product_brand?post=103103"},{"taxonomy":"product_cat","embeddable":true,"href":"https:\/\/martehelgetun.no\/en\/wp-json\/wp\/v2\/product_cat?post=103103"},{"taxonomy":"product_tag","embeddable":true,"href":"https:\/\/martehelgetun.no\/en\/wp-json\/wp\/v2\/product_tag?post=103103"}],"curies":[{"name":"wp","href":"https:\/\/api.w.org\/{rel}","templated":true}]}}