{"id":103069,"date":"2026-04-14T13:15:02","date_gmt":"2026-04-14T11:15:02","guid":{"rendered":"https:\/\/martehelgetun.no\/?post_type=product&#038;p=103069"},"modified":"2026-04-14T13:25:07","modified_gmt":"2026-04-14T11:25:07","slug":"lett-a-like-jakke-hagetid","status":"publish","type":"product","link":"https:\/\/martehelgetun.no\/en\/produkt\/lett-a-like-jakke-hagetid\/","title":{"rendered":"Lett \u00e5 Like Jakke &#8211; Hagetid"},"content":{"rendered":"<p><strong>ST\u00d8RRELSER OG M\u00c5L<\/strong><br \/>\nSt\u00f8rrelser: (XS) S (M) L (XL) XXL<br \/>\nOvervidde: (92) 101 (110) 118 (127) 136<br \/>\nHel lengde: (54) 56 (58) 60 (62) 64 cm m\u00e5lt fra oppleggskanten midt bak.<br \/>\nErme: ca (38) 39 (40) 41 (42) 43 cm<\/p>\n<p>&nbsp;<\/p>\n<p><strong>GARN OG GARNFORBRUK<\/strong><br \/>\nLett x 4 by Marte Helgetun<\/p>\n<p>Jakke med Striper:<span class=\"Apple-converted-space\"><br \/>\n<\/span>Farge nr 1: (2) 3 (3) 3 (4) 4 n\u00f8ster nr. 24 M\u00f8rk Mokka<br \/>\nFarge nr 2: (2) 3 (3) 3 (4) 4 n\u00f8ster nr. 13 Bj\u00f8rneb\u00e6r<br \/>\nFarge nr 3: (2) 3 (3) 3 (4) 4 n\u00f8ster nr. 17 Sand<br \/>\nFarge nr 4: (2) 3 (3) 3 (4) 4 n\u00f8ster nr. 10 Natur<br \/>\nFarge nr 5: (2) 3 (3) 3 (4) 4 n\u00f8ster nr. 18 Einer<br \/>\nFarge nr 6: (2) 3 (3) 3 (4) 4 n\u00f8ster nr. 20 T\u00e5kerosa<\/p>\n<p>Ensfarget jakke 4 like tr\u00e5der samtidig:<br \/>\nTotalt (10) 12 (12) 14 (14) 16 n\u00f8ster<br \/>\nDu trenger en del mer garn n\u00e5r du strikker striper (til festing av tr\u00e5der)<\/p>\n<p>&nbsp;<\/p>\n<p><strong>PINNER OG STRIKKEFASTHET<br \/>\n<\/strong>40 og 80 cm rundpinne nr. 7 og settpinne nr 5 til I-cord kanten<br \/>\n14 masker glattstrikk p\u00e5 pinne nr. 8 = 10 cm i bredden<\/p>\n","protected":false},"excerpt":{"rendered":"<p>Det er ingen hemmeligeht at jeg liker meg i hagen. S\u00e5 n\u00e5r jeg skulle strikke meg en hagejakke valgte jeg \u00e5 plukke ut farger etter fargepaletten jeg har i hagen min.<br \/>\nStriper og restegarn er en perfekt kombinasjon. Modellen heter Lett \u00e5 Like og den har her f\u00e5tt seg striper.<\/p>\n<p>Jeg startet med noen f\u00e5 masker bak i nakken og strikket meg nedover. Jakken har en krage som g\u00e5r litt oppover i nakken slik at den varmer litt ekstra.<\/p>\n<p>&nbsp;<\/p>\n<p><strong>Norsk \u00a0oppskrift.<\/strong><\/p>\n","protected":false},"featured_media":103080,"template":"","meta":{"_acf_changed":false,"_relevanssi_hide_post":"","_relevanssi_hide_content":"","_relevanssi_pin_for_all":"","_relevanssi_pin_keywords":"","_relevanssi_unpin_keywords":"","_relevanssi_related_keywords":"","_relevanssi_related_include_ids":"","_relevanssi_related_exclude_ids":"","_relevanssi_related_no_append":"","_relevanssi_related_not_related":"","_relevanssi_related_posts":"","_relevanssi_noindex_reason":""},"product_cat":[60,208],"product_tag":[128,211,37,281,289,134,136],"class_list":{"0":"post-103069","1":"product","2":"type-product","3":"status-publish","4":"has-post-thumbnail","6":"product_cat-strikkeoppskrifter","7":"product_cat-jakke","8":"product_tag-design-by-marte-helgetun","9":"product_tag-jakke","10":"product_tag-lett","11":"product_tag-lett-a-like","12":"product_tag-lett-a-like-jakke","13":"product_tag-marte-helgetun","14":"product_tag-strikkeoppskrift","16":"first","17":"instock","18":"downloadable","19":"taxable","20":"shipping-taxable","21":"purchasable","22":"product-type-mht_bundle"},"acf":[],"_links":{"self":[{"href":"https:\/\/martehelgetun.no\/en\/wp-json\/wp\/v2\/product\/103069","targetHints":{"allow":["GET"]}}],"collection":[{"href":"https:\/\/martehelgetun.no\/en\/wp-json\/wp\/v2\/product"}],"about":[{"href":"https:\/\/martehelgetun.no\/en\/wp-json\/wp\/v2\/types\/product"}],"wp:featuredmedia":[{"embeddable":true,"href":"https:\/\/martehelgetun.no\/en\/wp-json\/wp\/v2\/media\/103080"}],"wp:attachment":[{"href":"https:\/\/martehelgetun.no\/en\/wp-json\/wp\/v2\/media?parent=103069"}],"wp:term":[{"taxonomy":"product_cat","embeddable":true,"href":"https:\/\/martehelgetun.no\/en\/wp-json\/wp\/v2\/product_cat?post=103069"},{"taxonomy":"product_tag","embeddable":true,"href":"https:\/\/martehelgetun.no\/en\/wp-json\/wp\/v2\/product_tag?post=103069"}],"curies":[{"name":"wp","href":"https:\/\/api.w.org\/{rel}","templated":true}]}}