{"id":102951,"date":"2026-04-09T14:26:24","date_gmt":"2026-04-09T12:26:24","guid":{"rendered":"https:\/\/martehelgetun.no\/?post_type=product&#038;p=102951"},"modified":"2026-04-09T14:47:09","modified_gmt":"2026-04-09T12:47:09","slug":"luftig-perledrom","status":"publish","type":"product","link":"https:\/\/martehelgetun.no\/en\/produkt\/luftig-perledrom\/","title":{"rendered":"Luftig Perledr\u00f8m"},"content":{"rendered":"<div id=\"OuterWrapper\" class=\"product-outer-wrapper\">\n<div class=\"product\">\n<div class=\"productTxtOuter\">\n<p><b>St\u00f8rrelser og m\u00e5l<br \/>\n<\/b>St\u00f8rrelser: XS\/S (M\/L) XL\/XXL<br \/>\nOvervidde: ca 100 (120) 140 cm med overlapp foran.<br \/>\nErmelengde: 36 (38) 40 cm<\/p>\n<\/div>\n<p>&nbsp;<\/p>\n<div class=\"productTxtOuter\">\n<p><b>Garn og garnforbruk<br \/>\n<\/b>Luftig + Lett x 2 by Marte Helgetun<br \/>\n3 (4) 5 n\u00f8ster Luftig nr. 01 Kitt<br \/>\n3 (4) 5 n\u00f8ster Lett nr. 01 Kitt<br \/>\n3 (4) 5 n\u00f8ster Lett nr. 17 Sand<br \/>\nJakkken strikkes med 2 tr\u00e5der Lett og 1 tr\u00e5d Luftig sammen.<\/p>\n<\/div>\n<p>&nbsp;<\/p>\n<div class=\"productTxtOuter\">\n<p><b>Pinner og strikkefasthet<br \/>\n<\/b>80 cm rundpinne nr. 7 og 40 cm rundpinne nr. 5,5 til ermene og 4,5 til icorden p\u00e5 ermene.<br \/>\nca. 14 masker perlestrikk med 3 tr\u00e5der sammen p\u00e5 pinne nr. 7 = 10 cm.<\/p>\n<\/div>\n<\/div>\n<\/div>\n","protected":false},"excerpt":{"rendered":"<p>Det som en gang var et langt skjerf med ermer, fikk nytt liv. Da jeg inns\u00e5 at det aldri ble brukt, bestemte jeg meg for \u00e5 tenke nytt. Resultatet ble en jakke jeg stadig vender tilbake til.<br \/>\nEn ekte go-to favoritt.\u00a0Strikket med \u00e9n tr\u00e5d Luftig og to tr\u00e5der Lett, f\u00f8les den som en varm omfavnelse av ren luksus. Du starter med et langt skjerf som du forvandler til en jakke.<\/p>\n<p>&nbsp;<\/p>\n<p>&nbsp;<\/p>\n<p><strong>Norsk og Engelsk oppskrift.<\/strong> Du f\u00e5r tilgang til alle spr\u00e5k som pdf fil ved kj\u00f8p.<\/p>\n<hr \/>\n<p data-start=\"111\" data-end=\"312\">What was once a long scarf with sleeves has been given new life. When I realised it was never being used, I decided to rethink it. The result is a jacket I keep coming back to \u2014 a true go-to favourite.<br \/>\nKnitted with one strand of <em data-start=\"341\" data-end=\"349\">Luftig<\/em> and two strands of <em data-start=\"369\" data-end=\"375\">Lett<\/em>, it feels like a warm embrace of pure luxury. You begin with a long scarf, which is then transformed into a jacket.<\/p>\n<p data-start=\"495\" data-end=\"620\"><strong>This pattern is available in both Norwegian and English.<\/strong> You will receive access to all languages as PDF files upon purchase.<\/p>\n","protected":false},"featured_media":102970,"template":"","meta":{"_acf_changed":false,"_relevanssi_hide_post":"","_relevanssi_hide_content":"","_relevanssi_pin_for_all":"","_relevanssi_pin_keywords":"","_relevanssi_unpin_keywords":"","_relevanssi_related_keywords":"","_relevanssi_related_include_ids":"","_relevanssi_related_exclude_ids":"","_relevanssi_related_no_append":"","_relevanssi_related_not_related":"","_relevanssi_related_posts":"","_relevanssi_noindex_reason":""},"product_cat":[60,76],"product_tag":[128,577,77,377,37,36,207,134,576,136],"class_list":{"0":"post-102951","1":"product","2":"type-product","3":"status-publish","4":"has-post-thumbnail","6":"product_cat-strikkeoppskrifter","7":"product_cat-genser","8":"product_tag-design-by-marte-helgetun","9":"product_tag-fargespillgenser","10":"product_tag-genser","11":"product_tag-genser-i-luftig-og-lett","12":"product_tag-lett","13":"product_tag-luftig","14":"product_tag-luftig-perlegenser","15":"product_tag-marte-helgetun","16":"product_tag-perlegenser","17":"product_tag-strikkeoppskrift","19":"first","20":"instock","21":"downloadable","22":"taxable","23":"shipping-taxable","24":"purchasable","25":"product-type-mht_bundle"},"acf":[],"_links":{"self":[{"href":"https:\/\/martehelgetun.no\/en\/wp-json\/wp\/v2\/product\/102951","targetHints":{"allow":["GET"]}}],"collection":[{"href":"https:\/\/martehelgetun.no\/en\/wp-json\/wp\/v2\/product"}],"about":[{"href":"https:\/\/martehelgetun.no\/en\/wp-json\/wp\/v2\/types\/product"}],"wp:featuredmedia":[{"embeddable":true,"href":"https:\/\/martehelgetun.no\/en\/wp-json\/wp\/v2\/media\/102970"}],"wp:attachment":[{"href":"https:\/\/martehelgetun.no\/en\/wp-json\/wp\/v2\/media?parent=102951"}],"wp:term":[{"taxonomy":"product_cat","embeddable":true,"href":"https:\/\/martehelgetun.no\/en\/wp-json\/wp\/v2\/product_cat?post=102951"},{"taxonomy":"product_tag","embeddable":true,"href":"https:\/\/martehelgetun.no\/en\/wp-json\/wp\/v2\/product_tag?post=102951"}],"curies":[{"name":"wp","href":"https:\/\/api.w.org\/{rel}","templated":true}]}}