{"id":102231,"date":"2026-03-13T13:23:21","date_gmt":"2026-03-13T12:23:21","guid":{"rendered":"https:\/\/martehelgetun.no\/?post_type=product&#038;p=102231"},"modified":"2026-03-13T13:26:44","modified_gmt":"2026-03-13T12:26:44","slug":"summer-vibes-long","status":"publish","type":"product","link":"https:\/\/martehelgetun.no\/en\/product\/summer-vibes-long\/","title":{"rendered":"Summer Vibes Long"},"content":{"rendered":"<div id=\"OuterWrapper\" class=\"product-outer-wrapper\">\n<div class=\"product\">\n<div class=\"productTxtOuter\">ST\u00d8RRELSER OG M\u00c5L<br \/>\nSt\u00f8rrelser: (XS) S (M) L (XL) XXL<br \/>\nOvervidde: (78) 90 (102) 114 (126) 138 cm<br \/>\nHel lengde: ca (74) 76 (78) 80 (82) 84 cm<\/div>\n<div><\/div>\n<div><\/div>\n<div class=\"productTxtOuter\">GARN OG GARNFORBRUK<br \/>\nLuftig + Lett by Marte Helgetun<br \/>\n(4) 4 (4) 5 (5) 6 n\u00f8ster Luftig nr. 16 Svart<br \/>\n(4) 4 (4) 5 (5) 6 n\u00f8ster Lett nr. 06 Skifer<i><br \/>\n<\/i>Hele toppen strikkes med en tr\u00e5d Luftig og en tr\u00e5d Lett sammen.<\/div>\n<div><\/div>\n<div><\/div>\n<div class=\"productTxtOuter\">PINNER OG STRIKKEFASTHET<br \/>\n80 cm rundpinne nr. 5,5 og 4,5 og 40 cm 4,5<br \/>\nHa gjerne en ekstra pinne eller vaier, slik at det blir lettere for deg \u00e5 strikke for- og bakstykkene.<\/div>\n<div class=\"productTxtOuter\">20 masker strukturstrikk med en tr\u00e5d av hver kvalitet p\u00e5 pinne nr. 5,5 = 10 cm i bredden<\/div>\n<\/div>\n<\/div>\n","protected":false},"excerpt":{"rendered":"<p>En lett og luftig kjole med ekte sommerf\u00f8lelse. Summer Vibes er perfekt til varme dager og\u00a0lyse kvelder, og passer like fint til bukser som bare ben.<\/p>\n<p>Kjolen strikkes med \u00e9n tr\u00e5d Luftig og \u00e9n tr\u00e5d Lett, som gir et mykt og behagelig plagg med\u00a0akkurat passe varme. Den strikkes ovenfra og ned, og du starter med noen f\u00e5 masker bak\u00a0i nakken f\u00f8r arbeidet formes videre.<\/p>\n<p>&nbsp;<\/p>\n<p><strong>Norsk oppskrift.<\/strong><\/p>\n","protected":false},"featured_media":102197,"template":"","meta":{"_acf_changed":false,"_relevanssi_hide_post":"","_relevanssi_hide_content":"","_relevanssi_pin_for_all":"","_relevanssi_pin_keywords":"","_relevanssi_unpin_keywords":"","_relevanssi_related_keywords":"","_relevanssi_related_include_ids":"","_relevanssi_related_exclude_ids":"","_relevanssi_related_no_append":"","_relevanssi_related_not_related":"","_relevanssi_related_posts":"","_relevanssi_noindex_reason":""},"product_brand":[],"product_cat":[734,60,279],"product_tag":[128,577,77,377,37,36,207,134,576,136],"class_list":{"0":"post-102231","1":"product","2":"type-product","3":"status-publish","4":"has-post-thumbnail","6":"product_cat-sommerstrikk","7":"product_cat-strikkeoppskrifter","8":"product_cat-topp","9":"product_tag-design-by-marte-helgetun","10":"product_tag-fargespillgenser","11":"product_tag-genser","12":"product_tag-genser-i-luftig-og-lett","13":"product_tag-lett","14":"product_tag-luftig","15":"product_tag-luftig-perlegenser","16":"product_tag-marte-helgetun","17":"product_tag-perlegenser","18":"product_tag-strikkeoppskrift","20":"first","21":"instock","22":"downloadable","23":"taxable","24":"shipping-taxable","25":"purchasable","26":"product-type-mht_bundle"},"acf":[],"_links":{"self":[{"href":"https:\/\/martehelgetun.no\/en\/wp-json\/wp\/v2\/product\/102231","targetHints":{"allow":["GET"]}}],"collection":[{"href":"https:\/\/martehelgetun.no\/en\/wp-json\/wp\/v2\/product"}],"about":[{"href":"https:\/\/martehelgetun.no\/en\/wp-json\/wp\/v2\/types\/product"}],"wp:featuredmedia":[{"embeddable":true,"href":"https:\/\/martehelgetun.no\/en\/wp-json\/wp\/v2\/media\/102197"}],"wp:attachment":[{"href":"https:\/\/martehelgetun.no\/en\/wp-json\/wp\/v2\/media?parent=102231"}],"wp:term":[{"taxonomy":"product_brand","embeddable":true,"href":"https:\/\/martehelgetun.no\/en\/wp-json\/wp\/v2\/product_brand?post=102231"},{"taxonomy":"product_cat","embeddable":true,"href":"https:\/\/martehelgetun.no\/en\/wp-json\/wp\/v2\/product_cat?post=102231"},{"taxonomy":"product_tag","embeddable":true,"href":"https:\/\/martehelgetun.no\/en\/wp-json\/wp\/v2\/product_tag?post=102231"}],"curies":[{"name":"wp","href":"https:\/\/api.w.org\/{rel}","templated":true}]}}